{"id":1625,"date":"2025-07-30T11:31:57","date_gmt":"2025-07-30T10:31:57","guid":{"rendered":"https:\/\/ibbss.com\/nuestros-tutores\/nuestros-tutores-tom-hutchinson\/"},"modified":"2025-11-19T17:47:14","modified_gmt":"2025-11-19T17:47:14","slug":"nuestros-tutores-tom-hutchinson","status":"publish","type":"page","link":"https:\/\/ibbss.com\/es\/nuestros-tutores\/nuestros-tutores-tom-hutchinson\/","title":{"rendered":"Nuestros tutores &#8211; Tom Hutchinson"},"content":{"rendered":"\n<div class=\"gb-element-a4058368\">\n<div class=\"gb-element-ac7a1dbc\">\n<div>\n<img loading=\"lazy\" decoding=\"async\" width=\"576\" height=\"1024\" class=\"gb-media-fe8716a9\" alt=\"\" src=\"http:\/\/www.ibbss.com\/wp-content\/uploads\/2025\/07\/Tom-Hutchinson.jpeg\" title=\"Tom Hutchinson\" srcset=\"https:\/\/ibbss.com\/wp-content\/uploads\/2025\/07\/Tom-Hutchinson.jpeg 576w, https:\/\/ibbss.com\/wp-content\/uploads\/2025\/07\/Tom-Hutchinson-338x600.jpeg 338w\" sizes=\"auto, (max-width: 576px) 100vw, 576px\" \/>\n<\/div>\n\n\n\n<div>\n<p class=\"gb-text\"><strong>Tom Hutchinson<\/strong> es reconocido como uno de los principales cornetistas del mundo. Comenz\u00f3 a tocar a los nueve a\u00f1os con su banda local, <g id=\"gid_1\">Stannington<\/g>, y a los quince ya dirig\u00eda la <g id=\"gid_2\">Rothwell Temperance Band<\/g>. Antiguo solista y director de la <strong>National Youth Brass Band of Great Britain<\/strong>, Tom fue invitado por el Dr. Nicholas Childs a unirse a la <strong>Black Dyke Band<\/strong>, donde toc\u00f3 durante cuatro a\u00f1os y contribuy\u00f3 a importantes victorias en concursos por todo el Reino Unido y Europa.   <\/p>\n\n\n\n<p class=\"gb-text\">Tras graduarse en el <strong>Royal Northern College of Music<\/strong> en 2009, Tom fue nombrado <strong>Cornetista Principal de la Cory Band<\/strong>. Bajo su liderazgo, Cory ha disfrutado de una era de extraordinario \u00e9xito, incluyendo m\u00faltiples t\u00edtulos en el British Open, el Europeo, el Brass in Concert y el Campeonato Nacional. Ha sido nombrado dos veces M\u00fasico del A\u00f1o de la banda y fue fundamental para el hist\u00f3rico <strong>Grand Slam<\/strong> de Cory y su reinado de una d\u00e9cada como la banda de m\u00fasica n\u00famero 1 del mundo.  &nbsp;<\/p>\n\n\n\n<p class=\"gb-text\">Adem\u00e1s de su carrera como int\u00e9rprete, Tom es un apasionado educador. Es <g id=\"gid_0\">Profesor de Cornet en el Royal Welsh College of Music and Drama<\/g>, y tutor de la <g id=\"gid_1\">National Youth Brass Band of Wales<\/g> y de la <g id=\"gid_2\">National Children\u2019s Brass Band of Great Britain<\/g>. Como <g id=\"gid_3\">Artista de Besson<\/g>, representa al <g id=\"gid_4\">Buffet Crampon Group<\/g> internacionalmente y ha actuado como solista en <g id=\"gid_5\">Australia, Nueva Zelanda, Jap\u00f3n, Canad\u00e1<\/g> y <g id=\"gid_6\">EE. UU.<\/g>. Su \u00e1lbum debut en solitario, <em>In Principal<\/em>, ha recibido elogios generalizados.   &nbsp;<\/p>\n<\/div>\n<\/div>\n<\/div>\n","protected":false},"excerpt":{"rendered":"<p>Tom Hutchinson es reconocido como uno de los principales cornetistas del mundo. Comenz\u00f3 a tocar a los nueve a\u00f1os con su banda local, Stannington, y a los quince ya dirig\u00eda la Rothwell Temperance Band. Antiguo solista y director de la National Youth Brass Band of Great Britain, Tom fue invitado por el Dr. Nicholas Childs &#8230; <a title=\"Nuestros tutores &#8211; Tom Hutchinson\" class=\"read-more\" href=\"https:\/\/ibbss.com\/es\/nuestros-tutores\/nuestros-tutores-tom-hutchinson\/\" aria-label=\"Leer m\u00e1s sobre Nuestros tutores &#8211; Tom Hutchinson\">Leer m\u00e1s<\/a><\/p>\n","protected":false},"author":5,"featured_media":0,"parent":1307,"menu_order":0,"comment_status":"closed","ping_status":"closed","template":"","meta":{"_acf_changed":false,"footnotes":""},"class_list":["post-1625","page","type-page","status-publish"],"acf":[],"_links":{"self":[{"href":"https:\/\/ibbss.com\/es\/wp-json\/wp\/v2\/pages\/1625","targetHints":{"allow":["GET"]}}],"collection":[{"href":"https:\/\/ibbss.com\/es\/wp-json\/wp\/v2\/pages"}],"about":[{"href":"https:\/\/ibbss.com\/es\/wp-json\/wp\/v2\/types\/page"}],"author":[{"embeddable":true,"href":"https:\/\/ibbss.com\/es\/wp-json\/wp\/v2\/users\/5"}],"replies":[{"embeddable":true,"href":"https:\/\/ibbss.com\/es\/wp-json\/wp\/v2\/comments?post=1625"}],"version-history":[{"count":2,"href":"https:\/\/ibbss.com\/es\/wp-json\/wp\/v2\/pages\/1625\/revisions"}],"predecessor-version":[{"id":1959,"href":"https:\/\/ibbss.com\/es\/wp-json\/wp\/v2\/pages\/1625\/revisions\/1959"}],"up":[{"embeddable":true,"href":"https:\/\/ibbss.com\/es\/wp-json\/wp\/v2\/pages\/1307"}],"wp:attachment":[{"href":"https:\/\/ibbss.com\/es\/wp-json\/wp\/v2\/media?parent=1625"}],"curies":[{"name":"wp","href":"https:\/\/api.w.org\/{rel}","templated":true}]}}