{"id":1577,"date":"2025-07-30T11:37:29","date_gmt":"2025-07-30T10:37:29","guid":{"rendered":"https:\/\/ibbss.com\/nuestros-tutores\/nuestros-tutores-dr-l-brett-baker\/"},"modified":"2025-11-19T17:47:21","modified_gmt":"2025-11-19T17:47:21","slug":"nuestros-tutores-dr-l-brett-baker","status":"publish","type":"page","link":"https:\/\/ibbss.com\/es\/nuestros-tutores\/nuestros-tutores-dr-l-brett-baker\/","title":{"rendered":"Nuestros tutores: Dr. L Brett Baker"},"content":{"rendered":"\n<div class=\"gb-element-a4058368\">\n<div class=\"gb-element-ac7a1dbc\">\n<div>\n<img loading=\"lazy\" decoding=\"async\" width=\"399\" height=\"600\" class=\"gb-media-fe8716a9\" alt=\"\" src=\"http:\/\/www.ibbss.com\/wp-content\/uploads\/2025\/07\/Brett-Baker.jpg\" title=\"Brett Baker\">\n<\/div>\n\n\n\n<div>\n<blockquote class=\"wp-block-quote is-layout-flow wp-block-quote-is-layout-flow\">\n<p><strong>Dr. L. Brett Baker \u2013 Profesor de tromb\u00f3n y director<\/strong><\/p>\n\n\n\n<p>El Dr. L. Brett Baker es reconocido internacionalmente como uno de los principales solistas de tromb\u00f3n de su generaci\u00f3n. Reconocido por su interpretaci\u00f3n expresiva, su t\u00e9cnica impecable y su esp\u00edritu pionero, Brett se ha labrado una reputaci\u00f3n mundial a trav\u00e9s de una notable obra en solitario que abarca grabaciones, actuaciones en directo y divulgaci\u00f3n educativa. <\/p>\n\n\n\n<p>Como apasionado defensor de la nueva m\u00fasica, Brett ha encargado m\u00e1s de <strong>100 obras en solitario<\/strong> para el tromb\u00f3n, trabajando con muchos de los principales compositores de nuestro tiempo. Es uno de los <g id=\"gid_1\">solistas de metal m\u00e1s grabados<\/g> del mundo, habiendo publicado m\u00e1s de <g id=\"gid_2\">40 \u00e1lbumes en solitario<\/g>, incluyendo ocho bajo su propio sello, <g id=\"gid_3\">White River Evocations<\/g>. Ha participado como solista invitado en otras 40 grabaciones en los principales sellos de bandas de m\u00fasica y m\u00fasica cl\u00e1sica.  <\/p>\n\n\n\n<p>La carrera en solitario de Brett le ha llevado por todo el Reino Unido, Europa, Estados Unidos, Australia, Sudam\u00e9rica y Asia, actuando en los principales escenarios y festivales, como el <strong>Festival Internacional de Tromb\u00f3n<\/strong>, <strong>Trombonanza<\/strong> y el <strong>American Trombone Workshop<\/strong>. Su agenda de conciertos le lleva a realizar hasta <strong>50 apariciones en solitario al a\u00f1o<\/strong>, donde tambi\u00e9n imparte clases magistrales y talleres sobre t\u00e9cnica en solitario y arte de la interpretaci\u00f3n. <\/p>\n\n\n\n<p>Anteriormente tromb\u00f3n principal de la legendaria <strong>Black Dyke Band<\/strong> durante 24 a\u00f1os, Brett ocupa ahora el puesto de tromb\u00f3n solista en la <strong>Cory Band<\/strong>, la banda de m\u00fasica n\u00famero uno del Reino Unido. Su arte le ha valido galardones como el t\u00edtulo de <strong>Campeonato Brit\u00e1nico de Solistas Open<\/strong> (tres veces) y el <strong>Premio del Presidente de la Asociaci\u00f3n Internacional de Tromb\u00f3n<\/strong> en 2020. <\/p>\n\n\n\n<p>M\u00e1s all\u00e1 de la interpretaci\u00f3n, Brett es <strong>Director de Ventas y Enlace Art\u00edstico Global de Denis Wick &amp; Alliance Products<\/strong>, y es <strong>artista de Michael Rath Brass Instruments<\/strong> desde hace mucho tiempo, con quien codesarroll\u00f3 su propia boquilla de firma. Como respetado educador y director, Brett tambi\u00e9n es Presidente de la <strong>Asociaci\u00f3n de \u00c1rbitros de Bandas de M\u00fasica<\/strong> y sigue influyendo en el futuro del metal a trav\u00e9s de su ense\u00f1anza y tutor\u00eda. <\/p>\n<\/blockquote>\n\n\n\n<p class=\"gb-text\">Desde que se uni\u00f3 a <strong>Black Dyke<\/strong> en el a\u00f1o 2000 bajo la direcci\u00f3n del Dr. Nicholas Childs, Brett ha desempe\u00f1ado un papel fundamental en m\u00faltiples victorias de campeonatos importantes y giras internacionales, apareciendo en m\u00e1s de una docena de grabaciones de la banda. Tambi\u00e9n ha sido solista invitado y cl\u00ednico en <strong>Norteam\u00e9rica y Sudam\u00e9rica, Europa, Australasia<\/strong> y el <strong>Reino Unido<\/strong>, ofreciendo recitales y clases magistrales en los principales conservatorios y festivales. &nbsp;<\/p>\n\n\n\n<p class=\"gb-text\">Como educador apasionado, Brett ense\u00f1a en la <strong>National Children\u2019s Brass Band of Great Britain<\/strong> y tiene funciones de larga duraci\u00f3n en iniciativas juveniles de m\u00fasica de metal en el Reino Unido y en el extranjero. Ex <strong>presidente de la British Trombone Society<\/strong>, est\u00e1 comprometido con la expansi\u00f3n del repertorio solista del tromb\u00f3n y ha encargado m\u00e1s de 30 obras nuevas a compositores como <strong>Philip Wilby<\/strong>, <strong>Philip Harper<\/strong> y <strong>Martin Ellerby<\/strong>. &nbsp;<\/p>\n\n\n\n<p class=\"gb-text\">Brett vive en <strong>Cheshire<\/strong> con su esposa Sarah y es cada vez m\u00e1s activo como director y juez, y contin\u00faa dando forma al futuro del mundo de las bandas de m\u00fasica de metal a trav\u00e9s de la interpretaci\u00f3n, la educaci\u00f3n y la promoci\u00f3n.&nbsp;<\/p>\n<\/div>\n<\/div>\n<\/div>\n","protected":false},"excerpt":{"rendered":"<p>Dr. L. Brett Baker \u2013 Profesor de tromb\u00f3n y director El Dr. L. Brett Baker es reconocido internacionalmente como uno de los principales solistas de tromb\u00f3n de su generaci\u00f3n. Reconocido por su interpretaci\u00f3n expresiva, su t\u00e9cnica impecable y su esp\u00edritu pionero, Brett se ha labrado una reputaci\u00f3n mundial a trav\u00e9s de una notable obra en &#8230; <a title=\"Nuestros tutores: Dr. L Brett Baker\" class=\"read-more\" href=\"https:\/\/ibbss.com\/es\/nuestros-tutores\/nuestros-tutores-dr-l-brett-baker\/\" aria-label=\"Leer m\u00e1s sobre Nuestros tutores: Dr. L Brett Baker\">Leer m\u00e1s<\/a><\/p>\n","protected":false},"author":5,"featured_media":0,"parent":1307,"menu_order":0,"comment_status":"closed","ping_status":"closed","template":"","meta":{"_acf_changed":false,"footnotes":""},"class_list":["post-1577","page","type-page","status-publish"],"acf":[],"_links":{"self":[{"href":"https:\/\/ibbss.com\/es\/wp-json\/wp\/v2\/pages\/1577","targetHints":{"allow":["GET"]}}],"collection":[{"href":"https:\/\/ibbss.com\/es\/wp-json\/wp\/v2\/pages"}],"about":[{"href":"https:\/\/ibbss.com\/es\/wp-json\/wp\/v2\/types\/page"}],"author":[{"embeddable":true,"href":"https:\/\/ibbss.com\/es\/wp-json\/wp\/v2\/users\/5"}],"replies":[{"embeddable":true,"href":"https:\/\/ibbss.com\/es\/wp-json\/wp\/v2\/comments?post=1577"}],"version-history":[{"count":2,"href":"https:\/\/ibbss.com\/es\/wp-json\/wp\/v2\/pages\/1577\/revisions"}],"predecessor-version":[{"id":1962,"href":"https:\/\/ibbss.com\/es\/wp-json\/wp\/v2\/pages\/1577\/revisions\/1962"}],"up":[{"embeddable":true,"href":"https:\/\/ibbss.com\/es\/wp-json\/wp\/v2\/pages\/1307"}],"wp:attachment":[{"href":"https:\/\/ibbss.com\/es\/wp-json\/wp\/v2\/media?parent=1577"}],"curies":[{"name":"wp","href":"https:\/\/api.w.org\/{rel}","templated":true}]}}