{"id":1558,"date":"2025-07-30T11:52:26","date_gmt":"2025-07-30T10:52:26","guid":{"rendered":"https:\/\/ibbss.com\/nuestros-tutores\/nuestros-tutores-matthew-routley\/"},"modified":"2025-11-19T17:46:28","modified_gmt":"2025-11-19T17:46:28","slug":"nuestros-tutores-matthew-routley","status":"publish","type":"page","link":"https:\/\/ibbss.com\/es\/nuestros-tutores\/nuestros-tutores-matthew-routley\/","title":{"rendered":"Nuestros tutores: Matthew Routley"},"content":{"rendered":"\n<div class=\"gb-element-a4058368\">\n<div class=\"gb-element-ac7a1dbc\">\n<div>\n<img loading=\"lazy\" decoding=\"async\" width=\"600\" height=\"600\" class=\"gb-media-fe8716a9\" alt=\"\" src=\"http:\/\/www.ibbss.com\/wp-content\/uploads\/2025\/07\/Matthew-Routely.jpg\" title=\"Matthew Routley\" srcset=\"https:\/\/ibbss.com\/wp-content\/uploads\/2025\/07\/Matthew-Routely.jpg 600w, https:\/\/ibbss.com\/wp-content\/uploads\/2025\/07\/Matthew-Routely-300x300.jpg 300w, https:\/\/ibbss.com\/wp-content\/uploads\/2025\/07\/Matthew-Routely-100x100.jpg 100w\" sizes=\"auto, (max-width: 600px) 100vw, 600px\" \/>\n<\/div>\n\n\n\n<div>\n<p class=\"gb-text\"><strong>Matthew Routley<\/strong> naci\u00f3 en <strong>Tredegar<\/strong>, Gales del Sur, y creci\u00f3 en <strong>Abergavenny<\/strong>, donde comenz\u00f3 su trayectoria musical a los siete a\u00f1os con el piano, antes de pasarse a los instrumentos de metal y encontrar su lugar en la <strong>tuba<\/strong> a los 15 a\u00f1os. Recibi\u00f3 las primeras ense\u00f1anzas de Alun F. Williams y Eric Powell, y lleg\u00f3 a tocar con la <strong>Gwent Youth Brass Band<\/strong>, la <strong>National Youth Brass Band of Wales<\/strong> y la <strong>National Youth Brass Band of Great Britain<\/strong>.  <\/p>\n\n\n\n<p class=\"gb-text\">Matthew estudi\u00f3 m\u00fasica en la <strong>Huddersfield University<\/strong>, aprendiendo con Stuart Roebuck, y comenz\u00f3 su carrera en bandas con la <strong>Sellers Engineering Band<\/strong> antes de unirse a la <strong>Yorkshire Building Society Band<\/strong> en 1994. En 1995, se uni\u00f3 a la <g id=\"gid_3\">Black Dyke Band<\/g>, donde ha disfrutado de una distinguida carrera que abarca m\u00e1s de 25 a\u00f1os. Entre los aspectos m\u00e1s destacados se encuentran la obtenci\u00f3n de m\u00faltiples t\u00edtulos de campe\u00f3n nacional \u00abdoble\u00bb y \u00abtriple\u00bb, y la actuaci\u00f3n en lugares de talla mundial como la <strong>Sydney Opera House<\/strong>, el <strong>Tokyo Metropolitan Hall<\/strong> y el <strong>KKL Lucerne<\/strong>.  &nbsp;<\/p>\n\n\n\n<p class=\"gb-text\">Profundamente comprometido con la m\u00fasica juvenil, Matthew es <strong>Tuba Tutor<\/strong> de la <strong>National Children\u2019s Brass Band of Great Britain<\/strong>, as\u00ed como de las <strong>Yorkshire<\/strong> y <strong>Gwent Youth Brass Bands<\/strong>. Adem\u00e1s de sus compromisos musicales, imparte clases de <strong>M\u00fasica y Artes Esc\u00e9nicas<\/strong> en <strong>The Sixth Form, Bolton<\/strong>, y disfruta de la vida familiar y de las relaciones sociales en su tiempo libre. &nbsp;&nbsp;<\/p>\n<\/div>\n<\/div>\n<\/div>\n","protected":false},"excerpt":{"rendered":"<p>Matthew Routley naci\u00f3 en Tredegar, Gales del Sur, y creci\u00f3 en Abergavenny, donde comenz\u00f3 su trayectoria musical a los siete a\u00f1os con el piano, antes de pasarse a los instrumentos de metal y encontrar su lugar en la tuba a los 15 a\u00f1os. Recibi\u00f3 las primeras ense\u00f1anzas de Alun F. Williams y Eric Powell, y &#8230; <a title=\"Nuestros tutores: Matthew Routley\" class=\"read-more\" href=\"https:\/\/ibbss.com\/es\/nuestros-tutores\/nuestros-tutores-matthew-routley\/\" aria-label=\"Leer m\u00e1s sobre Nuestros tutores: Matthew Routley\">Leer m\u00e1s<\/a><\/p>\n","protected":false},"author":5,"featured_media":0,"parent":1307,"menu_order":0,"comment_status":"closed","ping_status":"closed","template":"","meta":{"_acf_changed":false,"footnotes":""},"class_list":["post-1558","page","type-page","status-publish"],"acf":[],"_links":{"self":[{"href":"https:\/\/ibbss.com\/es\/wp-json\/wp\/v2\/pages\/1558","targetHints":{"allow":["GET"]}}],"collection":[{"href":"https:\/\/ibbss.com\/es\/wp-json\/wp\/v2\/pages"}],"about":[{"href":"https:\/\/ibbss.com\/es\/wp-json\/wp\/v2\/types\/page"}],"author":[{"embeddable":true,"href":"https:\/\/ibbss.com\/es\/wp-json\/wp\/v2\/users\/5"}],"replies":[{"embeddable":true,"href":"https:\/\/ibbss.com\/es\/wp-json\/wp\/v2\/comments?post=1558"}],"version-history":[{"count":2,"href":"https:\/\/ibbss.com\/es\/wp-json\/wp\/v2\/pages\/1558\/revisions"}],"predecessor-version":[{"id":1920,"href":"https:\/\/ibbss.com\/es\/wp-json\/wp\/v2\/pages\/1558\/revisions\/1920"}],"up":[{"embeddable":true,"href":"https:\/\/ibbss.com\/es\/wp-json\/wp\/v2\/pages\/1307"}],"wp:attachment":[{"href":"https:\/\/ibbss.com\/es\/wp-json\/wp\/v2\/media?parent=1558"}],"curies":[{"name":"wp","href":"https:\/\/api.w.org\/{rel}","templated":true}]}}