{"id":1524,"date":"2025-07-30T11:10:34","date_gmt":"2025-07-30T10:10:34","guid":{"rendered":"https:\/\/ibbss.com\/nuestros-tutores\/nuestros-tutores-richard-marshall\/"},"modified":"2025-11-19T17:46:01","modified_gmt":"2025-11-19T17:46:01","slug":"nuestros-tutores-richard-marshall","status":"publish","type":"page","link":"https:\/\/ibbss.com\/es\/nuestros-tutores\/nuestros-tutores-richard-marshall\/","title":{"rendered":"Nuestros tutores: Richard Marshall"},"content":{"rendered":"\n<div class=\"gb-element-a4058368\">\n<div class=\"gb-element-ac7a1dbc\">\n<div>\n<img loading=\"lazy\" decoding=\"async\" width=\"550\" height=\"824\" class=\"gb-media-fe8716a9\" alt=\"\" src=\"http:\/\/www.ibbss.com\/wp-content\/uploads\/2025\/07\/Richard-Marshall.jpg\" title=\"Richard Marshall\" srcset=\"https:\/\/ibbss.com\/wp-content\/uploads\/2025\/07\/Richard-Marshall.jpg 550w, https:\/\/ibbss.com\/wp-content\/uploads\/2025\/07\/Richard-Marshall-400x600.jpg 400w\" sizes=\"auto, (max-width: 550px) 100vw, 550px\" \/>\n<\/div>\n\n\n\n<div>\n<p class=\"gb-text\"><strong>Richard Marshall<\/strong> es ampliamente considerado como uno de los mejores cornetistas del mundo. Descrito por Elgar Howarth como \u201cel cornetista m\u00e1s destacado que este pa\u00eds ha producido jam\u00e1s\u201d, Richard es el cornetista principal de la legendaria <strong>Black Dyke Band<\/strong>, ocupando lo que se conoce como el \u201casiento m\u00e1s codiciado de la banda\u201d. Antes de unirse en 2006, pas\u00f3 diez a\u00f1os como cornetista principal en la <strong>Grimethorpe Colliery Band<\/strong>.  &nbsp;<\/p>\n\n\n\n<p>Como solista aclamado, Richard ha publicado cinco \u00e1lbumes en solitario, incluidos <em>Blaze<\/em> y <em>Eminence<\/em>, ambos nombrados CD solista del a\u00f1o. Ha estrenado importantes obras escritas para \u00e9l por compositores destacados, como <em>Sonatina<\/em> de Elgar Howarth y <em>Cornet Concerto<\/em> de Edward Gregson. Su colaboraci\u00f3n con Philip Wilby tambi\u00e9n condujo a la publicaci\u00f3n de <em>Essentials<\/em>, un libro de estudio de corneta contempor\u00e1neo para int\u00e9rpretes avanzados.   <br\/><br\/>Richard es un educador comprometido, que ense\u00f1a en el <strong>Royal Northern College of Music<\/strong>, el <strong>Birmingham Conservatoire<\/strong> y la <strong>Salford University<\/strong>. Tambi\u00e9n es tutor de la National Children\u2019s Brass Band of Great Britain y de la Yorkshire Youth Brass Band.  <\/p>\n\n\n\n<p>Como <strong>artista y cl\u00ednico de Besson<\/strong>, Richard act\u00faa exclusivamente con la corneta Prestige con su propia boquilla RM1 Signature. Su carrera lo ha llevado a lugares emblem\u00e1ticos de todo el mundo, como la <strong>\u00d3pera de S\u00eddney<\/strong> y el <strong>Carnegie Hall<\/strong>, consolidando su lugar como un verdadero embajador de la tradici\u00f3n de las bandas de m\u00fasica.  <\/p>\n<\/div>\n<\/div>\n<\/div>\n","protected":false},"excerpt":{"rendered":"<p>Richard Marshall es ampliamente considerado como uno de los mejores cornetistas del mundo. Descrito por Elgar Howarth como \u201cel cornetista m\u00e1s destacado que este pa\u00eds ha producido jam\u00e1s\u201d, Richard es el cornetista principal de la legendaria Black Dyke Band, ocupando lo que se conoce como el \u201casiento m\u00e1s codiciado de la banda\u201d. Antes de unirse &#8230; <a title=\"Nuestros tutores: Richard Marshall\" class=\"read-more\" href=\"https:\/\/ibbss.com\/es\/nuestros-tutores\/nuestros-tutores-richard-marshall\/\" aria-label=\"Leer m\u00e1s sobre Nuestros tutores: Richard Marshall\">Leer m\u00e1s<\/a><\/p>\n","protected":false},"author":5,"featured_media":0,"parent":1307,"menu_order":0,"comment_status":"closed","ping_status":"closed","template":"","meta":{"_acf_changed":false,"footnotes":""},"class_list":["post-1524","page","type-page","status-publish"],"acf":[],"_links":{"self":[{"href":"https:\/\/ibbss.com\/es\/wp-json\/wp\/v2\/pages\/1524","targetHints":{"allow":["GET"]}}],"collection":[{"href":"https:\/\/ibbss.com\/es\/wp-json\/wp\/v2\/pages"}],"about":[{"href":"https:\/\/ibbss.com\/es\/wp-json\/wp\/v2\/types\/page"}],"author":[{"embeddable":true,"href":"https:\/\/ibbss.com\/es\/wp-json\/wp\/v2\/users\/5"}],"replies":[{"embeddable":true,"href":"https:\/\/ibbss.com\/es\/wp-json\/wp\/v2\/comments?post=1524"}],"version-history":[{"count":2,"href":"https:\/\/ibbss.com\/es\/wp-json\/wp\/v2\/pages\/1524\/revisions"}],"predecessor-version":[{"id":1878,"href":"https:\/\/ibbss.com\/es\/wp-json\/wp\/v2\/pages\/1524\/revisions\/1878"}],"up":[{"embeddable":true,"href":"https:\/\/ibbss.com\/es\/wp-json\/wp\/v2\/pages\/1307"}],"wp:attachment":[{"href":"https:\/\/ibbss.com\/es\/wp-json\/wp\/v2\/media?parent=1524"}],"curies":[{"name":"wp","href":"https:\/\/api.w.org\/{rel}","templated":true}]}}