{"id":1503,"date":"2025-07-30T11:03:33","date_gmt":"2025-07-30T10:03:33","guid":{"rendered":"https:\/\/ibbss.com\/nuestros-tutores\/nuestros-tutores-nicholas-childs\/"},"modified":"2025-11-19T17:45:54","modified_gmt":"2025-11-19T17:45:54","slug":"nuestros-tutores-nicholas-childs","status":"publish","type":"page","link":"https:\/\/ibbss.com\/es\/nuestros-tutores\/nuestros-tutores-nicholas-childs\/","title":{"rendered":"Nuestros tutores: Nicholas Childs"},"content":{"rendered":"\n<div class=\"gb-element-a4058368\">\n<div class=\"gb-element-ac7a1dbc\">\n<div>\n<img loading=\"lazy\" decoding=\"async\" width=\"257\" height=\"385\" class=\"gb-media-fe8716a9\" alt=\"\" src=\"http:\/\/www.ibbss.com\/wp-content\/uploads\/2025\/07\/Nick-Childs-1-1.jpg\" title=\"Nick Childs\">\n<\/div>\n\n\n\n<div>\n<p>El <strong>Prof. Nicholas Childs<\/strong> es un director, solista de bombardino, productor y educador de renombre mundial, ampliamente celebrado por su liderazgo en el mundo de las bandas de m\u00fasica de metal. Su \u00e9xito inicial se produjo actuando internacionalmente con su hermano como <em>The Childs Brothers<\/em>, cautivando al p\u00fablico en las principales salas de conciertos de todo el mundo. <\/p>\n\n\n\n<p>Como Director Principal y Director de M\u00fasica de la mundialmente famosa <strong>Black Dyke Band<\/strong>, el Dr. Childs ha logrado un \u00e9xito sostenido en los concursos y ha liderado una ola de innovaci\u00f3n a trav\u00e9s de una programaci\u00f3n audaz y grandes estrenos de compositores como Philip Wilby, Michael Ball y Peter Graham. Su liderazgo visionario ha convertido a Black Dyke en una piedra angular de la m\u00fasica moderna para bandas de m\u00fasica de metal, incluyendo actuaciones hist\u00f3ricas en lugares prestigiosos como el <strong>Royal Albert Hall<\/strong> de Londres.  <\/p>\n\n\n\n<p>Como apasionado defensor de la nueva m\u00fasica, el Dr. Childs es el fundador de <strong>Doyen Recordings<\/strong>, un sello pionero con el mayor cat\u00e1logo de grabaciones de bandas de m\u00fasica de metal. Sus producciones abarcan obras ic\u00f3nicas y colaboraciones con conjuntos como la <strong>International Staff Band<\/strong>, la <strong>BBC Philharmonic<\/strong> y la <strong>Canadian Brass<\/strong>.  <\/p>\n\n\n\n<p>M\u00e1s all\u00e1 del escenario, el Dr. Childs es un respetado educador y tutor principal de estudios de bandas de m\u00fasica de metal en el <strong>Royal Northern College of Music<\/strong>, donde ha ense\u00f1ado durante m\u00e1s de una d\u00e9cada. Tambi\u00e9n ocupa cargos en la <strong>National Youth Brass Band of Great Britain<\/strong>, la <strong>Brass Band Heritage Trust<\/strong>, y ha dirigido como invitado a bandas en toda Europa, Norteam\u00e9rica y Asia, ganando campeonatos nacionales en Francia, Noruega, Escocia y Gales.  <\/p>\n\n\n\n<p>Desde sus ra\u00edces en la Tredegar Youth Band en Gales hasta la cima de la escena mundial del metal, el Dr. Childs sigue dedicado a superar los l\u00edmites, a asesorar a la pr\u00f3xima generaci\u00f3n y a defender la tradici\u00f3n de las bandas de m\u00fasica de metal en el escenario mundial. <\/p>\n<\/div>\n<\/div>\n<\/div>\n","protected":false},"excerpt":{"rendered":"<p>El Prof. Nicholas Childs es un director, solista de bombardino, productor y educador de renombre mundial, ampliamente celebrado por su liderazgo en el mundo de las bandas de m\u00fasica de metal. Su \u00e9xito inicial se produjo actuando internacionalmente con su hermano como The Childs Brothers, cautivando al p\u00fablico en las principales salas de conciertos de &#8230; <a title=\"Nuestros tutores: Nicholas Childs\" class=\"read-more\" href=\"https:\/\/ibbss.com\/es\/nuestros-tutores\/nuestros-tutores-nicholas-childs\/\" aria-label=\"Leer m\u00e1s sobre Nuestros tutores: Nicholas Childs\">Leer m\u00e1s<\/a><\/p>\n","protected":false},"author":5,"featured_media":0,"parent":1307,"menu_order":0,"comment_status":"closed","ping_status":"closed","template":"","meta":{"_acf_changed":false,"footnotes":""},"class_list":["post-1503","page","type-page","status-publish"],"acf":[],"_links":{"self":[{"href":"https:\/\/ibbss.com\/es\/wp-json\/wp\/v2\/pages\/1503","targetHints":{"allow":["GET"]}}],"collection":[{"href":"https:\/\/ibbss.com\/es\/wp-json\/wp\/v2\/pages"}],"about":[{"href":"https:\/\/ibbss.com\/es\/wp-json\/wp\/v2\/types\/page"}],"author":[{"embeddable":true,"href":"https:\/\/ibbss.com\/es\/wp-json\/wp\/v2\/users\/5"}],"replies":[{"embeddable":true,"href":"https:\/\/ibbss.com\/es\/wp-json\/wp\/v2\/comments?post=1503"}],"version-history":[{"count":2,"href":"https:\/\/ibbss.com\/es\/wp-json\/wp\/v2\/pages\/1503\/revisions"}],"predecessor-version":[{"id":1869,"href":"https:\/\/ibbss.com\/es\/wp-json\/wp\/v2\/pages\/1503\/revisions\/1869"}],"up":[{"embeddable":true,"href":"https:\/\/ibbss.com\/es\/wp-json\/wp\/v2\/pages\/1307"}],"wp:attachment":[{"href":"https:\/\/ibbss.com\/es\/wp-json\/wp\/v2\/media?parent=1503"}],"curies":[{"name":"wp","href":"https:\/\/api.w.org\/{rel}","templated":true}]}}