{"id":1481,"date":"2025-07-30T10:41:33","date_gmt":"2025-07-30T09:41:33","guid":{"rendered":"https:\/\/ibbss.com\/nuestros-tutores\/nuestros-tutores-david-barringer\/"},"modified":"2025-11-19T17:45:47","modified_gmt":"2025-11-19T17:45:47","slug":"nuestros-tutores-david-barringer","status":"publish","type":"page","link":"https:\/\/ibbss.com\/es\/nuestros-tutores\/nuestros-tutores-david-barringer\/","title":{"rendered":"Nuestros tutores: David Barringer"},"content":{"rendered":"\n<div class=\"gb-element-a4058368\">\n<div class=\"gb-element-ac7a1dbc\">\n<div>\n<img loading=\"lazy\" decoding=\"async\" width=\"1206\" height=\"1571\" class=\"gb-media-fe8716a9\" alt=\"\" src=\"http:\/\/www.ibbss.com\/wp-content\/uploads\/2025\/07\/David-Barringer.jpg\" title=\"David Barringer\" srcset=\"https:\/\/ibbss.com\/wp-content\/uploads\/2025\/07\/David-Barringer.jpg 1206w, https:\/\/ibbss.com\/wp-content\/uploads\/2025\/07\/David-Barringer-461x600.jpg 461w, https:\/\/ibbss.com\/wp-content\/uploads\/2025\/07\/David-Barringer-921x1200.jpg 921w, https:\/\/ibbss.com\/wp-content\/uploads\/2025\/07\/David-Barringer-768x1000.jpg 768w, https:\/\/ibbss.com\/wp-content\/uploads\/2025\/07\/David-Barringer-1179x1536.jpg 1179w, https:\/\/ibbss.com\/wp-content\/uploads\/2025\/07\/David-Barringer-600x782.jpg 600w\" sizes=\"auto, (max-width: 1206px) 100vw, 1206px\" \/>\n<\/div>\n\n\n\n<div>\n<p class=\"gb-text\"><strong>David Barringer<\/strong> <strong>MVO MBE<\/strong> es un l\u00edder con gran experiencia, planificador estrat\u00e9gico y director musical, con una distinguida carrera en el sector militar. <\/p>\n\n\n\n<p>El extenso portafolio de David incluye la supervisi\u00f3n de la direcci\u00f3n musical y la gesti\u00f3n de proyectos de algunos de los eventos estatales m\u00e1s importantes del Reino Unido, como el <strong>Funeral de Estado de Su Majestad la Reina Isabel II<\/strong>, por el que fue galardonado con el <strong>MVO<\/strong> y la <strong>Coronaci\u00f3n del Rey Carlos III<\/strong>.<\/p>\n\n\n\n<p>David se uni\u00f3 al ej\u00e9rcito en septiembre de 1989 y estudi\u00f3 en la Escuela de M\u00fasica Junior del Ej\u00e9rcito, en Pirbright. Posteriormente, asisti\u00f3 a la <strong>Real Escuela Militar de M\u00fasica, Kneller Hall<\/strong>. Se uni\u00f3 a la Banda de la Guardia Coldstream en enero de 1993 y realiz\u00f3 giras por todo el mundo con ellos, incluyendo una gira de tres meses de costa a costa por los Estados Unidos y Canad\u00e1. Durante su tiempo en la banda, desarroll\u00f3 un inter\u00e9s por la direcci\u00f3n de bandas de m\u00fasica y pas\u00f3 2 a\u00f1os como director residente de la Flowers Brass Band. Luego pas\u00f3 a <strong>representar a Gran Breta\u00f1a<\/strong> en el concurso inaugural de Director Europeo del A\u00f1o en el a\u00f1o 2000.    <\/p>\n\n\n\n<p>Con una profunda <strong>experiencia en liderazgo, planificaci\u00f3n estrat\u00e9gica y gesti\u00f3n de eventos<\/strong>, David ha demostrado su capacidad para impulsar proyectos complejos desde la concepci\u00f3n hasta la finalizaci\u00f3n, garantizando los <strong>m\u00e1s altos est\u00e1ndares de excelencia<\/strong> tanto en eventos ceremoniales militares como civiles. <\/p>\n\n\n\n<p>Tambi\u00e9n es un profesional cualificado en gesti\u00f3n del cambio y coach de liderazgo, aportando una gran experiencia en la optimizaci\u00f3n de procesos, la mejora de las operaciones empresariales y la mejora del rendimiento del equipo. <\/p>\n\n\n\n<p>En noviembre de 2019 fue ascendido a <strong>Teniente Coronel<\/strong> y asumi\u00f3 el cargo de <strong>Director Principal de M\u00fasica del Ej\u00e9rcito m\u00e1s joven de la historia<\/strong>. <br\/>En 2022 fue nombrado <strong>Oficial al mando de las Bandas de la Divisi\u00f3n de la Casa Real<\/strong>, y <strong>desde entonces ha supervisado toda la m\u00fasica militar<\/strong>. <\/p>\n\n\n\n<p>La pasi\u00f3n de David por maximizar el talento e impulsar la eficiencia se refleja en su trabajo continuo. Sus contribuciones a la comunidad de la m\u00fasica militar y ceremonial, junto con su trabajo en el coaching de liderazgo y la gesti\u00f3n del cambio, subrayan su compromiso con la excelencia y la mejora continua.  <\/p>\n\n\n\n<p>Fue honrado con el <strong>MBE<\/strong> por su <strong>excepcional servicio y dedicaci\u00f3n<\/strong> a su campo. <\/p>\n<\/div>\n<\/div>\n<\/div>\n","protected":false},"excerpt":{"rendered":"<p>David Barringer MVO MBE es un l\u00edder con gran experiencia, planificador estrat\u00e9gico y director musical, con una distinguida carrera en el sector militar. El extenso portafolio de David incluye la supervisi\u00f3n de la direcci\u00f3n musical y la gesti\u00f3n de proyectos de algunos de los eventos estatales m\u00e1s importantes del Reino Unido, como el Funeral de &#8230; <a title=\"Nuestros tutores: David Barringer\" class=\"read-more\" href=\"https:\/\/ibbss.com\/es\/nuestros-tutores\/nuestros-tutores-david-barringer\/\" aria-label=\"Leer m\u00e1s sobre Nuestros tutores: David Barringer\">Leer m\u00e1s<\/a><\/p>\n","protected":false},"author":5,"featured_media":0,"parent":1307,"menu_order":0,"comment_status":"closed","ping_status":"closed","template":"","meta":{"_acf_changed":false,"footnotes":""},"class_list":["post-1481","page","type-page","status-publish"],"acf":[],"_links":{"self":[{"href":"https:\/\/ibbss.com\/es\/wp-json\/wp\/v2\/pages\/1481","targetHints":{"allow":["GET"]}}],"collection":[{"href":"https:\/\/ibbss.com\/es\/wp-json\/wp\/v2\/pages"}],"about":[{"href":"https:\/\/ibbss.com\/es\/wp-json\/wp\/v2\/types\/page"}],"author":[{"embeddable":true,"href":"https:\/\/ibbss.com\/es\/wp-json\/wp\/v2\/users\/5"}],"replies":[{"embeddable":true,"href":"https:\/\/ibbss.com\/es\/wp-json\/wp\/v2\/comments?post=1481"}],"version-history":[{"count":2,"href":"https:\/\/ibbss.com\/es\/wp-json\/wp\/v2\/pages\/1481\/revisions"}],"predecessor-version":[{"id":1861,"href":"https:\/\/ibbss.com\/es\/wp-json\/wp\/v2\/pages\/1481\/revisions\/1861"}],"up":[{"embeddable":true,"href":"https:\/\/ibbss.com\/es\/wp-json\/wp\/v2\/pages\/1307"}],"wp:attachment":[{"href":"https:\/\/ibbss.com\/es\/wp-json\/wp\/v2\/media?parent=1481"}],"curies":[{"name":"wp","href":"https:\/\/api.w.org\/{rel}","templated":true}]}}