{"id":1463,"date":"2025-07-30T11:46:58","date_gmt":"2025-07-30T10:46:58","guid":{"rendered":"https:\/\/ibbss.com\/nuestros-tutores\/nuestros-tutores-chris-williams\/"},"modified":"2025-11-19T17:46:21","modified_gmt":"2025-11-19T17:46:21","slug":"nuestros-tutores-chris-williams","status":"publish","type":"page","link":"https:\/\/ibbss.com\/es\/nuestros-tutores\/nuestros-tutores-chris-williams\/","title":{"rendered":"Nuestros tutores: Chris Williams"},"content":{"rendered":"\n<div class=\"gb-element-a4058368\">\n<div class=\"gb-element-ac7a1dbc\">\n<div>\n<img loading=\"lazy\" decoding=\"async\" width=\"768\" height=\"434\" class=\"gb-media-fe8716a9\" alt=\"\" src=\"http:\/\/www.ibbss.com\/wp-content\/uploads\/2025\/07\/Chris-Williams.jpeg\" title=\"Chris Williams\" srcset=\"https:\/\/ibbss.com\/wp-content\/uploads\/2025\/07\/Chris-Williams.jpeg 768w, https:\/\/ibbss.com\/wp-content\/uploads\/2025\/07\/Chris-Williams-600x339.jpeg 600w\" sizes=\"auto, (max-width: 768px) 100vw, 768px\" \/>\n<\/div>\n\n\n\n<div>\n<p class=\"gb-text\"><strong>Christopher Williams<\/strong> es un pianista, compositor, director de orquesta y educador gal\u00e9s con una din\u00e1mica carrera que abarca la interpretaci\u00f3n, la grabaci\u00f3n y la ense\u00f1anza. Graduado de la <strong>Universidad de Cardiff<\/strong>, actualmente es <strong>Director Asistente del Coro Nacional de la BBC de Gales<\/strong> y pianista habitual de la <strong>Orquesta Nacional de la BBC de Gales<\/strong>, actuando en los <strong>BBC Proms<\/strong> y grabando para <strong>Chandos<\/strong>, <strong>Hyperion<\/strong> y <strong>Naxos<\/strong>.&nbsp;<\/p>\n\n\n\n<p>Desde 1997, Christopher ha sido acompa\u00f1ante de plantilla en el <strong>Royal Welsh College of Music and Drama<\/strong>, y ha impartido clases de piano en la <strong>Universidad de Cardiff<\/strong> desde 2001. Estudi\u00f3 con Richard McMahon, Simon Shewring y Martin Jones, y fue enormemente influenciado por su primer profesor, <strong>Walter Ryan<\/strong>, quien despert\u00f3 su inter\u00e9s por el repertorio menos conocido. Esta pasi\u00f3n le llev\u00f3 a interpretar conciertos raramente escuchados de <strong>Reinecke<\/strong> y <strong>Rubinstein<\/strong>.   <\/p>\n\n\n\n<p>Muy solicitado como m\u00fasico de c\u00e1mara, Christopher ha colaborado con artistas destacados como <strong>Philippe Schartz<\/strong>, <strong>Catherine Tanner-Williams<\/strong>, <strong>Tim Thorpe<\/strong>, <strong>David Childs<\/strong> y <strong>Tine Thing Helseth<\/strong>, con grabaciones publicadas en <strong>Chandos<\/strong>, <strong>Willowhayne<\/strong> y <strong>Naxos<\/strong>. Su \u00e1lbum en solitario de <strong>transcripciones de Brahms<\/strong> en el sello Grand Piano de Naxos fue nombrado <em>CD de la Semana<\/em> en NDR Kultur y elogiado por su brillantez t\u00e9cnica y profundidad musical.  <\/p>\n\n\n\n<p>Un rostro familiar en <strong>la BBC TV y la radio<\/strong>, Christopher fue acompa\u00f1ante oficial del <strong>BBC Young Musician of the Year 2020<\/strong>, y tambi\u00e9n ha sido transmitido en <strong>Radio Luxembourg<\/strong> y <strong>NDR<\/strong>. <\/p>\n\n\n\n<p>Como compositor, ha escrito varias obras para metales, incluyendo <em>Chaos is a Ladder<\/em> (tromb\u00f3n) y <em>Song of the Narrow Sea<\/em> (trompeta), con <em>XX Mountains of Abstract Thought<\/em> transmitida en <strong>Lyric FM<\/strong> y publicada por <strong>Naxos<\/strong>. .  <\/p>\n<\/div>\n<\/div>\n<\/div>\n","protected":false},"excerpt":{"rendered":"<p>Christopher Williams es un pianista, compositor, director de orquesta y educador gal\u00e9s con una din\u00e1mica carrera que abarca la interpretaci\u00f3n, la grabaci\u00f3n y la ense\u00f1anza. Graduado de la Universidad de Cardiff, actualmente es Director Asistente del Coro Nacional de la BBC de Gales y pianista habitual de la Orquesta Nacional de la BBC de Gales, &#8230; <a title=\"Nuestros tutores: Chris Williams\" class=\"read-more\" href=\"https:\/\/ibbss.com\/es\/nuestros-tutores\/nuestros-tutores-chris-williams\/\" aria-label=\"Leer m\u00e1s sobre Nuestros tutores: Chris Williams\">Leer m\u00e1s<\/a><\/p>\n","protected":false},"author":5,"featured_media":0,"parent":1307,"menu_order":0,"comment_status":"closed","ping_status":"closed","template":"","meta":{"_acf_changed":false,"footnotes":""},"class_list":["post-1463","page","type-page","status-publish"],"acf":[],"_links":{"self":[{"href":"https:\/\/ibbss.com\/es\/wp-json\/wp\/v2\/pages\/1463","targetHints":{"allow":["GET"]}}],"collection":[{"href":"https:\/\/ibbss.com\/es\/wp-json\/wp\/v2\/pages"}],"about":[{"href":"https:\/\/ibbss.com\/es\/wp-json\/wp\/v2\/types\/page"}],"author":[{"embeddable":true,"href":"https:\/\/ibbss.com\/es\/wp-json\/wp\/v2\/users\/5"}],"replies":[{"embeddable":true,"href":"https:\/\/ibbss.com\/es\/wp-json\/wp\/v2\/comments?post=1463"}],"version-history":[{"count":2,"href":"https:\/\/ibbss.com\/es\/wp-json\/wp\/v2\/pages\/1463\/revisions"}],"predecessor-version":[{"id":1910,"href":"https:\/\/ibbss.com\/es\/wp-json\/wp\/v2\/pages\/1463\/revisions\/1910"}],"up":[{"embeddable":true,"href":"https:\/\/ibbss.com\/es\/wp-json\/wp\/v2\/pages\/1307"}],"wp:attachment":[{"href":"https:\/\/ibbss.com\/es\/wp-json\/wp\/v2\/media?parent=1463"}],"curies":[{"name":"wp","href":"https:\/\/api.w.org\/{rel}","templated":true}]}}