{"id":1445,"date":"2025-07-30T11:27:21","date_gmt":"2025-07-30T10:27:21","guid":{"rendered":"https:\/\/ibbss.com\/nuestros-tutores\/nuestros-tutores-gary-curtin\/"},"modified":"2025-11-19T17:46:14","modified_gmt":"2025-11-19T17:46:14","slug":"nuestros-tutores-gary-curtin","status":"publish","type":"page","link":"https:\/\/ibbss.com\/es\/nuestros-tutores\/nuestros-tutores-gary-curtin\/","title":{"rendered":"Nuestros tutores: Gary Curtin"},"content":{"rendered":"\n<div class=\"gb-element-a4058368\">\n<div class=\"gb-element-ac7a1dbc\">\n<div>\n<img loading=\"lazy\" decoding=\"async\" width=\"768\" height=\"512\" class=\"gb-media-fe8716a9\" alt=\"\" src=\"http:\/\/www.ibbss.com\/wp-content\/uploads\/2025\/07\/Gary-Curtain.jpg\" title=\"Gary Curtin\" srcset=\"https:\/\/ibbss.com\/wp-content\/uploads\/2025\/07\/Gary-Curtain.jpg 768w, https:\/\/ibbss.com\/wp-content\/uploads\/2025\/07\/Gary-Curtain-600x400.jpg 600w\" sizes=\"auto, (max-width: 768px) 100vw, 768px\" \/>\n<\/div>\n\n\n\n<div>\n<p class=\"gb-text\"><strong>Gary Curtin<\/strong> naci\u00f3 en la ciudad de Cork, Irlanda. Comenz\u00f3 a tocar el bombardino a los 12 a\u00f1os y pas\u00f3 al eufonio en 1996. Tras su cambio al eufonio, se enamor\u00f3 del sonido del instrumento y se convenci\u00f3 cada vez m\u00e1s de que quer\u00eda dedicar su tiempo a desarrollarse como int\u00e9rprete y m\u00fasico.  &nbsp;<\/p>\n\n\n\n<p>Gary fue el primer int\u00e9rprete de eufonio en estudiar a nivel de grado en la Cork School of Music, y tambi\u00e9n continu\u00f3 sus estudios a nivel de m\u00e1ster. Durante su estancia en la Cork School of Music, tambi\u00e9n fue galardonado con el Yamaha Solo Prize.  <br\/><br\/>Mudarse al Reino Unido fue un gran paso para Gary, pero su deseo de tocar a un nivel m\u00e1s alto con su instrumento pudo m\u00e1s y en 2005 se mud\u00f3 a M\u00e1nchester. Mientras estudiaba durante un a\u00f1o en el RNCM bajo la tutela de Steven Mead, Gary comenz\u00f3 a sumergirse en la escena de las bandas de m\u00fasica y ha tocado el eufonio solista con la Wingates Band y la Fairey (Geneva) Band antes de pasar al puesto de eufonio principal en la Black Dyke Band.  <\/p>\n\n\n\n<p>Recibi\u00f3 el premio Geoff Whitham Memorial Award al &#8216;Mejor Eufonio&#8217; en el British Open Championships de 2010 en el Birmingham Symphony Hall. <br\/>Gary tambi\u00e9n ha disfrutado de cierta experiencia orquestal tanto con el eufonio como con la trompeta baja, habiendo interpretado el Anillo del Nibelungo de Wagner en dos ocasiones, as\u00ed como la mayor parte del repertorio orquestal para eufonio.<\/p>\n<\/div>\n<\/div>\n<\/div>\n","protected":false},"excerpt":{"rendered":"<p>Gary Curtin naci\u00f3 en la ciudad de Cork, Irlanda. Comenz\u00f3 a tocar el bombardino a los 12 a\u00f1os y pas\u00f3 al eufonio en 1996. Tras su cambio al eufonio, se enamor\u00f3 del sonido del instrumento y se convenci\u00f3 cada vez m\u00e1s de que quer\u00eda dedicar su tiempo a desarrollarse como int\u00e9rprete y m\u00fasico. &nbsp; Gary &#8230; <a title=\"Nuestros tutores: Gary Curtin\" class=\"read-more\" href=\"https:\/\/ibbss.com\/es\/nuestros-tutores\/nuestros-tutores-gary-curtin\/\" aria-label=\"Leer m\u00e1s sobre Nuestros tutores: Gary Curtin\">Leer m\u00e1s<\/a><\/p>\n","protected":false},"author":5,"featured_media":0,"parent":1307,"menu_order":0,"comment_status":"closed","ping_status":"closed","template":"","meta":{"_acf_changed":false,"footnotes":""},"class_list":["post-1445","page","type-page","status-publish"],"acf":[],"_links":{"self":[{"href":"https:\/\/ibbss.com\/es\/wp-json\/wp\/v2\/pages\/1445","targetHints":{"allow":["GET"]}}],"collection":[{"href":"https:\/\/ibbss.com\/es\/wp-json\/wp\/v2\/pages"}],"about":[{"href":"https:\/\/ibbss.com\/es\/wp-json\/wp\/v2\/types\/page"}],"author":[{"embeddable":true,"href":"https:\/\/ibbss.com\/es\/wp-json\/wp\/v2\/users\/5"}],"replies":[{"embeddable":true,"href":"https:\/\/ibbss.com\/es\/wp-json\/wp\/v2\/comments?post=1445"}],"version-history":[{"count":2,"href":"https:\/\/ibbss.com\/es\/wp-json\/wp\/v2\/pages\/1445\/revisions"}],"predecessor-version":[{"id":1899,"href":"https:\/\/ibbss.com\/es\/wp-json\/wp\/v2\/pages\/1445\/revisions\/1899"}],"up":[{"embeddable":true,"href":"https:\/\/ibbss.com\/es\/wp-json\/wp\/v2\/pages\/1307"}],"wp:attachment":[{"href":"https:\/\/ibbss.com\/es\/wp-json\/wp\/v2\/media?parent=1445"}],"curies":[{"name":"wp","href":"https:\/\/api.w.org\/{rel}","templated":true}]}}