{"id":1991,"date":"2025-12-04T13:39:23","date_gmt":"2025-12-04T13:39:23","guid":{"rendered":"https:\/\/ibbss.com\/?page_id=1991"},"modified":"2025-12-04T13:39:39","modified_gmt":"2025-12-04T13:39:39","slug":"haufig-gestellte-fragen-von-teilnehmern-faq","status":"publish","type":"page","link":"https:\/\/ibbss.com\/de\/haufig-gestellte-fragen-von-teilnehmern-faq\/","title":{"rendered":"H\u00e4ufig gestellte Fragen von Teilnehmern (FAQ)"},"content":{"rendered":"\n<div class=\"gb-element-6c790050\">\n<div class=\"gb-element-c17d5481\">\n<h1 class=\"wp-block-heading has-base-3-color has-text-color has-link-color has-x-large-font-size wp-elements-0a3c41e2cdde4d8bf4d9aa1a30de7861\">IBBSS <strong>2026 Sommerakademie<\/strong><\/h1>\n\n\n\n<h3 class=\"wp-block-heading has-base-2-color has-text-color has-link-color wp-elements-0e49a2ae8350cb94508665c380b0bc79\">Ort: <strong>Swansea, S\u00fcdwales<\/strong><\/h3>\n\n\n\n<h3 class=\"wp-block-heading has-base-2-color has-text-color has-link-color wp-elements-1767a741fb8c44decaca49195da809b3\"><strong>Datum:<\/strong> Sonntag, 26. Juli \u2013 Samstag, 1. August<\/h3>\n\n\n\n<a class=\"gb-text gb-text-f2b84e6a\" href=\"\">JETZT buchen<\/a>\n<\/div>\n<\/div>\n\n<div class=\"gbp-section gb-element-472b84e0\">\n<h2 class=\"wp-block-heading\"><strong>H\u00e4ufig gestellte Fragen f\u00fcr IBBSS (FAQ)<\/strong><\/h2>\n\n\n\n<figure class=\"wp-block-image\"><img loading=\"lazy\" decoding=\"async\" width=\"80\" height=\"83\" src=\"https:\/\/ibbss.com\/wp-content\/uploads\/2025\/12\/GENEVA-FOUNDATION-ICON-FINAL-e1764854640745.jpg\" alt=\"\" class=\"wp-image-1977\"\/><\/figure>\n\n\n\n<h2 class=\"wp-block-heading\"><strong>1. <a href=\"https:\/\/ibbss.com\/de\/kurs-2026\/fruehbucher-anmeldeformular\/\" data-type=\"page\" data-id=\"761\">Anmeldung<\/a>, Zahlungen &amp; Kommunikation<\/strong><\/h2>\n\n\n\n<p><strong>Wie melde ich mich f\u00fcr den Kurs an und bezahle ihn?<\/strong><\/p>\n\n\n\n<p>Alle Anmeldungen m\u00fcssen online \u00fcber das IBBSS Buchungsportal erfolgen. Eine Anzahlung (Kredit- oder Debitkarte) ist erforderlich, um Ihren Platz zu sichern.<br\/>Sie erhalten eine E-Mail-Best\u00e4tigung, sobald Ihre Anmeldung innerhalb von 48 Stunden bearbeitet wurde. <\/p>\n\n\n\n<p><strong>Welche Ratenzahlungsoptionen stehen zur Verf\u00fcgung?<\/strong><\/p>\n\n\n\n<p>Teilnehmer k\u00f6nnen aus zwei Zahlungsmethoden w\u00e4hlen:<\/p>\n\n\n\n<ol class=\"wp-block-list\">\n<li>Vollst\u00e4ndige Zahlung<\/li>\n<\/ol>\n\n\n\n<p>Sie k\u00f6nnen den gesamten Kurs zum Zeitpunkt der Anmeldung bezahlen.<\/p>\n\n\n\n<ul class=\"wp-block-list\">\n<li>Ratenzahlungsoptionen<\/li>\n<\/ul>\n\n\n\n<p> Sie k\u00f6nnen an der Kasse einen Ratenzahlungsplan ausw\u00e4hlen.<\/p>\n\n\n\n<p>Das Buchungsportal zeigt die verf\u00fcgbaren Zahlungsoptionen an und verteilt die Zahlungen automatisch f\u00fcr Sie. Das System zeigt au\u00dferdem an: <\/p>\n\n\n\n<ul class=\"wp-block-list\">\n<li>Ratenzahlungstermine<\/li>\n\n\n\n<li>F\u00e4llige Betr\u00e4ge<\/li>\n\n\n\n<li>Bankverbindung des Empf\u00e4ngers IBBSS (falls zutreffend)<\/li>\n<\/ul>\n\n\n\n<p><em>Diese Optionen gew\u00e4hrleisten Flexibilit\u00e4t und erm\u00f6glichen es IBBSS, Buchungen mit Lieferanten in wichtigen Phasen zu best\u00e4tigen.<\/em><em><\/em><\/p>\n\n\n\n<p><strong>Ich bin ein internationaler Teilnehmer. Fallen f\u00fcr mich trotzdem \u00dcberweisungsgeb\u00fchren an? <\/strong><\/p>\n\n\n\n<p>IBBSS verwendet jetzt <strong>Stripe<\/strong> f\u00fcr alle eingehenden Zahlungen. Dies erm\u00f6glicht internationalen Teilnehmern, per Karte, digitaler Geldb\u00f6rse oder Bank\u00fcberweisung zu bezahlen, ohne zus\u00e4tzliche \u00dcberweisungsgeb\u00fchren unserer Bank (\u00fcbliche Wechselkursumrechnungen gelten weiterhin). <\/p>\n\n\n\n<p><strong>Welche Informationen erhalte ich vor dem Kurs?<\/strong><\/p>\n\n\n\n<p>Sie erhalten ein digitales Teilnehmerpaket, das Folgendes beinhaltet:<\/p>\n\n\n\n<ul class=\"wp-block-list\">\n<li>Vollst\u00e4ndiger Zeitplan<\/li>\n\n\n\n<li>Lagepl\u00e4ne der Veranstaltungsorte<\/li>\n\n\n\n<li>Repertoireliste<\/li>\n\n\n\n<li>Ausr\u00fcstungsliste<\/li>\n\n\n\n<li>Reise- &amp; Unterkunftsinformationen<\/li>\n\n\n\n<li>Ankunftsdetails<\/li>\n\n\n\n<li>Hinweise zur Vorbereitung vor dem Kurs<\/li>\n<\/ul>\n\n\n\n<p><em>Zus\u00e4tzliche Updates werden per E-Mail gesendet oder auf der Website ver\u00f6ffentlicht.<\/em><em><\/em><\/p>\n\n\n\n<p><strong>Wen kontaktiere ich bei kurzfristigen \u00c4nderungen?<\/strong><\/p>\n\n\n\n<ul class=\"wp-block-list\">\n<li><strong>IBBSS Verwaltungsteam:<\/strong> 01642 714464<\/li>\n\n\n\n<li><strong>E-Mail:<\/strong> registration@ibbss.com<\/li>\n<\/ul>\n\n\n\n<p><strong>Notrufe<\/strong><\/p>\n\n\n\n<p>W\u00e4hrend IBBSS werden die Teilnehmer in Proben und Sitzungen sein, in denen Mobiltelefone ausgeschaltet sein m\u00fcssen. Aus diesem Grund wird eine Notrufnummer im Teilnehmerpaket bereitgestellt. <\/p>\n\n\n\n<p>Teilnehmer k\u00f6nnen diese Nummer nur f\u00fcr dringende Situationen (einschlie\u00dflich Ruhezeiten) mit Familie oder Kontakten zu Hause teilen. Dies stellt sicher, dass wichtige Nachrichten das Verwaltungsteam erreichen k\u00f6nnen, das die Informationen umgehend an die Teilnehmer weiterleiten wird. <br\/><br\/><\/p>\n\n\n\n<h2 class=\"wp-block-heading\"><strong>2. Unterkunftsoptionen f\u00fcr Teilnehmer (\u00dcberarbeitet)<\/strong><\/h2>\n\n\n\n<p>IBBSS bietet drei Unterkunftsm\u00f6glichkeiten, damit Teilnehmer den Grad an Komfort, Kosten und Bequemlichkeit w\u00e4hlen k\u00f6nnen, der ihnen am besten passt.<\/p>\n\n\n\n<p><strong>1. Universit\u00e4tsunterkunft \u2013 Abendessen, \u00dcbernachtung &amp; Fr\u00fchst\u00fcck (Einzelzimmer)<\/strong><\/p>\n\n\n\n<p>Teilnehmer k\u00f6nnen in <strong>Einzelzimmern mit Bad der Swansea University<\/strong> auf dem Singleton Campus \u00fcbernachten.<\/p>\n\n\n\n<p>Diese Option beinhaltet:<\/p>\n\n\n\n<ul class=\"wp-block-list\">\n<li>Abendessen, \u00dcbernachtung &amp; Fr\u00fchst\u00fcck<\/li>\n\n\n\n<li>Privates Einzelzimmer mit Bad<\/li>\n\n\n\n<li>Gemeinschaftliche K\u00fccheneinrichtungen<\/li>\n\n\n\n<li>Kurze Gehdistanz zu den Kursorten<\/li>\n\n\n\n<li>DDA-zug\u00e4ngliche Zimmer verf\u00fcgbar<\/li>\n<\/ul>\n\n\n\n<p><strong>2. Empfohlene Hotels \u2013 Nur Abendessen + Optionaler Shuttlebus<\/strong><\/p>\n\n\n\n<p>Teilnehmer k\u00f6nnen eines der von IBBSS empfohlenen Hotels w\u00e4hlen.<br\/>Diese Hotels bieten ein gutes Preis-Leistungs-Verh\u00e4ltnis, wurden vom IBBSS-Team \u00fcberpr\u00fcft und sind fu\u00dfl\u00e4ufig vom Veranstaltungsort erreichbar.<\/p>\n\n\n\n<p>Diese Option beinhaltet:<\/p>\n\n\n\n<ul class=\"wp-block-list\">\n<li>Abendessen mit allen Teilnehmern<\/li>\n\n\n\n<li>Optionaler Shuttlebus-Service f\u00fcr diejenigen, die nicht zu Fu\u00df gehen m\u00f6chten<\/li>\n\n\n\n<li>M\u00f6glichkeit, zu:<\/li>\n<\/ul>\n\n\n\n<ul class=\"wp-block-list\">\n<li>Zimmer teilen, um Kosten zu senken, oder\n<ul class=\"wp-block-list\">\n<li>Upgrade auf Hotels, Airbnb oder lokale B&amp;B<\/li>\n<\/ul>\n<\/li>\n<\/ul>\n\n\n\n<p>Teilnehmer organisieren ihr eigenes Fr\u00fchst\u00fcck basierend auf der von ihnen gew\u00e4hlten Unterkunft.<\/p>\n\n\n\n<p><strong>3. Selbstgew\u00e4hlte Unterkunft \u2013 Nur Abendessen (Kein Shuttlebus vorhanden)<\/strong><\/p>\n\n\n\n<p>Teilnehmer k\u00f6nnen jede Unterkunft buchen, die nicht auf der empfohlenen Liste steht, einschlie\u00dflich Airbnb, Pensionen, Campingpl\u00e4tzen, Familienaufenthalten oder weiter entfernten Premium-Hotels.<\/p>\n\n\n\n<p>Diese Option beinhaltet:<\/p>\n\n\n\n<ul class=\"wp-block-list\">\n<li><strong>Abendessen mit allen Teilnehmern<\/strong><\/li>\n\n\n\n<li>Volle Teilnahme an allen Kursaktivit\u00e4ten<\/li>\n<\/ul>\n\n\n\n<p>Diese Option beinhaltet keinen Shuttle-Transport, und Teilnehmer m\u00fcssen ihre eigene An- und Abreise zum und vom Veranstaltungsort organisieren.<\/p>\n\n\n\n<p><strong>Parken<\/strong><\/p>\n\n\n\n<p><strong>Ist Parken am Veranstaltungsort verf\u00fcgbar?<\/strong><\/p>\n\n\n\n<p>Das Parken auf Universit\u00e4ts- und Gemeindegel\u00e4nden bleibt begrenzt.<br\/>Das IBBSS-Team arbeitet aktiv mit den lokalen Beh\u00f6rden zusammen, um kosteng\u00fcnstige\/kostenlose Parkm\u00f6glichkeiten zu sichern. Endg\u00fcltige Details werden im digitalen Teilnehmerpaket enthalten sein. <\/p>\n\n\n\n<p><strong>Kurszusammenhalt<\/strong><\/p>\n\n\n\n<p><strong>Werden neue Unterkunftsoptionen den Zusammenhalt des Kurses beeinflussen?<\/strong><\/p>\n\n\n\n<p>Nein. Abendessen und soziale Aktivit\u00e4ten bleiben zentral f\u00fcr das IBBSS-Erlebnis, und alle Teilnehmer speisen gemeinsam. Ein spezieller sozialer Treffpunkt wird ebenfalls jeden Abend betrieben.  <\/p>\n\n\n\n<p><strong>Wird die Entfernung von meinem Hotel die Teilnahme einschr\u00e4nken?<\/strong><\/p>\n\n\n\n<p>Unterst\u00fctzte Hotels sind alle innerhalb von 15 Gehminuten erreichbar.<br\/>Der IBBSS-Shuttle f\u00e4hrt:<\/p>\n\n\n\n<ul class=\"wp-block-list\">\n<li>Vor den Vormittagssitzungen<\/li>\n\n\n\n<li>Nach den letzten geplanten Aktivit\u00e4ten<\/li>\n\n\n\n<li>Nach Schlie\u00dfung des sozialen Treffpunkts<\/li>\n<\/ul>\n\n\n\n<h2 class=\"wp-block-heading\"><strong>3. Verpflegung &amp; Catering<\/strong><\/h2>\n\n\n\n<p><strong>Welche Verbesserungen im Catering wurden vorgenommen?<\/strong><\/p>\n\n\n\n<p>Mahlzeiten werden von einem preisgekr\u00f6nten Catering-Unternehmen in einem speziellen Essbereich bereitgestellt. Vegetarische, vegane, glutenfreie und andere Anforderungen werden voll unterst\u00fctzt \u2013 bitte bei der Anmeldung angeben. <\/p>\n\n\n\n<p><strong>Werden die Teilnehmer weiterhin zusammen essen?<\/strong><\/p>\n\n\n\n<p>Ja. Gemeinsame Mahlzeiten bleiben ein wichtiger Bestandteil des Kurserlebnisses. <\/p>\n\n\n\n<p><strong>Warum wird kein Mittagessen angeboten?<\/strong><\/p>\n\n\n\n<p>Das Feedback von IBBSS-Teilnehmern zeigte, dass die meisten Menschen die Freiheit bevorzugen, ihre eigenen Mittagsoptionen zu w\u00e4hlen. Da der neue Veranstaltungsort in der N\u00e4he des Stadtzentrums liegt, begr\u00fc\u00dfen viele Teilnehmer die M\u00f6glichkeit, nach drau\u00dfen zu gehen, eine Pause zu genie\u00dfen und eine gro\u00dfe Auswahl an Caf\u00e9s, Restaurants und Gesch\u00e4ften in ihrem eigenen Tempo und Budget zu erkunden.  <\/p>\n\n\n\n<p>F\u00fcr diejenigen, die lieber im Geb\u00e4ude bleiben m\u00f6chten, bietet der Veranstaltungsort auch eigene Catering-Einrichtungen, die Getr\u00e4nke, leichte Snacks und Mittagsoptionen anbieten.<\/p>\n\n\n\n<p>Dieser flexible Ansatz erm\u00f6glicht es jedem, das zu w\u00e4hlen, was f\u00fcr ihn am besten passt, w\u00e4hrend die Gesamtkurskosten niedrig gehalten werden.<\/p>\n\n\n\n<p><strong>Sind tags\u00fcber Erfrischungen verf\u00fcgbar?<\/strong><\/p>\n\n\n\n<p>Ja. Tee, Kaffee und leichte Erfrischungen sind w\u00e4hrend der geplanten Pausen erh\u00e4ltlich.<br\/>Nahegelegene Caf\u00e9s und Gesch\u00e4fte bieten zus\u00e4tzliche Optionen. <\/p>\n\n\n\n<h2 class=\"wp-block-heading\"><strong>4. Kursinhalte &amp; Struktur<\/strong><\/h2>\n\n\n\n<p><strong>Haben sich die Kursinhalte dieses Jahr ge\u00e4ndert?<\/strong><\/p>\n\n\n\n<p>Das Kernformat von IBBSS bleibt gleich, aber Verbesserungen umfassen:<\/p>\n\n\n\n<ul class=\"wp-block-list\">\n<li>Erweiterte Meisterkurse<\/li>\n\n\n\n<li>Mehr optionale Nachmittagssitzungen<\/li>\n\n\n\n<li>Zus\u00e4tzliche M\u00f6glichkeiten f\u00fcr individuelles Coaching<\/li>\n<\/ul>\n\n\n\n<p><strong>Gibt es einen Fokus auf bestimmte Musikstile?<\/strong><\/p>\n\n\n\n<p>Das Repertoire balanciert weiterhin:<\/p>\n\n\n\n<ul class=\"wp-block-list\">\n<li>Traditionelle Blasmusik<\/li>\n\n\n\n<li>Zeitgen\u00f6ssische Werke<\/li>\n\n\n\n<li>Leichtere und Unterhaltungsst\u00fccke<\/li>\n<\/ul>\n\n\n\n<p><strong>Wird es neues Material f\u00fcr wiederkehrende Teilnehmer geben?<\/strong><\/p>\n\n\n\n<p>Ja. Jedes Jahr werden neues Repertoire, Gastdozenten und Workshoptemen eingef\u00fchrt. <\/p>\n\n\n\n<p><strong>Gibt es Auftrittsm\u00f6glichkeiten?<\/strong><\/p>\n\n\n\n<p>Ja. Teilnehmer treten auf in: <\/p>\n\n\n\n<ul class=\"wp-block-list\">\n<li>Brass in Concert Unterhaltungsveranstaltung<\/li>\n\n\n\n<li>Abschluss-Galakonzert<\/li>\n\n\n\n<li>Optionale Solo-\/Ensemble-M\u00f6glichkeiten<\/li>\n<\/ul>\n\n\n\n<p><strong>Zus\u00e4tzliche Veranstaltung \u2013 Meisterkurs f\u00fcr hohes &amp; tiefes Blech (1. August)<\/strong><\/p>\n\n\n\n<p><strong>Was ist die Meisterkurs-Veranstaltung am 1. August?<\/strong><\/p>\n\n\n\n<p>IBBSS veranstaltet am 1. August einen speziellen eint\u00e4gigen Meisterkurs f\u00fcr hohes &amp; tiefes Blech, geleitet von unseren erfahrenen Dozenten. Diese Veranstaltung bietet gezielte technische Entwicklung, Ensemble-M\u00f6glichkeiten und Kleingruppen-Coaching. <\/p>\n\n\n\n<p><strong>Wie viel kostet es f\u00fcr IBBSS-Teilnehmer?<\/strong><\/p>\n\n\n\n<p>Es gibt zwei Preisoptionen, abh\u00e4ngig von Ihrer Unterkunftswahl:<\/p>\n\n\n\n<p>1. Teilnehmer mit dem Universit\u00e4tsunterkunftspaket. Diejenigen, die f\u00fcr den Hauptkurs mit einem Universit\u00e4tsunterkunftspaket (Abendessen, \u00dcbernachtung &amp; Fr\u00fchst\u00fcck) angemeldet sind, k\u00f6nnen den Meisterkurs f\u00fcr 199 \u00a3 besuchen. Dies beinhaltet:  <\/p>\n\n\n\n<p>\u2022 Zugang zum Meisterkurs<\/p>\n\n\n\n<p>\u2022 1 \u00dcbernachtung in der Universit\u00e4tsunterkunft (31. Juli oder 1. August, je nach Zeitplan)<\/p>\n\n\n\n<p>\u2022 Fr\u00fchst\u00fcck &amp; Mittagessen inklusive<\/p>\n\n\n\n<p>2. Teilnehmer, die eine selbst organisierte Unterkunft w\u00e4hlen<\/p>\n\n\n\n<p>Teilnehmer, die in selbst gebuchter Unterkunft \u00fcbernachten, k\u00f6nnen den Meisterkurs f\u00fcr 99 \u00a3 besuchen.<\/p>\n\n\n\n<p>Dies beinhaltet vollen Zugang zu den Tages-Sitzungen, Workshops und Ensemble-Aktivit\u00e4ten.<\/p>\n\n\n\n<p>Wer kann teilnehmen?<\/p>\n\n\n\n<p>Alle IBBSS-Teilnehmer sind willkommen, unabh\u00e4ngig vom Spielniveau. Pl\u00e4tze k\u00f6nnen der \u00d6ffentlichkeit zug\u00e4nglich gemacht werden, falls die Kapazit\u00e4t dies zul\u00e4sst. <\/p>\n\n\n\n<p><strong>Wie melde ich mich an?<\/strong><\/p>\n\n\n\n<p>Vollst\u00e4ndige Details und ein Buchungslink werden auf der IBBSS-Website verf\u00fcgbar sein und in den Teilnehmerkommunikationen enthalten sein.<\/p>\n\n\n\n<p><strong>K\u00f6nnen Nicht-Teilnehmer Auff\u00fchrungen besuchen?<\/strong><\/p>\n\n\n\n<p>Ja. \u00d6ffentlicher Zutritt ist f\u00fcr Konzerte und einige Abendveranstaltungen gestattet.<br\/>Details zum Veranstaltungsort und zu den Tickets werden n\u00e4her am Event ver\u00f6ffentlicht. <\/p>\n\n\n\n<h2 class=\"wp-block-heading\"><strong>5. Spielniveau der Teilnehmer &amp; Allgemeine Hinweise<\/strong><\/h2>\n\n\n\n<p><strong>Welches Spielniveau wird erwartet?<\/strong><\/p>\n\n\n\n<p>IBBSS hei\u00dft Musiker aller F\u00e4higkeiten willkommen und bietet:<\/p>\n\n\n\n<ul class=\"wp-block-list\">\n<li>Eine unterst\u00fctzende, nicht-wertende Umgebung<\/li>\n\n\n\n<li>Angemessen herausfordernde Platzierung in Ensembles<\/li>\n\n\n\n<li>Anf\u00e4ngerfreundliche und Entwicklungs-Ensembles<\/li>\n\n\n\n<li>M\u00f6glichkeiten, sich im eigenen Tempo zu entwickeln<\/li>\n<\/ul>\n\n\n\n<p><strong>Welche praktische Unterst\u00fctzung ist verf\u00fcgbar?<\/strong><\/p>\n\n\n\n<p>Dozenten bieten:<\/p>\n\n\n\n<ul class=\"wp-block-list\">\n<li>Einzelunterricht<\/li>\n\n\n\n<li>Sektionsproben<\/li>\n\n\n\n<li>Anleitung zu geeigneten Sitzpositionen<\/li>\n\n\n\n<li>Mentoring w\u00e4hrend der gesamten Woche<\/li>\n<\/ul>\n\n\n\n<p><strong>Ich bin mir unsicher, ob meine F\u00e4higkeiten geeignet sind \u2013 was soll ich tun?<\/strong><\/p>\n\n\n\n<p>Kontaktieren Sie das IBBSS-Team vor der Anmeldung f\u00fcr eine pers\u00f6nliche Beratung.<\/p>\n\n\n\n<p><strong>Welche Unterst\u00fctzung wird Erstteilnehmern angeboten?<\/strong><\/p>\n\n\n\n<p>Neue Teilnehmer werden herzlich willkommen gehei\u00dfen. Ein Mentor (erfahrener Teilnehmer) kann auf Wunsch zugewiesen werden. <\/p>\n\n\n\n<p><strong>Kann ich ein Instrument ausleihen?<\/strong><\/p>\n\n\n\n<p>Teilnehmer m\u00fcssen ihre eigenen Instrumente mitbringen. F\u00fcr Tubisten aus \u00dcbersee kann IBBSS jedoch helfen, Anbieter f\u00fcr Kurzzeitmieten zu finden. Bitte erkundigen Sie sich rechtzeitig.  <\/p>\n\n\n\n<p><strong>Wie kann ich mich am besten vor der Anreise vorbereiten?<\/strong><\/p>\n\n\n\n<ul class=\"wp-block-list\">\n<li><strong>Ihr Spiel auffrischen<\/strong> \u2013 Ausdauer und Selbstvertrauen aufbauen<\/li>\n\n\n\n<li><strong>Ihr Instrument \u00fcberpr\u00fcfen<\/strong> \u2013 sicherstellen, dass Ventile, Z\u00fcge, D\u00e4mpfer und Zubeh\u00f6r in einwandfreiem Zustand sind<\/li>\n\n\n\n<li><strong>Ihren eigenen Notenst\u00e4nder mitbringen<\/strong> (erforderlich)<\/li>\n\n\n\n<li><strong>Das Repertoire \u00fcberpr\u00fcfen<\/strong>, sobald es ver\u00f6ffentlicht ist<\/li>\n\n\n\n<li><strong>Angemessene Kleidung einpacken<\/strong> \u2013 einschlie\u00dflich Konzertkleidung<\/li>\n\n\n\n<li><strong>Reise- und Unterkunftsdetails \u00fcberpr\u00fcfen<\/strong> im Voraus<\/li>\n\n\n\n<li><strong>Bereit sein, sich einzubringen<\/strong> mit Dozenten und anderen Musikern<\/li>\n<\/ul>\n\n\n\n<h2 class=\"wp-block-heading\"><strong>6. Wohlbefinden &amp; Barrierefreiheit<\/strong><\/h2>\n\n\n\n<p><strong>Was ist, wenn ich Ern\u00e4hrungs-, medizinische oder Barrierefreiheitsbed\u00fcrfnisse habe?<\/strong><\/p>\n\n\n\n<p>Bitte geben Sie alle Anforderungen bei der Anmeldung an. IBBSS behandelt diese Informationen vertraulich und stellt sicher, dass alle Vorkehrungen vor der Anreise getroffen werden. <\/p>\n\n\n\n<p><strong>Ist medizinische Hilfe verf\u00fcgbar?<\/strong><\/p>\n\n\n\n<p>Erste Hilfe ist vor Ort verf\u00fcgbar. Lokale NHS-Einrichtungen sind in der N\u00e4he, und das Personal kann bei Bedarf mit Transport oder Vorkehrungen helfen. <\/p>\n\n\n\n<p><strong>Ist der Veranstaltungsort f\u00fcr Personen mit eingeschr\u00e4nkter Mobilit\u00e4t zug\u00e4nglich?<\/strong><\/p>\n\n\n\n<p>Ja. Alle wichtigen Bereiche (Unterkunft, Unterrichtsr\u00e4ume, Veranstaltungsorte) sind \u00fcber Rampen oder Aufz\u00fcge zug\u00e4nglich. DDA-angepasste Zimmer sind f\u00fcr \u00dcbernachtungsg\u00e4ste verf\u00fcgbar, und es kann auch Unterst\u00fctzung f\u00fcr diejenigen angeboten werden, die private Unterk\u00fcnfte organisieren.  <\/p>\n<\/div>\n\n<div class=\"gbp-section gb-element-d61e03dc\">\n<div class=\"gbp-section__inner gb-element-2ef57ce2\">\n<img loading=\"lazy\" decoding=\"async\" width=\"1274\" height=\"737\" class=\"gb-media-ac6921fc\" src=\"http:\/\/www.ibbss.com\/wp-content\/uploads\/2025\/07\/IBBSS-LOGO.jpg\" title=\"I\" alt=\"\" srcset=\"https:\/\/ibbss.com\/wp-content\/uploads\/2025\/07\/IBBSS-LOGO.jpg 1274w, https:\/\/ibbss.com\/wp-content\/uploads\/2025\/07\/IBBSS-LOGO-600x347.jpg 600w, https:\/\/ibbss.com\/wp-content\/uploads\/2025\/07\/IBBSS-LOGO-1200x694.jpg 1200w, https:\/\/ibbss.com\/wp-content\/uploads\/2025\/07\/IBBSS-LOGO-768x444.jpg 768w\" sizes=\"auto, (max-width: 1274px) 100vw, 1274px\" \/>\n\n\n\n<div>\n<h2 class=\"wp-block-heading has-accent-color has-text-color has-link-color wp-elements-9800d56cd53e79a8c1f1a4d4e3845f9e\"><strong>Jetzt registrieren<\/strong><\/h2>\n\n\n\n<p>Die Pl\u00e4tze sind begrenzt \u2013 sichern Sie sich noch heute Ihren Platz, um Teil dieses einzigartigen musikalischen Ereignisses zu sein. <\/p>\n\n\n\n<a class=\"gb-text gb-text-c79a2e92\" href=\"\">JETZT registrieren<\/a>\n<\/div>\n<\/div>\n<\/div>\n","protected":false},"excerpt":{"rendered":"<p>IBBSS 2026 Sommerakademie Ort: Swansea, S\u00fcdwales Datum: Sonntag, 26. Juli \u2013 Samstag, 1. August JETZT buchen H\u00e4ufig gestellte Fragen f\u00fcr IBBSS (FAQ) 1. Anmeldung, Zahlungen &amp; Kommunikation Wie melde ich mich f\u00fcr den Kurs an und bezahle ihn? Alle Anmeldungen m\u00fcssen online \u00fcber das IBBSS Buchungsportal erfolgen. Eine Anzahlung (Kredit- oder Debitkarte) ist erforderlich, um &#8230; <a title=\"H\u00e4ufig gestellte Fragen von Teilnehmern (FAQ)\" class=\"read-more\" href=\"https:\/\/ibbss.com\/de\/haufig-gestellte-fragen-von-teilnehmern-faq\/\" aria-label=\"Mehr Informationen \u00fcber H\u00e4ufig gestellte Fragen von Teilnehmern (FAQ)\">Weiterlesen &#8230;<\/a><\/p>\n","protected":false},"author":4,"featured_media":0,"parent":0,"menu_order":2,"comment_status":"closed","ping_status":"closed","template":"","meta":{"_acf_changed":false,"footnotes":""},"class_list":["post-1991","page","type-page","status-publish"],"acf":[],"_links":{"self":[{"href":"https:\/\/ibbss.com\/de\/wp-json\/wp\/v2\/pages\/1991","targetHints":{"allow":["GET"]}}],"collection":[{"href":"https:\/\/ibbss.com\/de\/wp-json\/wp\/v2\/pages"}],"about":[{"href":"https:\/\/ibbss.com\/de\/wp-json\/wp\/v2\/types\/page"}],"author":[{"embeddable":true,"href":"https:\/\/ibbss.com\/de\/wp-json\/wp\/v2\/users\/4"}],"replies":[{"embeddable":true,"href":"https:\/\/ibbss.com\/de\/wp-json\/wp\/v2\/comments?post=1991"}],"version-history":[{"count":1,"href":"https:\/\/ibbss.com\/de\/wp-json\/wp\/v2\/pages\/1991\/revisions"}],"predecessor-version":[{"id":1992,"href":"https:\/\/ibbss.com\/de\/wp-json\/wp\/v2\/pages\/1991\/revisions\/1992"}],"wp:attachment":[{"href":"https:\/\/ibbss.com\/de\/wp-json\/wp\/v2\/media?parent=1991"}],"curies":[{"name":"wp","href":"https:\/\/api.w.org\/{rel}","templated":true}]}}