{"id":1661,"date":"2025-07-30T11:10:34","date_gmt":"2025-07-30T10:10:34","guid":{"rendered":"https:\/\/ibbss.com\/unsere-dozenten\/unsere-tutoren-richard-marshall\/"},"modified":"2025-11-19T17:46:07","modified_gmt":"2025-11-19T17:46:07","slug":"unsere-tutoren-richard-marshall","status":"publish","type":"page","link":"https:\/\/ibbss.com\/de\/unsere-dozenten\/unsere-tutoren-richard-marshall\/","title":{"rendered":"Unsere Tutoren \u2013 Richard Marshall"},"content":{"rendered":"\n<div class=\"gb-element-a4058368\">\n<div class=\"gb-element-ac7a1dbc\">\n<div>\n<img loading=\"lazy\" decoding=\"async\" width=\"550\" height=\"824\" class=\"gb-media-fe8716a9\" alt=\"\" src=\"http:\/\/www.ibbss.com\/wp-content\/uploads\/2025\/07\/Richard-Marshall.jpg\" title=\"Richard Marshall\" srcset=\"https:\/\/ibbss.com\/wp-content\/uploads\/2025\/07\/Richard-Marshall.jpg 550w, https:\/\/ibbss.com\/wp-content\/uploads\/2025\/07\/Richard-Marshall-400x600.jpg 400w\" sizes=\"auto, (max-width: 550px) 100vw, 550px\" \/>\n<\/div>\n\n\n\n<div>\n<p class=\"gb-text\"><strong>Richard Marshall<\/strong> gilt weithin als einer der besten Kornettisten der Welt. Von Elgar Howarth als \u201eder herausragendste Kornettist, den dieses Land je hervorgebracht hat\u201c beschrieben, ist Richard Solokornettist der legend\u00e4ren <strong>Black Dyke Band<\/strong> und bekleidet damit den \u201ehei\u00dfesten Stuhl im Brassband-Bereich\u201c. Bevor er 2006 beitrat, war er zehn Jahre lang Solokornettist bei der <strong>Grimethorpe Colliery Band<\/strong>.  &nbsp;<\/p>\n\n\n\n<p>Als gefeierter Solist hat Richard f\u00fcnf Soloalben ver\u00f6ffentlicht \u2013 darunter <em>Blaze<\/em> und <em>Eminence<\/em>, die beide zum Solo-CD des Jahres gek\u00fcrt wurden. Er hat wichtige Werke uraufgef\u00fchrt, die von f\u00fchrenden Komponisten f\u00fcr ihn geschrieben wurden, darunter Elgar Howarths <g id=\"gid_2\">Sonatina<\/g> und Edward Gregsons <g id=\"gid_3\">Cornet Concerto<\/g>. Seine Zusammenarbeit mit Philip Wilby f\u00fchrte auch zur Ver\u00f6ffentlichung von <em>Essentials<\/em>, einem zeitgen\u00f6ssischen Kornett-\u00dcbungsbuch f\u00fcr fortgeschrittene Spieler.   <br\/><br\/>Richard ist ein engagierter P\u00e4dagoge und unterrichtet am <strong>Royal Northern College of Music<\/strong>, am <strong>Birmingham Conservatoire<\/strong> und an der <strong>Salford University<\/strong>. Er ist au\u00dferdem als Tutor f\u00fcr das National Children\u2019s Brass Band of Great Britain und die Yorkshire Youth Brass Band t\u00e4tig.  <\/p>\n\n\n\n<p>Als <strong>Besson Artist and Clinician<\/strong> spielt Richard ausschlie\u00dflich auf dem Prestige Cornet mit seinem eigenen RM1 Signature-Mundst\u00fcck. Seine Karriere hat ihn zu ber\u00fchmten Veranstaltungsorten auf der ganzen Welt gef\u00fchrt, darunter das <strong>Sydney Opera House<\/strong> und die <strong>Carnegie Hall<\/strong>, was seinen Platz als wahrer Botschafter der Brassband-Tradition festigt.  <\/p>\n<\/div>\n<\/div>\n<\/div>\n","protected":false},"excerpt":{"rendered":"<p>Richard Marshall gilt weithin als einer der besten Kornettisten der Welt. Von Elgar Howarth als \u201eder herausragendste Kornettist, den dieses Land je hervorgebracht hat\u201c beschrieben, ist Richard Solokornettist der legend\u00e4ren Black Dyke Band und bekleidet damit den \u201ehei\u00dfesten Stuhl im Brassband-Bereich\u201c. Bevor er 2006 beitrat, war er zehn Jahre lang Solokornettist bei der Grimethorpe Colliery &#8230; <a title=\"Unsere Tutoren \u2013 Richard Marshall\" class=\"read-more\" href=\"https:\/\/ibbss.com\/de\/unsere-dozenten\/unsere-tutoren-richard-marshall\/\" aria-label=\"Mehr Informationen \u00fcber Unsere Tutoren \u2013 Richard Marshall\">Weiterlesen &#8230;<\/a><\/p>\n","protected":false},"author":5,"featured_media":0,"parent":1257,"menu_order":0,"comment_status":"closed","ping_status":"closed","template":"","meta":{"_acf_changed":false,"footnotes":""},"class_list":["post-1661","page","type-page","status-publish"],"acf":[],"_links":{"self":[{"href":"https:\/\/ibbss.com\/de\/wp-json\/wp\/v2\/pages\/1661","targetHints":{"allow":["GET"]}}],"collection":[{"href":"https:\/\/ibbss.com\/de\/wp-json\/wp\/v2\/pages"}],"about":[{"href":"https:\/\/ibbss.com\/de\/wp-json\/wp\/v2\/types\/page"}],"author":[{"embeddable":true,"href":"https:\/\/ibbss.com\/de\/wp-json\/wp\/v2\/users\/5"}],"replies":[{"embeddable":true,"href":"https:\/\/ibbss.com\/de\/wp-json\/wp\/v2\/comments?post=1661"}],"version-history":[{"count":2,"href":"https:\/\/ibbss.com\/de\/wp-json\/wp\/v2\/pages\/1661\/revisions"}],"predecessor-version":[{"id":1891,"href":"https:\/\/ibbss.com\/de\/wp-json\/wp\/v2\/pages\/1661\/revisions\/1891"}],"up":[{"embeddable":true,"href":"https:\/\/ibbss.com\/de\/wp-json\/wp\/v2\/pages\/1257"}],"wp:attachment":[{"href":"https:\/\/ibbss.com\/de\/wp-json\/wp\/v2\/media?parent=1661"}],"curies":[{"name":"wp","href":"https:\/\/api.w.org\/{rel}","templated":true}]}}