{"id":1654,"date":"2025-07-30T11:22:01","date_gmt":"2025-07-30T10:22:01","guid":{"rendered":"https:\/\/ibbss.com\/unsere-dozenten\/unsere-dozenten-owen-farr\/"},"modified":"2025-11-19T17:46:14","modified_gmt":"2025-11-19T17:46:14","slug":"unsere-dozenten-owen-farr","status":"publish","type":"page","link":"https:\/\/ibbss.com\/de\/unsere-dozenten\/unsere-dozenten-owen-farr\/","title":{"rendered":"Unsere Dozenten \u2013 Owen Farr"},"content":{"rendered":"\n<div class=\"gb-element-a4058368\">\n<div class=\"gb-element-ac7a1dbc\">\n<div class=\"gb-element-bdd81fb5\">\n<img loading=\"lazy\" decoding=\"async\" width=\"200\" height=\"280\" class=\"gb-media-fe8716a9\" alt=\"\" src=\"http:\/\/www.ibbss.com\/wp-content\/uploads\/2025\/07\/Owen-Farr.jpg\" title=\"Owen Farr\">\n<\/div>\n\n\n\n<div>\n<p class=\"gb-text\"><strong>Owen Farr <\/strong>hat Pontypool, S\u00fcdwales, mit seinem erstklassigen Tenorhornspiel und seinem Engagement f\u00fcr die Blechbl\u00e4serausbildung auf die musikalische Landkarte gesetzt. Im Alter von nur sechs Jahren begann Owen seine musikalische Reise bei der Pontypool Brass Band. Er stieg schnell auf und wurde Solohornist sowohl bei der <strong>Gwent County Youth Brass Band <\/strong>als auch bei der <strong>National Youth Brass Band of Wales<\/strong>. 1995 wurde er zum <strong>British Open Junior Solo Champion <\/strong>ernannt und im Alter von 16 Jahren Solohornist bei der <strong>Tredegar Town Band<\/strong>.  <\/p>\n\n\n\n<p>Owen studierte anschlie\u00dfend am <strong>Royal Northern College of Music<\/strong> und trat innerhalb von sechs Monaten der <strong>Williams Fairey Band <\/strong>bei. Von seinen Bandkollegen wurde er zum \u201eSpieler des Jahres\u201c gek\u00fcrt und spielte eine Schl\u00fcsselrolle bei zwei Siegen in den National Finals. Nach seinem Abschluss im Jahr 2002 wurde er sofort zum Tenorhornlehrer am RNCM ernannt und \u00fcbernahm auch eine Lehrt\u00e4tigkeit an der <strong>Liverpool University<\/strong>.   <\/p>\n\n\n\n<p>Als Gr\u00fcndungsmitglied von <strong>Sonar Brass<\/strong> trat Owen bei nationalen Sendungen auf, darunter <em>Listen to the Band <\/em>und <em>Friday Night is Music Night<\/em>. Er ist ein leidenschaftlicher Verfechter der Tenorhorn-P\u00e4dagogik und hat Lehrauftr\u00e4ge am <strong>Royal Welsh College of Music and Drama <\/strong>und am <strong>Birmingham Conservatoire<\/strong> inne. Zudem ist er ein <strong>Besson Clinician<\/strong> und tourt ausgiebig, um das Instrument zu f\u00f6rdern.  <\/p>\n\n\n\n<p>Nach seiner R\u00fcckkehr nach Wales im Jahr 2004, um der <strong>Buy As You View Band<\/strong> beizutreten, inspiriert Owen weiterhin durch seinen lyrischen Ton, seine technische Brillanz und sein Engagement f\u00fcr die Musikausbildung. Seine einzigartige Mischung aus Kunstfertigkeit und Gelehrsamkeit sichert ihm seinen Platz unter den f\u00fchrenden Blechbl\u00e4sermusikern und P\u00e4dagogen seiner Generation.  <\/p>\n<\/div>\n<\/div>\n<\/div>\n","protected":false},"excerpt":{"rendered":"<p>Owen Farr hat Pontypool, S\u00fcdwales, mit seinem erstklassigen Tenorhornspiel und seinem Engagement f\u00fcr die Blechbl\u00e4serausbildung auf die musikalische Landkarte gesetzt. Im Alter von nur sechs Jahren begann Owen seine musikalische Reise bei der Pontypool Brass Band. Er stieg schnell auf und wurde Solohornist sowohl bei der Gwent County Youth Brass Band als auch bei der &#8230; <a title=\"Unsere Dozenten \u2013 Owen Farr\" class=\"read-more\" href=\"https:\/\/ibbss.com\/de\/unsere-dozenten\/unsere-dozenten-owen-farr\/\" aria-label=\"Mehr Informationen \u00fcber Unsere Dozenten \u2013 Owen Farr\">Weiterlesen &#8230;<\/a><\/p>\n","protected":false},"author":5,"featured_media":0,"parent":1257,"menu_order":0,"comment_status":"closed","ping_status":"closed","template":"","meta":{"_acf_changed":false,"footnotes":""},"class_list":["post-1654","page","type-page","status-publish"],"acf":[],"_links":{"self":[{"href":"https:\/\/ibbss.com\/de\/wp-json\/wp\/v2\/pages\/1654","targetHints":{"allow":["GET"]}}],"collection":[{"href":"https:\/\/ibbss.com\/de\/wp-json\/wp\/v2\/pages"}],"about":[{"href":"https:\/\/ibbss.com\/de\/wp-json\/wp\/v2\/types\/page"}],"author":[{"embeddable":true,"href":"https:\/\/ibbss.com\/de\/wp-json\/wp\/v2\/users\/5"}],"replies":[{"embeddable":true,"href":"https:\/\/ibbss.com\/de\/wp-json\/wp\/v2\/comments?post=1654"}],"version-history":[{"count":2,"href":"https:\/\/ibbss.com\/de\/wp-json\/wp\/v2\/pages\/1654\/revisions"}],"predecessor-version":[{"id":1900,"href":"https:\/\/ibbss.com\/de\/wp-json\/wp\/v2\/pages\/1654\/revisions\/1900"}],"up":[{"embeddable":true,"href":"https:\/\/ibbss.com\/de\/wp-json\/wp\/v2\/pages\/1257"}],"wp:attachment":[{"href":"https:\/\/ibbss.com\/de\/wp-json\/wp\/v2\/media?parent=1654"}],"curies":[{"name":"wp","href":"https:\/\/api.w.org\/{rel}","templated":true}]}}