{"id":1630,"date":"2025-07-30T11:31:57","date_gmt":"2025-07-30T10:31:57","guid":{"rendered":"https:\/\/ibbss.com\/unsere-dozenten\/unsere-dozenten-tom-hutchinson\/"},"modified":"2025-11-19T17:47:10","modified_gmt":"2025-11-19T17:47:10","slug":"unsere-dozenten-tom-hutchinson","status":"publish","type":"page","link":"https:\/\/ibbss.com\/de\/unsere-dozenten\/unsere-dozenten-tom-hutchinson\/","title":{"rendered":"Unsere Dozenten &#8211; Tom Hutchinson"},"content":{"rendered":"\n<div class=\"gb-element-a4058368\">\n<div class=\"gb-element-ac7a1dbc\">\n<div>\n<img loading=\"lazy\" decoding=\"async\" width=\"576\" height=\"1024\" class=\"gb-media-fe8716a9\" alt=\"\" src=\"http:\/\/www.ibbss.com\/wp-content\/uploads\/2025\/07\/Tom-Hutchinson.jpeg\" title=\"Tom Hutchinson\" srcset=\"https:\/\/ibbss.com\/wp-content\/uploads\/2025\/07\/Tom-Hutchinson.jpeg 576w, https:\/\/ibbss.com\/wp-content\/uploads\/2025\/07\/Tom-Hutchinson-338x600.jpeg 338w\" sizes=\"auto, (max-width: 576px) 100vw, 576px\" \/>\n<\/div>\n\n\n\n<div>\n<p class=\"gb-text\"><strong>Tom Hutchinson<\/strong> gilt als einer der weltweit f\u00fchrenden Kornettisten. Er begann im Alter von neun Jahren mit dem Spielen in seiner lokalen Band, <g id=\"gid_1\">Stannington<\/g>, und f\u00fchrte mit f\u00fcnfzehn Jahren die <g id=\"gid_2\">Rothwell Temperance Band<\/g> an. Als ehemaliger Solist und Leiter des <strong>National Youth Brass Band of Great Britain<\/strong> wurde Tom von Dr. Nicholas Childs eingeladen, der <strong>Black Dyke Band<\/strong> beizutreten, wo er vier Jahre lang spielte und zu bedeutenden Wettbewerbssiegen in Gro\u00dfbritannien und Europa beitrug.   <\/p>\n\n\n\n<p class=\"gb-text\">Nach seinem Abschluss am <strong>Royal Northern College of Music<\/strong> im Jahr 2009 wurde Tom zum <strong>Principal Cornet der Cory Band<\/strong> ernannt. Unter seiner F\u00fchrung erlebte Cory eine \u00c4ra au\u00dfergew\u00f6hnlichen Erfolgs \u2013 darunter mehrere Titel bei den British Open, den European Championships, Brass in Concert und den National Championships. Er wurde zweimal zum Spieler des Jahres der Band ernannt und war ma\u00dfgeblich am historischen <strong>Grand Slam<\/strong> von Cory und seiner zehnj\u00e4hrigen Herrschaft als weltweit f\u00fchrende Brass Band beteiligt.  &nbsp;<\/p>\n\n\n\n<p class=\"gb-text\">Zus\u00e4tzlich zu seiner Karriere als Interpret ist Tom ein leidenschaftlicher P\u00e4dagoge. Er ist <g id=\"gid_0\">Professor f\u00fcr Kornett am Royal Welsh College of Music and Drama<\/g> und Tutor f\u00fcr das <g id=\"gid_1\">National Youth Brass Band of Wales<\/g> und das <g id=\"gid_2\">National Children\u2019s Brass Band of Great Britain<\/g>. Als <g id=\"gid_3\">Besson Artist<\/g> repr\u00e4sentiert er die <g id=\"gid_4\">Buffet Crampon Group<\/g> international und ist als Solist in <g id=\"gid_5\">Australien, Neuseeland, Japan, Kanada<\/g> und den <g id=\"gid_6\">USA<\/g> aufgetreten. Sein erstes Soloalbum <em>In Principal<\/em> hat breite Anerkennung gefunden.   &nbsp;<\/p>\n<\/div>\n<\/div>\n<\/div>\n","protected":false},"excerpt":{"rendered":"<p>Tom Hutchinson gilt als einer der weltweit f\u00fchrenden Kornettisten. Er begann im Alter von neun Jahren mit dem Spielen in seiner lokalen Band, Stannington, und f\u00fchrte mit f\u00fcnfzehn Jahren die Rothwell Temperance Band an. Als ehemaliger Solist und Leiter des National Youth Brass Band of Great Britain wurde Tom von Dr. Nicholas Childs eingeladen, der &#8230; <a title=\"Unsere Dozenten &#8211; Tom Hutchinson\" class=\"read-more\" href=\"https:\/\/ibbss.com\/de\/unsere-dozenten\/unsere-dozenten-tom-hutchinson\/\" aria-label=\"Mehr Informationen \u00fcber Unsere Dozenten &#8211; Tom Hutchinson\">Weiterlesen &#8230;<\/a><\/p>\n","protected":false},"author":5,"featured_media":0,"parent":1257,"menu_order":0,"comment_status":"closed","ping_status":"closed","template":"","meta":{"_acf_changed":false,"footnotes":""},"class_list":["post-1630","page","type-page","status-publish"],"acf":[],"_links":{"self":[{"href":"https:\/\/ibbss.com\/de\/wp-json\/wp\/v2\/pages\/1630","targetHints":{"allow":["GET"]}}],"collection":[{"href":"https:\/\/ibbss.com\/de\/wp-json\/wp\/v2\/pages"}],"about":[{"href":"https:\/\/ibbss.com\/de\/wp-json\/wp\/v2\/types\/page"}],"author":[{"embeddable":true,"href":"https:\/\/ibbss.com\/de\/wp-json\/wp\/v2\/users\/5"}],"replies":[{"embeddable":true,"href":"https:\/\/ibbss.com\/de\/wp-json\/wp\/v2\/comments?post=1630"}],"version-history":[{"count":2,"href":"https:\/\/ibbss.com\/de\/wp-json\/wp\/v2\/pages\/1630\/revisions"}],"predecessor-version":[{"id":1953,"href":"https:\/\/ibbss.com\/de\/wp-json\/wp\/v2\/pages\/1630\/revisions\/1953"}],"up":[{"embeddable":true,"href":"https:\/\/ibbss.com\/de\/wp-json\/wp\/v2\/pages\/1257"}],"wp:attachment":[{"href":"https:\/\/ibbss.com\/de\/wp-json\/wp\/v2\/media?parent=1630"}],"curies":[{"name":"wp","href":"https:\/\/api.w.org\/{rel}","templated":true}]}}