{"id":1494,"date":"2025-07-30T11:03:33","date_gmt":"2025-07-30T10:03:33","guid":{"rendered":"https:\/\/ibbss.com\/unsere-dozenten\/unsere-dozenten-nicholas-childs\/"},"modified":"2025-11-19T17:46:00","modified_gmt":"2025-11-19T17:46:00","slug":"unsere-dozenten-nicholas-childs","status":"publish","type":"page","link":"https:\/\/ibbss.com\/de\/unsere-dozenten\/unsere-dozenten-nicholas-childs\/","title":{"rendered":"Unsere Dozenten \u2013 Nicholas Childs"},"content":{"rendered":"\n<div class=\"gb-element-a4058368\">\n<div class=\"gb-element-ac7a1dbc\">\n<div>\n<img loading=\"lazy\" decoding=\"async\" width=\"257\" height=\"385\" class=\"gb-media-fe8716a9\" alt=\"\" src=\"http:\/\/www.ibbss.com\/wp-content\/uploads\/2025\/07\/Nick-Childs-1-1.jpg\" title=\"Nick Childs\">\n<\/div>\n\n\n\n<div>\n<p><strong>Prof. Nicholas Childs<\/strong> ist ein weltweit anerkannter Dirigent, Euphonium-Solist, Produzent und P\u00e4dagoge, der weithin f\u00fcr seine F\u00fchrungsrolle in der Brassband-Welt gefeiert wird. Sein fr\u00fcher Erfolg kam durch internationale Auftritte mit seinem Bruder als <em>The Childs Brothers<\/em>, die das Publikum in gro\u00dfen Konzerth\u00e4usern auf der ganzen Welt fesselten. <\/p>\n\n\n\n<p>Als Chefdirigent und Musikdirektor der weltber\u00fchmten <strong>Black Dyke Band<\/strong> hat Dr. Childs nachhaltige Wettbewerbserfolge erzielt und durch k\u00fchne Programme und bedeutende Urauff\u00fchrungen von Komponisten wie Philip Wilby, Michael Ball und Peter Graham eine Welle der Innovation ausgel\u00f6st. Seine vision\u00e4re F\u00fchrung hat Black Dyke zu einem Eckpfeiler der modernen Brassband-Musik gemacht, einschlie\u00dflich bahnbrechender Auftritte an renommierten Veranstaltungsorten wie der Londoner <strong>Royal Albert Hall<\/strong>.  <\/p>\n\n\n\n<p>Als leidenschaftlicher Verfechter neuer Musik ist Dr. Childs der Gr\u00fcnder von <strong>Doyen Recordings<\/strong>, einem bahnbrechenden Label mit dem gr\u00f6\u00dften Katalog an Brassband-Aufnahmen. Seine Produktionen umfassen ikonische Werke und Kooperationen mit Ensembles wie der <strong>International Staff Band<\/strong>, dem <strong>BBC Philharmonic<\/strong> und <strong>Canadian Brass<\/strong>.  <\/p>\n\n\n\n<p>Neben der B\u00fchne ist Dr. Childs ein angesehener P\u00e4dagoge und Senior Tutor in Brass Band Studies am <strong>Royal Northern College of Music<\/strong>, wo er seit \u00fcber einem Jahrzehnt unterrichtet. Er bekleidet au\u00dferdem Positionen beim <strong>National Youth Brass Band of Great Britain<\/strong>, dem <strong>Brass Band Heritage Trust<\/strong> und hat als Gastdirigent Bands in ganz Europa, Nordamerika und Asien geleitet und nationale Meisterschaften in Frankreich, Norwegen, Schottland und Wales gewonnen.  <\/p>\n\n\n\n<p>Von seinen Wurzeln in der Tredegar Youth Band in Wales bis zum Gipfel der globalen Brass-Szene bleibt Dr. Childs bestrebt, Grenzen zu \u00fcberschreiten, die n\u00e4chste Generation zu f\u00f6rdern und die Brassband-Tradition auf der Weltb\u00fchne zu vertreten. <\/p>\n<\/div>\n<\/div>\n<\/div>\n","protected":false},"excerpt":{"rendered":"<p>Prof. Nicholas Childs ist ein weltweit anerkannter Dirigent, Euphonium-Solist, Produzent und P\u00e4dagoge, der weithin f\u00fcr seine F\u00fchrungsrolle in der Brassband-Welt gefeiert wird. Sein fr\u00fcher Erfolg kam durch internationale Auftritte mit seinem Bruder als The Childs Brothers, die das Publikum in gro\u00dfen Konzerth\u00e4usern auf der ganzen Welt fesselten. Als Chefdirigent und Musikdirektor der weltber\u00fchmten Black Dyke &#8230; <a title=\"Unsere Dozenten \u2013 Nicholas Childs\" class=\"read-more\" href=\"https:\/\/ibbss.com\/de\/unsere-dozenten\/unsere-dozenten-nicholas-childs\/\" aria-label=\"Mehr Informationen \u00fcber Unsere Dozenten \u2013 Nicholas Childs\">Weiterlesen &#8230;<\/a><\/p>\n","protected":false},"author":5,"featured_media":0,"parent":1257,"menu_order":0,"comment_status":"closed","ping_status":"closed","template":"","meta":{"_acf_changed":false,"footnotes":""},"class_list":["post-1494","page","type-page","status-publish"],"acf":[],"_links":{"self":[{"href":"https:\/\/ibbss.com\/de\/wp-json\/wp\/v2\/pages\/1494","targetHints":{"allow":["GET"]}}],"collection":[{"href":"https:\/\/ibbss.com\/de\/wp-json\/wp\/v2\/pages"}],"about":[{"href":"https:\/\/ibbss.com\/de\/wp-json\/wp\/v2\/types\/page"}],"author":[{"embeddable":true,"href":"https:\/\/ibbss.com\/de\/wp-json\/wp\/v2\/users\/5"}],"replies":[{"embeddable":true,"href":"https:\/\/ibbss.com\/de\/wp-json\/wp\/v2\/comments?post=1494"}],"version-history":[{"count":2,"href":"https:\/\/ibbss.com\/de\/wp-json\/wp\/v2\/pages\/1494\/revisions"}],"predecessor-version":[{"id":1880,"href":"https:\/\/ibbss.com\/de\/wp-json\/wp\/v2\/pages\/1494\/revisions\/1880"}],"up":[{"embeddable":true,"href":"https:\/\/ibbss.com\/de\/wp-json\/wp\/v2\/pages\/1257"}],"wp:attachment":[{"href":"https:\/\/ibbss.com\/de\/wp-json\/wp\/v2\/media?parent=1494"}],"curies":[{"name":"wp","href":"https:\/\/api.w.org\/{rel}","templated":true}]}}