{"id":1483,"date":"2025-07-30T11:52:26","date_gmt":"2025-07-30T10:52:26","guid":{"rendered":"https:\/\/ibbss.com\/unsere-dozenten\/unsere-tutoren-matthew-routley\/"},"modified":"2025-11-19T17:46:33","modified_gmt":"2025-11-19T17:46:33","slug":"unsere-tutoren-matthew-routley","status":"publish","type":"page","link":"https:\/\/ibbss.com\/de\/unsere-dozenten\/unsere-tutoren-matthew-routley\/","title":{"rendered":"Unsere Tutoren \u2013 Matthew Routley"},"content":{"rendered":"\n<div class=\"gb-element-a4058368\">\n<div class=\"gb-element-ac7a1dbc\">\n<div>\n<img loading=\"lazy\" decoding=\"async\" width=\"600\" height=\"600\" class=\"gb-media-fe8716a9\" alt=\"\" src=\"http:\/\/www.ibbss.com\/wp-content\/uploads\/2025\/07\/Matthew-Routely.jpg\" title=\"Matthew Routley\" srcset=\"https:\/\/ibbss.com\/wp-content\/uploads\/2025\/07\/Matthew-Routely.jpg 600w, https:\/\/ibbss.com\/wp-content\/uploads\/2025\/07\/Matthew-Routely-300x300.jpg 300w, https:\/\/ibbss.com\/wp-content\/uploads\/2025\/07\/Matthew-Routely-100x100.jpg 100w\" sizes=\"auto, (max-width: 600px) 100vw, 600px\" \/>\n<\/div>\n\n\n\n<div>\n<p class=\"gb-text\"><strong>Matthew Routley<\/strong> wurde in <strong>Tredegar<\/strong>, S\u00fcdwales, geboren und wuchs in <strong>Abergavenny<\/strong> auf, wo er im Alter von sieben Jahren seine musikalische Reise am Klavier begann, bevor er zu Blechblasinstrumenten wechselte und im Alter von 15 Jahren auf der <strong>Tuba<\/strong> seine musikalische Heimat fand. Er erhielt fr\u00fche Anleitung von Alun F. Williams und Eric Powell und spielte anschlie\u00dfend bei der <strong>Gwent Youth Brass Band<\/strong>, der <strong>National Youth Brass Band of Wales<\/strong> und der <strong>National Youth Brass Band of Great Britain<\/strong>.  <\/p>\n\n\n\n<p class=\"gb-text\">Matthew studierte Musik an der <strong>Huddersfield University<\/strong>, lernte bei Stuart Roebuck und begann seine Blasmusikkarriere bei der <strong>Sellers Engineering Band<\/strong>, bevor er 1994 der <strong>Yorkshire Building Society Band<\/strong> beitrat. 1995 trat er der <g id=\"gid_3\">Black Dyke Band<\/g> bei, wo er eine \u00fcber 25 Jahre andauernde, herausragende Karriere genoss. Zu den wichtigsten H\u00f6hepunkten z\u00e4hlen der Gewinn mehrerer nationaler \u201eDoppel\u201c- und \u201eDreifach\u201c-Meistertitel und Auftritte in Weltklasse-Veranstaltungsorten wie dem <strong>Sydney Opera House<\/strong>, der <strong>Tokyo Metropolitan Hall<\/strong> und dem <strong>KKL Luzern<\/strong>.  &nbsp;<\/p>\n\n\n\n<p class=\"gb-text\">Mit gro\u00dfem Engagement f\u00fcr die Jugendmusik ist Matthew <strong>Tuba-Tutor<\/strong> f\u00fcr die <strong>National Children\u2019s Brass Band of Great Britain<\/strong> sowie f\u00fcr die <strong>Yorkshire<\/strong> und <strong>Gwent Youth Brass Bands<\/strong>. Neben seinen musikalischen Verpflichtungen unterrichtet er <strong>Musik und Darstellende K\u00fcnste<\/strong> an <strong>The Sixth Form, Bolton<\/strong> und genie\u00dft in seiner Freizeit das Familienleben und geselliges Beisammensein. &nbsp;&nbsp;<\/p>\n<\/div>\n<\/div>\n<\/div>\n","protected":false},"excerpt":{"rendered":"<p>Matthew Routley wurde in Tredegar, S\u00fcdwales, geboren und wuchs in Abergavenny auf, wo er im Alter von sieben Jahren seine musikalische Reise am Klavier begann, bevor er zu Blechblasinstrumenten wechselte und im Alter von 15 Jahren auf der Tuba seine musikalische Heimat fand. Er erhielt fr\u00fche Anleitung von Alun F. Williams und Eric Powell und &#8230; <a title=\"Unsere Tutoren \u2013 Matthew Routley\" class=\"read-more\" href=\"https:\/\/ibbss.com\/de\/unsere-dozenten\/unsere-tutoren-matthew-routley\/\" aria-label=\"Mehr Informationen \u00fcber Unsere Tutoren \u2013 Matthew Routley\">Weiterlesen &#8230;<\/a><\/p>\n","protected":false},"author":5,"featured_media":0,"parent":1257,"menu_order":0,"comment_status":"closed","ping_status":"closed","template":"","meta":{"_acf_changed":false,"footnotes":""},"class_list":["post-1483","page","type-page","status-publish"],"acf":[],"_links":{"self":[{"href":"https:\/\/ibbss.com\/de\/wp-json\/wp\/v2\/pages\/1483","targetHints":{"allow":["GET"]}}],"collection":[{"href":"https:\/\/ibbss.com\/de\/wp-json\/wp\/v2\/pages"}],"about":[{"href":"https:\/\/ibbss.com\/de\/wp-json\/wp\/v2\/types\/page"}],"author":[{"embeddable":true,"href":"https:\/\/ibbss.com\/de\/wp-json\/wp\/v2\/users\/5"}],"replies":[{"embeddable":true,"href":"https:\/\/ibbss.com\/de\/wp-json\/wp\/v2\/comments?post=1483"}],"version-history":[{"count":2,"href":"https:\/\/ibbss.com\/de\/wp-json\/wp\/v2\/pages\/1483\/revisions"}],"predecessor-version":[{"id":1922,"href":"https:\/\/ibbss.com\/de\/wp-json\/wp\/v2\/pages\/1483\/revisions\/1922"}],"up":[{"embeddable":true,"href":"https:\/\/ibbss.com\/de\/wp-json\/wp\/v2\/pages\/1257"}],"wp:attachment":[{"href":"https:\/\/ibbss.com\/de\/wp-json\/wp\/v2\/media?parent=1483"}],"curies":[{"name":"wp","href":"https:\/\/api.w.org\/{rel}","templated":true}]}}