{"id":1466,"date":"2025-07-30T11:46:58","date_gmt":"2025-07-30T10:46:58","guid":{"rendered":"https:\/\/ibbss.com\/unsere-dozenten\/unsere-dozenten-chris-williams\/"},"modified":"2025-11-19T17:46:28","modified_gmt":"2025-11-19T17:46:28","slug":"unsere-dozenten-chris-williams","status":"publish","type":"page","link":"https:\/\/ibbss.com\/de\/unsere-dozenten\/unsere-dozenten-chris-williams\/","title":{"rendered":"Unsere Dozenten \u2013 Chris Williams"},"content":{"rendered":"\n<div class=\"gb-element-a4058368\">\n<div class=\"gb-element-ac7a1dbc\">\n<div>\n<img loading=\"lazy\" decoding=\"async\" width=\"768\" height=\"434\" class=\"gb-media-fe8716a9\" alt=\"\" src=\"http:\/\/www.ibbss.com\/wp-content\/uploads\/2025\/07\/Chris-Williams.jpeg\" title=\"Chris Williams\" srcset=\"https:\/\/ibbss.com\/wp-content\/uploads\/2025\/07\/Chris-Williams.jpeg 768w, https:\/\/ibbss.com\/wp-content\/uploads\/2025\/07\/Chris-Williams-600x339.jpeg 600w\" sizes=\"auto, (max-width: 768px) 100vw, 768px\" \/>\n<\/div>\n\n\n\n<div>\n<p class=\"gb-text\"><strong>Christopher Williams<\/strong> ist ein walisischer Pianist, Komponist, Dirigent und P\u00e4dagoge mit einer dynamischen Karriere, die Auftritte, Aufnahmen und Lehrt\u00e4tigkeiten umfasst. Als Absolvent der <strong>Cardiff University<\/strong> ist er derzeit <strong>stellvertretender Direktor des BBC National Chorus of Wales<\/strong> und regelm\u00e4\u00dfiger Pianist beim <strong>BBC National Orchestra of Wales<\/strong>, wo er bei den <strong>BBC Proms<\/strong> auftritt und Aufnahmen f\u00fcr <strong>Chandos<\/strong>, <strong>Hyperion<\/strong> und <strong>Naxos<\/strong> macht.&nbsp;<\/p>\n\n\n\n<p>Seit 1997 ist Christopher als Korrepetitor am <strong>Royal Welsh College of Music and Drama<\/strong> t\u00e4tig und unterrichtet seit 2001 Klavier an der <strong>Cardiff University<\/strong>. Er studierte bei Richard McMahon, Simon Shewring und Martin Jones und wurde stark von seinem ersten Lehrer, <g id=\"gid_2\">Walter Ryan<\/g>, beeinflusst, der sein Interesse an weniger bekanntem Repertoire weckte. Diese Leidenschaft f\u00fchrte zu Auff\u00fchrungen selten geh\u00f6rter Konzerte von <strong>Reinecke<\/strong> und <strong>Rubinstein<\/strong>.   <\/p>\n\n\n\n<p>Als gefragter Kammermusiker hat Christopher mit f\u00fchrenden K\u00fcnstlern wie <strong>Philippe Schartz<\/strong>, <strong>Catherine Tanner-Williams<\/strong>, <strong>Tim Thorpe<\/strong>, <strong>David Childs<\/strong> und <strong>Tine Thing Helseth<\/strong> zusammengearbeitet, wobei Aufnahmen bei <strong>Chandos<\/strong>, <strong>Willowhayne<\/strong> und <strong>Naxos<\/strong> ver\u00f6ffentlicht wurden. Sein Soloalbum mit <strong>Brahms-Transkriptionen<\/strong> auf Naxos\u2019 Grand Piano Label wurde von NDR Kultur zur <em>CD der Woche<\/em> gek\u00fcrt und f\u00fcr seine technische Brillanz und musikalische Tiefe gelobt.  <\/p>\n\n\n\n<p>Als bekanntes Gesicht bei <strong>BBC TV und Radio<\/strong> war Christopher offizieller Korrepetitor f\u00fcr den <strong>BBC Young Musician of the Year 2020<\/strong> und wurde auch bei <strong>Radio Luxembourg<\/strong> und <strong>NDR<\/strong> ausgestrahlt. <\/p>\n\n\n\n<p>Als Komponist hat er mehrere Werke f\u00fcr Blechbl\u00e4ser geschrieben, darunter <em>Chaos is a Ladder<\/em> (Posaune) und <em>Song of the Narrow Sea<\/em> (Trompete), wobei <em>XX Mountains of Abstract Thought<\/em> auf <strong>Lyric FM<\/strong> ausgestrahlt und von <strong>Naxos<\/strong> ver\u00f6ffentlicht wurde. .  <\/p>\n<\/div>\n<\/div>\n<\/div>\n","protected":false},"excerpt":{"rendered":"<p>Christopher Williams ist ein walisischer Pianist, Komponist, Dirigent und P\u00e4dagoge mit einer dynamischen Karriere, die Auftritte, Aufnahmen und Lehrt\u00e4tigkeiten umfasst. Als Absolvent der Cardiff University ist er derzeit stellvertretender Direktor des BBC National Chorus of Wales und regelm\u00e4\u00dfiger Pianist beim BBC National Orchestra of Wales, wo er bei den BBC Proms auftritt und Aufnahmen f\u00fcr &#8230; <a title=\"Unsere Dozenten \u2013 Chris Williams\" class=\"read-more\" href=\"https:\/\/ibbss.com\/de\/unsere-dozenten\/unsere-dozenten-chris-williams\/\" aria-label=\"Mehr Informationen \u00fcber Unsere Dozenten \u2013 Chris Williams\">Weiterlesen &#8230;<\/a><\/p>\n","protected":false},"author":5,"featured_media":0,"parent":1257,"menu_order":0,"comment_status":"closed","ping_status":"closed","template":"","meta":{"_acf_changed":false,"footnotes":""},"class_list":["post-1466","page","type-page","status-publish"],"acf":[],"_links":{"self":[{"href":"https:\/\/ibbss.com\/de\/wp-json\/wp\/v2\/pages\/1466","targetHints":{"allow":["GET"]}}],"collection":[{"href":"https:\/\/ibbss.com\/de\/wp-json\/wp\/v2\/pages"}],"about":[{"href":"https:\/\/ibbss.com\/de\/wp-json\/wp\/v2\/types\/page"}],"author":[{"embeddable":true,"href":"https:\/\/ibbss.com\/de\/wp-json\/wp\/v2\/users\/5"}],"replies":[{"embeddable":true,"href":"https:\/\/ibbss.com\/de\/wp-json\/wp\/v2\/comments?post=1466"}],"version-history":[{"count":2,"href":"https:\/\/ibbss.com\/de\/wp-json\/wp\/v2\/pages\/1466\/revisions"}],"predecessor-version":[{"id":1912,"href":"https:\/\/ibbss.com\/de\/wp-json\/wp\/v2\/pages\/1466\/revisions\/1912"}],"up":[{"embeddable":true,"href":"https:\/\/ibbss.com\/de\/wp-json\/wp\/v2\/pages\/1257"}],"wp:attachment":[{"href":"https:\/\/ibbss.com\/de\/wp-json\/wp\/v2\/media?parent=1466"}],"curies":[{"name":"wp","href":"https:\/\/api.w.org\/{rel}","templated":true}]}}