{"id":1439,"date":"2025-07-30T11:37:29","date_gmt":"2025-07-30T10:37:29","guid":{"rendered":"https:\/\/ibbss.com\/unsere-dozenten\/unsere-dozenten-dr-l-brett-baker\/"},"modified":"2025-11-19T17:47:19","modified_gmt":"2025-11-19T17:47:19","slug":"unsere-dozenten-dr-l-brett-baker","status":"publish","type":"page","link":"https:\/\/ibbss.com\/de\/unsere-dozenten\/unsere-dozenten-dr-l-brett-baker\/","title":{"rendered":"Unsere Dozenten &#8211; Dr. L Brett Baker"},"content":{"rendered":"\n<div class=\"gb-element-a4058368\">\n<div class=\"gb-element-ac7a1dbc\">\n<div>\n<img loading=\"lazy\" decoding=\"async\" width=\"399\" height=\"600\" class=\"gb-media-fe8716a9\" alt=\"\" src=\"http:\/\/www.ibbss.com\/wp-content\/uploads\/2025\/07\/Brett-Baker.jpg\" title=\"Brett Baker\">\n<\/div>\n\n\n\n<div>\n<blockquote class=\"wp-block-quote is-layout-flow wp-block-quote-is-layout-flow\">\n<p><strong>Dr. L. Brett Baker \u2013 Posaunendozent und Dirigent<\/strong><\/p>\n\n\n\n<p>Dr. L. Brett Baker ist international als einer der f\u00fchrenden Posaunensolisten seiner Generation anerkannt. Bekannt f\u00fcr sein ausdrucksstarkes Spiel, seine makellose Technik und seinen Pioniergeist, hat sich Brett durch ein bemerkenswertes \u0152uvre an Solowerken, das Aufnahmen, Live-Auftritte und Bildungsarbeit umfasst, einen globalen Ruf erworben. <\/p>\n\n\n\n<p>Als leidenschaftlicher Verfechter neuer Musik hat Brett \u00fcber <strong>100 Solowerke<\/strong> f\u00fcr die Posaune in Auftrag gegeben und mit vielen der f\u00fchrenden Komponisten unserer Zeit zusammengearbeitet. Er ist einer der <strong>meist aufgenommenen Blechbl\u00e4sersolisten<\/strong> der Welt und hat \u00fcber <strong>40 Soloalben<\/strong> ver\u00f6ffentlicht, darunter acht unter seinem eigenen Label <em>White River Evocations<\/em>. Er war als Gastsolist auf weiteren 40 Aufnahmen bei gro\u00dfen Brassband- und Klassiklabels vertreten.  <\/p>\n\n\n\n<p>Bretts Solokarriere hat ihn durch Gro\u00dfbritannien, Europa, die USA, Australien, S\u00fcdamerika und Asien gef\u00fchrt, wo er in f\u00fchrenden Veranstaltungsorten und bei Festivals wie dem <strong>International Trombone Festival<\/strong>, <strong>Trombonanza<\/strong> und dem <strong>American Trombone Workshop<\/strong> aufgetreten ist. Sein Konzertplan sieht bis zu <strong>50 Soloauftritte j\u00e4hrlich<\/strong> vor, bei denen er auch Meisterkurse und Workshops zu Solotechnik und Performancekunst gibt. <\/p>\n\n\n\n<p>Zuvor war Brett 24 Jahre lang Principal Trombone der legend\u00e4ren <strong>Black Dyke Band<\/strong>, jetzt hat Brett den Solo-Posaunenplatz bei der <strong>Cory Band<\/strong> inne, der in Gro\u00dfbritannien f\u00fchrenden Brassband. Seine Kunstfertigkeit hat ihm Auszeichnungen wie den <strong>British Open Solo Championship title<\/strong> (dreimal) und den <strong>International Trombone Association\u2019s President\u2019s Award<\/strong> im Jahr 2020 eingebracht. <\/p>\n\n\n\n<p>Neben seiner T\u00e4tigkeit als Interpret ist Brett <strong>Sales Director und Global Artist Liaison f\u00fcr Denis Wick &amp; Alliance Products<\/strong> und seit langem <strong>K\u00fcnstler f\u00fcr Michael Rath Brass Instruments<\/strong>, mit denen er sein eigenes Mundst\u00fcck mitentwickelt hat. Als angesehener P\u00e4dagoge und Dirigent ist Brett auch Vorsitzender der <strong>Association of Brass Band Adjudicators<\/strong> und beeinflusst weiterhin die Zukunft des Blechs durch seine Lehrt\u00e4tigkeit und sein Mentoring. <\/p>\n<\/blockquote>\n\n\n\n<p class=\"gb-text\">Seit seinem Eintritt bei <strong>Black Dyke<\/strong> im Jahr 2000 unter Dr. Nicholas Childs hat Brett eine Schl\u00fcsselrolle bei zahlreichen wichtigen Meisterschaftssiegen und internationalen Tourneen gespielt und ist auf \u00fcber einem Dutzend der Bandaufnahmen zu h\u00f6ren. Er war auch Gastsolist und Dozent in <strong>Nord- und S\u00fcdamerika, Europa, Australasien<\/strong> und im <strong>Vereinigten K\u00f6nigreich<\/strong> und gab Rezitals und Meisterkurse an f\u00fchrenden Konservatorien und Festivals. &nbsp;<\/p>\n\n\n\n<p class=\"gb-text\">Als leidenschaftlicher P\u00e4dagoge unterrichtet Brett beim <strong>National Children\u2019s Brass Band of Great Britain<\/strong> und hat langj\u00e4hrige Positionen bei Jugendblechbl\u00e4serinitiativen im Vereinigten K\u00f6nigreich und im Ausland inne. Als ehemaliger <strong>Vorsitzender der British Trombone Society<\/strong> setzt er sich f\u00fcr die Erweiterung des Solorepertoires f\u00fcr Posaune ein und hat \u00fcber 30 neue Werke von Komponisten wie <strong>Philip Wilby<\/strong>, <strong>Philip Harper<\/strong> und <strong>Martin Ellerby<\/strong> in Auftrag gegeben. &nbsp;<\/p>\n\n\n\n<p class=\"gb-text\">Brett lebt mit seiner Frau Sarah in <strong>Cheshire<\/strong> und ist zunehmend als Dirigent und Preisrichter t\u00e4tig, wodurch er die Zukunft der Brassband-Welt durch Auff\u00fchrungen, Bildung und Interessenvertretung weiterhin pr\u00e4gt.&nbsp;<\/p>\n<\/div>\n<\/div>\n<\/div>\n","protected":false},"excerpt":{"rendered":"<p>Dr. L. Brett Baker \u2013 Posaunendozent und Dirigent Dr. L. Brett Baker ist international als einer der f\u00fchrenden Posaunensolisten seiner Generation anerkannt. Bekannt f\u00fcr sein ausdrucksstarkes Spiel, seine makellose Technik und seinen Pioniergeist, hat sich Brett durch ein bemerkenswertes \u0152uvre an Solowerken, das Aufnahmen, Live-Auftritte und Bildungsarbeit umfasst, einen globalen Ruf erworben. Als leidenschaftlicher Verfechter &#8230; <a title=\"Unsere Dozenten &#8211; Dr. L Brett Baker\" class=\"read-more\" href=\"https:\/\/ibbss.com\/de\/unsere-dozenten\/unsere-dozenten-dr-l-brett-baker\/\" aria-label=\"Mehr Informationen \u00fcber Unsere Dozenten &#8211; Dr. L Brett Baker\">Weiterlesen &#8230;<\/a><\/p>\n","protected":false},"author":5,"featured_media":0,"parent":1257,"menu_order":0,"comment_status":"closed","ping_status":"closed","template":"","meta":{"_acf_changed":false,"footnotes":""},"class_list":["post-1439","page","type-page","status-publish"],"acf":[],"_links":{"self":[{"href":"https:\/\/ibbss.com\/de\/wp-json\/wp\/v2\/pages\/1439","targetHints":{"allow":["GET"]}}],"collection":[{"href":"https:\/\/ibbss.com\/de\/wp-json\/wp\/v2\/pages"}],"about":[{"href":"https:\/\/ibbss.com\/de\/wp-json\/wp\/v2\/types\/page"}],"author":[{"embeddable":true,"href":"https:\/\/ibbss.com\/de\/wp-json\/wp\/v2\/users\/5"}],"replies":[{"embeddable":true,"href":"https:\/\/ibbss.com\/de\/wp-json\/wp\/v2\/comments?post=1439"}],"version-history":[{"count":2,"href":"https:\/\/ibbss.com\/de\/wp-json\/wp\/v2\/pages\/1439\/revisions"}],"predecessor-version":[{"id":1963,"href":"https:\/\/ibbss.com\/de\/wp-json\/wp\/v2\/pages\/1439\/revisions\/1963"}],"up":[{"embeddable":true,"href":"https:\/\/ibbss.com\/de\/wp-json\/wp\/v2\/pages\/1257"}],"wp:attachment":[{"href":"https:\/\/ibbss.com\/de\/wp-json\/wp\/v2\/media?parent=1439"}],"curies":[{"name":"wp","href":"https:\/\/api.w.org\/{rel}","templated":true}]}}