{"id":1414,"date":"2025-07-30T10:41:33","date_gmt":"2025-07-30T09:41:33","guid":{"rendered":"https:\/\/ibbss.com\/unsere-dozenten\/unsere-tutoren-david-barringer\/"},"modified":"2025-11-19T17:45:54","modified_gmt":"2025-11-19T17:45:54","slug":"unsere-tutoren-david-barringer","status":"publish","type":"page","link":"https:\/\/ibbss.com\/de\/unsere-dozenten\/unsere-tutoren-david-barringer\/","title":{"rendered":"Unsere Tutoren \u2013 David Barringer"},"content":{"rendered":"\n<div class=\"gb-element-a4058368\">\n<div class=\"gb-element-ac7a1dbc\">\n<div>\n<img loading=\"lazy\" decoding=\"async\" width=\"1206\" height=\"1571\" class=\"gb-media-fe8716a9\" alt=\"\" src=\"http:\/\/www.ibbss.com\/wp-content\/uploads\/2025\/07\/David-Barringer.jpg\" title=\"David Barringer\" srcset=\"https:\/\/ibbss.com\/wp-content\/uploads\/2025\/07\/David-Barringer.jpg 1206w, https:\/\/ibbss.com\/wp-content\/uploads\/2025\/07\/David-Barringer-461x600.jpg 461w, https:\/\/ibbss.com\/wp-content\/uploads\/2025\/07\/David-Barringer-921x1200.jpg 921w, https:\/\/ibbss.com\/wp-content\/uploads\/2025\/07\/David-Barringer-768x1000.jpg 768w, https:\/\/ibbss.com\/wp-content\/uploads\/2025\/07\/David-Barringer-1179x1536.jpg 1179w, https:\/\/ibbss.com\/wp-content\/uploads\/2025\/07\/David-Barringer-600x782.jpg 600w\" sizes=\"auto, (max-width: 1206px) 100vw, 1206px\" \/>\n<\/div>\n\n\n\n<div>\n<p class=\"gb-text\"><strong>David Barringer<\/strong> <strong>MVO MBE<\/strong> ist eine \u00e4u\u00dferst erfahrene F\u00fchrungskraft, ein strategischer Planer und musikalischer Leiter mit einer herausragenden Karriere im milit\u00e4rischen Bereich. <\/p>\n\n\n\n<p>Davids umfangreiches Portfolio umfasst die musikalische Leitung und das Projektmanagement einiger der bedeutendsten Staatsveranstaltungen des Vereinigten K\u00f6nigreichs, wie beispielsweise das <strong>Staatsbegr\u00e4bnis Ihrer Majest\u00e4t K\u00f6nigin Elizabeth II.<\/strong>, f\u00fcr das er mit dem <strong>MVO<\/strong> und der <strong>Kr\u00f6nung von K\u00f6nig Charles III.<\/strong> ausgezeichnet wurde.<\/p>\n\n\n\n<p>David trat im September 1989 in die Armee ein und studierte an der Army Junior School of Music in Pirbright. Anschlie\u00dfend besuchte er die <strong>Royal Military School of Music, Kneller Hall<\/strong>. Im Januar 1993 trat er der Coldstream Guards Band bei und tourte mit ihr um die ganze Welt, einschlie\u00dflich einer dreimonatigen Tour von K\u00fcste zu K\u00fcste durch die Vereinigten Staaten und Kanada. W\u00e4hrend seiner Zeit bei der Band entwickelte er ein Interesse am Brassband-Dirigieren und verbrachte 2 Jahre als Resident Conductor der Flowers Brass Band. Anschlie\u00dfend <strong>vertrat er Gro\u00dfbritannien<\/strong> beim ersten Wettbewerb \u201eEuropean Conductor of the Year\u201c im Jahr 2000.    <\/p>\n\n\n\n<p>Mit einer tiefgreifenden <strong>Expertise in F\u00fchrung, strategischer Planung und Eventmanagement<\/strong> hat David seine F\u00e4higkeit bewiesen, komplexe Projekte von der Konzeption bis zum Abschluss zu f\u00fchren und dabei die <strong>h\u00f6chsten Qualit\u00e4tsstandards<\/strong> sowohl bei milit\u00e4rischen als auch bei zivilen Zeremonien zu gew\u00e4hrleisten. <\/p>\n\n\n\n<p>Er ist au\u00dferdem ein qualifizierter Change-Management-Praktiker und Leadership-Coach, der \u00fcber umfangreiche Erfahrung in der Optimierung von Prozessen, der Verbesserung von Gesch\u00e4ftsabl\u00e4ufen und der Steigerung der Teamleistung verf\u00fcgt. <\/p>\n\n\n\n<p>Im November 2019 wurde er zum <strong>Lieutenant Colonel<\/strong> bef\u00f6rdert und \u00fcbernahm die Ernennung zum <strong>j\u00fcngsten Principal Director of Music Army aller Zeiten<\/strong>. <br\/>Im Jahr 2022 wurde er zum <strong>Commanding Officer of the Bands of the Household Division<\/strong> ernannt und hat <strong>seitdem die gesamte Milit\u00e4rmusik beaufsichtigt<\/strong>. <\/p>\n\n\n\n<p>Davids Leidenschaft f\u00fcr die Maximierung von Talenten und die Steigerung der Effizienz spiegelt sich in seiner laufenden Arbeit wider. Seine Beitr\u00e4ge zur milit\u00e4rischen und zeremoniellen Musikgemeinschaft unterstreichen zusammen mit seiner Arbeit in den Bereichen Leadership-Coaching und Change-Management sein Engagement f\u00fcr Exzellenz und kontinuierliche Verbesserung.  <\/p>\n\n\n\n<p>Er wurde mit dem <strong>MBE<\/strong> f\u00fcr seinen <strong>au\u00dfergew\u00f6hnlichen Dienst und sein Engagement<\/strong> in seinem Fachgebiet geehrt. <\/p>\n<\/div>\n<\/div>\n<\/div>\n","protected":false},"excerpt":{"rendered":"<p>David Barringer MVO MBE ist eine \u00e4u\u00dferst erfahrene F\u00fchrungskraft, ein strategischer Planer und musikalischer Leiter mit einer herausragenden Karriere im milit\u00e4rischen Bereich. Davids umfangreiches Portfolio umfasst die musikalische Leitung und das Projektmanagement einiger der bedeutendsten Staatsveranstaltungen des Vereinigten K\u00f6nigreichs, wie beispielsweise das Staatsbegr\u00e4bnis Ihrer Majest\u00e4t K\u00f6nigin Elizabeth II., f\u00fcr das er mit dem MVO und &#8230; <a title=\"Unsere Tutoren \u2013 David Barringer\" class=\"read-more\" href=\"https:\/\/ibbss.com\/de\/unsere-dozenten\/unsere-tutoren-david-barringer\/\" aria-label=\"Mehr Informationen \u00fcber Unsere Tutoren \u2013 David Barringer\">Weiterlesen &#8230;<\/a><\/p>\n","protected":false},"author":5,"featured_media":0,"parent":1257,"menu_order":0,"comment_status":"closed","ping_status":"closed","template":"","meta":{"_acf_changed":false,"footnotes":""},"class_list":["post-1414","page","type-page","status-publish"],"acf":[],"_links":{"self":[{"href":"https:\/\/ibbss.com\/de\/wp-json\/wp\/v2\/pages\/1414","targetHints":{"allow":["GET"]}}],"collection":[{"href":"https:\/\/ibbss.com\/de\/wp-json\/wp\/v2\/pages"}],"about":[{"href":"https:\/\/ibbss.com\/de\/wp-json\/wp\/v2\/types\/page"}],"author":[{"embeddable":true,"href":"https:\/\/ibbss.com\/de\/wp-json\/wp\/v2\/users\/5"}],"replies":[{"embeddable":true,"href":"https:\/\/ibbss.com\/de\/wp-json\/wp\/v2\/comments?post=1414"}],"version-history":[{"count":2,"href":"https:\/\/ibbss.com\/de\/wp-json\/wp\/v2\/pages\/1414\/revisions"}],"predecessor-version":[{"id":1870,"href":"https:\/\/ibbss.com\/de\/wp-json\/wp\/v2\/pages\/1414\/revisions\/1870"}],"up":[{"embeddable":true,"href":"https:\/\/ibbss.com\/de\/wp-json\/wp\/v2\/pages\/1257"}],"wp:attachment":[{"href":"https:\/\/ibbss.com\/de\/wp-json\/wp\/v2\/media?parent=1414"}],"curies":[{"name":"wp","href":"https:\/\/api.w.org\/{rel}","templated":true}]}}