{"id":1403,"date":"2025-07-30T11:27:21","date_gmt":"2025-07-30T10:27:21","guid":{"rendered":"https:\/\/ibbss.com\/unsere-dozenten\/unsere-tutoren-gary-curtin\/"},"modified":"2025-11-19T17:46:21","modified_gmt":"2025-11-19T17:46:21","slug":"unsere-tutoren-gary-curtin","status":"publish","type":"page","link":"https:\/\/ibbss.com\/de\/unsere-dozenten\/unsere-tutoren-gary-curtin\/","title":{"rendered":"Unsere Tutoren \u2013 Gary Curtin"},"content":{"rendered":"\n<div class=\"gb-element-a4058368\">\n<div class=\"gb-element-ac7a1dbc\">\n<div>\n<img loading=\"lazy\" decoding=\"async\" width=\"768\" height=\"512\" class=\"gb-media-fe8716a9\" alt=\"\" src=\"http:\/\/www.ibbss.com\/wp-content\/uploads\/2025\/07\/Gary-Curtain.jpg\" title=\"Gary Curtin\" srcset=\"https:\/\/ibbss.com\/wp-content\/uploads\/2025\/07\/Gary-Curtain.jpg 768w, https:\/\/ibbss.com\/wp-content\/uploads\/2025\/07\/Gary-Curtain-600x400.jpg 600w\" sizes=\"auto, (max-width: 768px) 100vw, 768px\" \/>\n<\/div>\n\n\n\n<div>\n<p class=\"gb-text\"><strong>Gary Curtin<\/strong> wurde in Cork City, Irland, geboren. Er begann im Alter von 12 Jahren Bariton zu spielen und wechselte 1996 zum Euphonium. Nach seinem Wechsel zum Euphonium verliebte er sich in den Klang des Instruments und war immer mehr davon \u00fcberzeugt, dass er seine Zeit der Entwicklung als Spieler und Musiker widmen wollte.  &nbsp;<\/p>\n\n\n\n<p>Gary war der erste Euphoniumspieler, der an der Cork School of Music auf Hochschulniveau studierte, und er setzte sein Studium auch auf Master-Niveau fort. W\u00e4hrend seiner Zeit an der Cork School of Music wurde er auch mit dem Yamaha Solo Prize ausgezeichnet.  <br\/><br\/>Der Umzug nach Gro\u00dfbritannien war ein gro\u00dfer Schritt f\u00fcr Gary, aber sein Wunsch, auf seinem Instrument auf einem h\u00f6heren Niveau zu spielen, setzte sich durch, und 2005 zog er nach Manchester. W\u00e4hrend seines einj\u00e4hrigen Studiums am RNCM unter der Leitung von Steven Mead begann Gary, in die Brassband-Szene einzutauchen und spielte Solo-Euphonium bei der Wingates Band und der Fairey (Geneva) Band, bevor er zum Principal Euphonium Seat bei der Black Dyke Band wechselte.  <\/p>\n\n\n\n<p>Er erhielt den Geoff Whitham Memorial Award f\u00fcr das \u201eBeste Euphonium\u201c bei den British Open Championships 2010 in der Birmingham Symphony Hall. <br\/>Gary hat auch einige Orchestererfahrung sowohl auf dem Euphonium als auch auf der Basstrompete gesammelt und Wagners Ring Cycle zweimal aufgef\u00fchrt sowie das meiste orchestrale Euphonium-Repertoire.<\/p>\n<\/div>\n<\/div>\n<\/div>\n","protected":false},"excerpt":{"rendered":"<p>Gary Curtin wurde in Cork City, Irland, geboren. Er begann im Alter von 12 Jahren Bariton zu spielen und wechselte 1996 zum Euphonium. Nach seinem Wechsel zum Euphonium verliebte er sich in den Klang des Instruments und war immer mehr davon \u00fcberzeugt, dass er seine Zeit der Entwicklung als Spieler und Musiker widmen wollte. &nbsp; &#8230; <a title=\"Unsere Tutoren \u2013 Gary Curtin\" class=\"read-more\" href=\"https:\/\/ibbss.com\/de\/unsere-dozenten\/unsere-tutoren-gary-curtin\/\" aria-label=\"Mehr Informationen \u00fcber Unsere Tutoren \u2013 Gary Curtin\">Weiterlesen &#8230;<\/a><\/p>\n","protected":false},"author":5,"featured_media":0,"parent":1257,"menu_order":0,"comment_status":"closed","ping_status":"closed","template":"","meta":{"_acf_changed":false,"footnotes":""},"class_list":["post-1403","page","type-page","status-publish"],"acf":[],"_links":{"self":[{"href":"https:\/\/ibbss.com\/de\/wp-json\/wp\/v2\/pages\/1403","targetHints":{"allow":["GET"]}}],"collection":[{"href":"https:\/\/ibbss.com\/de\/wp-json\/wp\/v2\/pages"}],"about":[{"href":"https:\/\/ibbss.com\/de\/wp-json\/wp\/v2\/types\/page"}],"author":[{"embeddable":true,"href":"https:\/\/ibbss.com\/de\/wp-json\/wp\/v2\/users\/5"}],"replies":[{"embeddable":true,"href":"https:\/\/ibbss.com\/de\/wp-json\/wp\/v2\/comments?post=1403"}],"version-history":[{"count":2,"href":"https:\/\/ibbss.com\/de\/wp-json\/wp\/v2\/pages\/1403\/revisions"}],"predecessor-version":[{"id":1911,"href":"https:\/\/ibbss.com\/de\/wp-json\/wp\/v2\/pages\/1403\/revisions\/1911"}],"up":[{"embeddable":true,"href":"https:\/\/ibbss.com\/de\/wp-json\/wp\/v2\/pages\/1257"}],"wp:attachment":[{"href":"https:\/\/ibbss.com\/de\/wp-json\/wp\/v2\/media?parent=1403"}],"curies":[{"name":"wp","href":"https:\/\/api.w.org\/{rel}","templated":true}]}}