{"id":1395,"date":"2025-07-30T15:19:52","date_gmt":"2025-07-30T14:19:52","guid":{"rendered":"https:\/\/ibbss.com\/kurs-2026\/fruehbucher-anmeldeformular\/"},"modified":"2025-12-12T17:18:24","modified_gmt":"2025-12-12T17:18:24","slug":"fruehbucher-anmeldeformular","status":"publish","type":"page","link":"https:\/\/ibbss.com\/de\/kurs-2026\/fruehbucher-anmeldeformular\/","title":{"rendered":"Fr\u00fchbucher-Anmeldeformular"},"content":{"rendered":"\n<div class=\"gb-element-3eacd888\">\n<div class=\"gb-element-f477d53a\">\n<div>\n<h2 class=\"wp-block-heading\"><strong>Sommerschule<\/strong><\/h2>\n\n\n\n<h4 class=\"wp-block-heading\"><strong>IBBSS Zahlungsbedingungen f\u00fcr Fr\u00fchbucher-Anmeldung: \u00dcbernachtungsg\u00e4ste zu \u00a3799, Standard \u00a3499, Flexi:<\/strong><\/h4>\n\n\n\n<ol class=\"wp-block-list\">\n<li>\u00a330,00 Anzahlung<\/li>\n\n\n\n<li>3 Raten von jeweils 25 % im Dez, Feb, Mai 2026<\/li>\n\n\n\n<li>Restzahlung von 25 % abz\u00fcglich \u00a330 im Juli 2026<\/li>\n<\/ol>\n\n\n\n<h4 class=\"wp-block-heading\"><strong>IBBSS Zahlungsbedingungen f\u00fcr Fr\u00fchbucher-Anmeldung: Tagesg\u00e4ste zu \u00a3199:<\/strong><\/h4>\n\n\n\n<ol class=\"wp-block-list\">\n<li>\u00a330,00 Anzahlung<\/li>\n\n\n\n<li>3 Raten von jeweils 25 % im Dez, Feb, Mai 2026<\/li>\n\n\n\n<li>Restzahlung von 25 % abz\u00fcglich \u00a330 im Juli 2026<\/li>\n<\/ol>\n<\/div>\n\n\n\n<div class=\"gb-element-860f709e\" style=\"--inline-bg-image: url(http:\/\/ibbss.com\/wp-content\/uploads\/2025\/07\/IMG_5638-scaled.jpg)\"><\/div>\n<\/div>\n<\/div>\n\n<div class=\"gb-element-a4058368\">\n<div class=\"gb-element-ae821eb4\">\n<h2 class=\"gb-text gb-text-53fe62eb\"><strong>Jetzt buchen<\/strong><\/h2>\n\n\n\n<p class=\"gb-text\">Die Pl\u00e4tze sind begrenzt \u2013 sichern Sie sich noch heute Ihren Platz, um Teil dieses einzigartigen musikalischen Ereignisses zu sein.&nbsp;<\/p>\n<\/div>\n\n\n\n<div class=\"wp-block-amelia-events-list-booking-gutenberg-block\"><script>\n  if (typeof hasAmeliaEvent === 'undefined') {\n    var hasAmeliaEvent = true;\n  }\n  if (typeof hasEventApiCall === 'undefined' && ('' === '' && '' !== '1')) {\n    var hasEventApiCall = true;\n  }\n  var hasEventShortcode = (typeof hasEventShortcode === 'undefined') ? false : true;\n  var ameliaShortcodeData = (typeof ameliaShortcodeData === 'undefined') ? [] : ameliaShortcodeData;\n  ameliaShortcodeData.push(\n    {\n      'hasApiCall': (typeof hasEventApiCall !== 'undefined') && hasEventApiCall,\n      'trigger': '',\n      'trigger_type': '',\n      'triggered_form': 'elf',\n      'in_dialog': '',\n      'counter': '1000',\n      'employee': '',\n      'eventId': '',\n      'eventRecurring': 0,\n      'eventTag': \"\",\n      'locationId': \"\"\n    }\n  );\n  var ameliaShortcodeDataTriggered = (typeof ameliaShortcodeDataTriggered === 'undefined') ? [] : ameliaShortcodeDataTriggered;\n  if (ameliaShortcodeData[ameliaShortcodeData.length - 1].trigger !== '') {\n    if (ameliaShortcodeDataTriggered.filter(a => a.counter === ameliaShortcodeData[ameliaShortcodeData.length - 1].counter).length === 0) {\n      ameliaShortcodeDataTriggered.push(ameliaShortcodeData.pop());\n    } else {\n      ameliaShortcodeData.pop()\n    }\n  }\n  if (typeof hasEventApiCall !== 'undefined' && hasEventApiCall) {\n    hasEventApiCall = false;\n  }\n<\/script>\n\n<div\n  id=\"amelia-v2-booking-1000\"\n  class=\"amelia-v2-booking\"\n>\n    <events-list-form-wrapper><\/div>\n<\/div>\n<\/div>\n","protected":false},"excerpt":{"rendered":"<p>Sommerschule IBBSS Zahlungsbedingungen f\u00fcr Fr\u00fchbucher-Anmeldung: \u00dcbernachtungsg\u00e4ste zu \u00a3799, Standard \u00a3499, Flexi: IBBSS Zahlungsbedingungen f\u00fcr Fr\u00fchbucher-Anmeldung: Tagesg\u00e4ste zu \u00a3199: Jetzt buchen Die Pl\u00e4tze sind begrenzt \u2013 sichern Sie sich noch heute Ihren Platz, um Teil dieses einzigartigen musikalischen Ereignisses zu sein.&nbsp;<\/p>\n","protected":false},"author":5,"featured_media":0,"parent":1165,"menu_order":0,"comment_status":"closed","ping_status":"closed","template":"","meta":{"_acf_changed":false,"footnotes":""},"class_list":["post-1395","page","type-page","status-publish"],"acf":[],"_links":{"self":[{"href":"https:\/\/ibbss.com\/de\/wp-json\/wp\/v2\/pages\/1395","targetHints":{"allow":["GET"]}}],"collection":[{"href":"https:\/\/ibbss.com\/de\/wp-json\/wp\/v2\/pages"}],"about":[{"href":"https:\/\/ibbss.com\/de\/wp-json\/wp\/v2\/types\/page"}],"author":[{"embeddable":true,"href":"https:\/\/ibbss.com\/de\/wp-json\/wp\/v2\/users\/5"}],"replies":[{"embeddable":true,"href":"https:\/\/ibbss.com\/de\/wp-json\/wp\/v2\/comments?post=1395"}],"version-history":[{"count":5,"href":"https:\/\/ibbss.com\/de\/wp-json\/wp\/v2\/pages\/1395\/revisions"}],"predecessor-version":[{"id":2175,"href":"https:\/\/ibbss.com\/de\/wp-json\/wp\/v2\/pages\/1395\/revisions\/2175"}],"up":[{"embeddable":true,"href":"https:\/\/ibbss.com\/de\/wp-json\/wp\/v2\/pages\/1165"}],"wp:attachment":[{"href":"https:\/\/ibbss.com\/de\/wp-json\/wp\/v2\/media?parent=1395"}],"curies":[{"name":"wp","href":"https:\/\/api.w.org\/{rel}","templated":true}]}}