{"id":1165,"date":"2025-07-30T13:20:18","date_gmt":"2025-07-30T12:20:18","guid":{"rendered":"https:\/\/ibbss.com\/kurs-2026\/"},"modified":"2026-03-27T11:29:30","modified_gmt":"2026-03-27T11:29:30","slug":"kurs-2026","status":"publish","type":"page","link":"https:\/\/ibbss.com\/de\/kurs-2026\/","title":{"rendered":"Kurs 2026"},"content":{"rendered":"\n<div class=\"gb-element-6c790050 alignfull\">\n<div class=\"gb-element-6e507a74\">\n<div class=\"gb-element-c17d5481\">\n<h1 class=\"gb-text\">IBBSS <strong>2026 Sommerakademie<\/strong><\/h1>\n\n\n\n<h2 class=\"gb-text\">Ort: <strong>Swansea, S\u00fcdwales<\/strong><\/h2>\n\n\n\n<h3 class=\"gb-text\">Datum: <strong>Sonntag, 26. Juli &#8211; Samstag, 1. August<\/strong><\/h3>\n\n\n\n<a class=\"gb-text gbp-button--primary smooth-scroll\" href=\"#book-now\">JETZT buchen<\/a>\n<\/div>\n<\/div>\n<\/div>\n\n<div class=\"gbp-section gb-element-472b84e0\">\n<div class=\"gbp-section__inner gb-element-e31f90c1\">\n<div class=\"gb-element-b9a2c26b\">\n<h2 class=\"gb-text gbp-section__headline gb-text-570e748a\"><strong>Kurs 2026<\/strong><\/h2>\n\n\n\n<ul class=\"wp-block-list\">\n<li>6 Tage \n<ul class=\"wp-block-list\">\n<li>Sonntag \u2013 Samstag <\/li>\n<\/ul>\n<\/li>\n\n\n\n<li>Halbpension\n<ul class=\"wp-block-list\">\n<li>Fr\u00fchst\u00fcck und Abendessen inklusive <\/li>\n<\/ul>\n<\/li>\n\n\n\n<li>Swansea UNI Campus \u2013 Zimmer mit Bad <\/li>\n\n\n\n<li>Brangwyn Hall<\/li>\n\n\n\n<li><a href=\"https:\/\/www.ibbss.com\/our-tutors\/\" data-type=\"page\" data-id=\"617\">Unterricht von Weltklasse-Dozenten<\/a> <\/li>\n\n\n\n<li>Solo-Auftritte\n<ul class=\"wp-block-list\">\n<li>F\u00fchren Sie das Solo, an dem Sie so hart gearbeitet haben, vor einem Publikum mit Klavierbegleitung auf <\/li>\n<\/ul>\n<\/li>\n\n\n\n<li>Geselliges Beisammensein am Abend\n<ul class=\"wp-block-list\">\n<li>Es w\u00e4re keine Sommerakademie ohne ein geselliges Beisammensein! Mit einer Bar, lustigen Auff\u00fchrungen und Quizspielen gibt es viel zu genie\u00dfen!  <\/li>\n<\/ul>\n<\/li>\n\n\n\n<li>Playing &amp; Conducting Courses\n<ul class=\"wp-block-list\">\n<li>Verbessern Sie Ihre F\u00e4higkeiten im Blattlesen, Ihre Musikalit\u00e4t und Ihre Dirigierf\u00e4higkeiten in unseren Meisterkursen und Lerneinheiten <\/li>\n<\/ul>\n<\/li>\n\n\n\n<li>Freizeit am Strand\n<ul class=\"wp-block-list\">\n<li>Viel Zeit zum Entspannen und die Sonne genie\u00dfen! <\/li>\n<\/ul>\n<\/li>\n<\/ul>\n<\/div>\n\n\n\n<img loading=\"lazy\" decoding=\"async\" width=\"2377\" height=\"2560\" class=\"gb-media-44afe9b9\" alt=\"Internationale Sommerakademie f\u00fcr Blechbl\u00e4ser\" title=\"Internationale Sommerakademie f\u00fcr Blechbl\u00e4ser\" src=\"https:\/\/ibbss.com\/wp-content\/uploads\/2025\/07\/IMG_5644-1-scaled.jpg\" srcset=\"https:\/\/ibbss.com\/wp-content\/uploads\/2025\/07\/IMG_5644-1-scaled.jpg 2377w, https:\/\/ibbss.com\/wp-content\/uploads\/2025\/07\/IMG_5644-1-557x600.jpg 557w, https:\/\/ibbss.com\/wp-content\/uploads\/2025\/07\/IMG_5644-1-1114x1200.jpg 1114w, https:\/\/ibbss.com\/wp-content\/uploads\/2025\/07\/IMG_5644-1-768x827.jpg 768w, https:\/\/ibbss.com\/wp-content\/uploads\/2025\/07\/IMG_5644-1-1426x1536.jpg 1426w, https:\/\/ibbss.com\/wp-content\/uploads\/2025\/07\/IMG_5644-1-1902x2048.jpg 1902w, https:\/\/ibbss.com\/wp-content\/uploads\/2025\/07\/IMG_5644-1-600x646.jpg 600w\" sizes=\"auto, (max-width: 2377px) 100vw, 2377px\" \/>\n<\/div>\n<\/div>\n\n<div class=\"gb-element-a4058368\" id=\"book-now\">\n<div class=\"gb-element-6748e313\">\n<h2 class=\"gb-text gb-text-6878f411\"><strong>Jetzt buchen<\/strong><\/h2>\n\n\n\n<p class=\"gb-text\">Die Pl\u00e4tze sind begrenzt \u2013 sichern Sie sich noch heute Ihren Platz, um Teil dieses einzigartigen musikalischen Ereignisses zu sein.&nbsp;<\/p>\n<\/div>\n\n\n\n<div class=\"wp-block-amelia-events-list-booking-gutenberg-block\"><script>\n  if (typeof hasAmeliaEvent === 'undefined') {\n    var hasAmeliaEvent = true;\n  }\n  if (typeof hasEventApiCall === 'undefined' && ('' === '' && '' !== '1')) {\n    var hasEventApiCall = true;\n  }\n  var hasEventShortcode = (typeof hasEventShortcode === 'undefined') ? false : true;\n  var ameliaShortcodeData = (typeof ameliaShortcodeData === 'undefined') ? [] : ameliaShortcodeData;\n  ameliaShortcodeData.push(\n    {\n      'hasApiCall': (typeof hasEventApiCall !== 'undefined') && hasEventApiCall,\n      'trigger': '',\n      'trigger_type': '',\n      'triggered_form': 'elf',\n      'in_dialog': '',\n      'counter': '1000',\n      'employee': '',\n      'eventId': '',\n      'eventRecurring': 0,\n      'eventTag': \"\",\n      'locationId': \"\"\n    }\n  );\n  var ameliaShortcodeDataTriggered = (typeof ameliaShortcodeDataTriggered === 'undefined') ? [] : ameliaShortcodeDataTriggered;\n  if (ameliaShortcodeData[ameliaShortcodeData.length - 1].trigger !== '') {\n    if (ameliaShortcodeDataTriggered.filter(a => a.counter === ameliaShortcodeData[ameliaShortcodeData.length - 1].counter).length === 0) {\n      ameliaShortcodeDataTriggered.push(ameliaShortcodeData.pop());\n    } else {\n      ameliaShortcodeData.pop()\n    }\n  }\n  if (typeof hasEventApiCall !== 'undefined' && hasEventApiCall) {\n    hasEventApiCall = false;\n  }\n<\/script>\n\n<div\n  id=\"amelia-v2-booking-1000\"\n  class=\"amelia-v2-booking\"\n>\n    <events-list-form-wrapper><\/div>\n<\/div>\n<\/div>\n","protected":false},"excerpt":{"rendered":"<p>IBBSS 2026 Sommerakademie Ort: Swansea, S\u00fcdwales Datum: Sonntag, 26. Juli &#8211; Samstag, 1. August JETZT buchen Kurs 2026 Jetzt buchen Die Pl\u00e4tze sind begrenzt \u2013 sichern Sie sich noch heute Ihren Platz, um Teil dieses einzigartigen musikalischen Ereignisses zu sein.&nbsp;<\/p>\n","protected":false},"author":5,"featured_media":0,"parent":0,"menu_order":2,"comment_status":"closed","ping_status":"closed","template":"","meta":{"_acf_changed":false,"footnotes":""},"class_list":["post-1165","page","type-page","status-publish"],"acf":[],"_links":{"self":[{"href":"https:\/\/ibbss.com\/de\/wp-json\/wp\/v2\/pages\/1165","targetHints":{"allow":["GET"]}}],"collection":[{"href":"https:\/\/ibbss.com\/de\/wp-json\/wp\/v2\/pages"}],"about":[{"href":"https:\/\/ibbss.com\/de\/wp-json\/wp\/v2\/types\/page"}],"author":[{"embeddable":true,"href":"https:\/\/ibbss.com\/de\/wp-json\/wp\/v2\/users\/5"}],"replies":[{"embeddable":true,"href":"https:\/\/ibbss.com\/de\/wp-json\/wp\/v2\/comments?post=1165"}],"version-history":[{"count":3,"href":"https:\/\/ibbss.com\/de\/wp-json\/wp\/v2\/pages\/1165\/revisions"}],"predecessor-version":[{"id":2254,"href":"https:\/\/ibbss.com\/de\/wp-json\/wp\/v2\/pages\/1165\/revisions\/2254"}],"wp:attachment":[{"href":"https:\/\/ibbss.com\/de\/wp-json\/wp\/v2\/media?parent=1165"}],"curies":[{"name":"wp","href":"https:\/\/api.w.org\/{rel}","templated":true}]}}