{"id":1671,"date":"2025-07-30T11:22:01","date_gmt":"2025-07-30T10:22:01","guid":{"rendered":"https:\/\/ibbss.com\/vores-undervisere\/vores-undervisere-owen-farr\/"},"modified":"2025-11-19T17:46:14","modified_gmt":"2025-11-19T17:46:14","slug":"vores-undervisere-owen-farr","status":"publish","type":"page","link":"https:\/\/ibbss.com\/da\/vores-undervisere\/vores-undervisere-owen-farr\/","title":{"rendered":"Vores undervisere &#8211; Owen Farr"},"content":{"rendered":"\n<div class=\"gb-element-a4058368\">\n<div class=\"gb-element-ac7a1dbc\">\n<div class=\"gb-element-bdd81fb5\">\n<img loading=\"lazy\" decoding=\"async\" width=\"200\" height=\"280\" class=\"gb-media-fe8716a9\" alt=\"\" src=\"http:\/\/www.ibbss.com\/wp-content\/uploads\/2025\/07\/Owen-Farr.jpg\" title=\"Owen Farr\">\n<\/div>\n\n\n\n<div>\n<p class=\"gb-text\"><strong>Owen Farr <\/strong>har hjulpet med at s\u00e6tte Pontypool, Syd Wales, p\u00e5 det musikalske landkort med hans verdensklasse tenorhornspil og dedikation til messingundervisning. Owen begyndte sin musikalske rejse som blot seks\u00e5rig med Pontypool Brass Band og steg hurtigt i graderne, hvor han blev Principal Horn med b\u00e5de <strong>Gwent County Youth Brass Band<\/strong> og <strong>National Youth Brass Band of Wales<\/strong>. I 1995 blev han k\u00e5ret som <strong>British Open Junior Solo Champion<\/strong>, og som 16-\u00e5rig blev han Solo Horn for <strong>Tredegar Town Band<\/strong>.  <\/p>\n\n\n\n<p>Owen fortsatte med at studere p\u00e5 <strong>Royal Northern College of Music<\/strong> og sluttede sig til <strong>Williams Fairey Band <\/strong>inden for seks m\u00e5neder. Han blev k\u00e5ret som &#8220;\u00c5rets Spiller&#8221; af sine bandmedlemmer og spillede en n\u00f8glerolle i to nationale finalesejre. Efter sin eksamen i 2002 blev han straks udn\u00e6vnt til Tenor Horn-l\u00e6rer p\u00e5 RNCM og tog ogs\u00e5 en undervisningsrolle p\u00e5 <strong>Liverpool University<\/strong>.   <\/p>\n\n\n\n<p>Som grundl\u00e6gger af <strong>Sonar Brass<\/strong> har Owen optr\u00e5dt p\u00e5 nationale udsendelser, herunder <em>Listen to the Band <\/em>og <em>Friday Night is Music Night<\/em>. Han er en passioneret fortaler for tenorhornsp\u00e6dagogik og har undervisningsstillinger p\u00e5 <strong>Royal Welsh College of Music and Drama <\/strong>og <strong>Birmingham Conservatoire<\/strong>, og han fungerer som <strong>Besson kliniker<\/strong>, hvor han turnerer bredt for at promovere instrumentet.  <\/p>\n\n\n\n<p>Da han vendte tilbage til Wales i 2004 for at slutte sig til <strong>Buy As You View Band<\/strong>, forts\u00e6tter Owen med at inspirere gennem sin lyriske tone, tekniske brillans og dedikation til musikundervisning. Hans unikke blanding af kunstnerisk talent og akademisk dygtighed sikrer hans plads blandt de fremmeste messingmusikere og undervisere i hans generation.  <\/p>\n<\/div>\n<\/div>\n<\/div>\n","protected":false},"excerpt":{"rendered":"<p>Owen Farr har hjulpet med at s\u00e6tte Pontypool, Syd Wales, p\u00e5 det musikalske landkort med hans verdensklasse tenorhornspil og dedikation til messingundervisning. Owen begyndte sin musikalske rejse som blot seks\u00e5rig med Pontypool Brass Band og steg hurtigt i graderne, hvor han blev Principal Horn med b\u00e5de Gwent County Youth Brass Band og National Youth Brass &#8230; <a title=\"Vores undervisere &#8211; Owen Farr\" class=\"read-more\" href=\"https:\/\/ibbss.com\/da\/vores-undervisere\/vores-undervisere-owen-farr\/\" aria-label=\"Read more about Vores undervisere &#8211; Owen Farr\">L\u00e6s Mere<\/a><\/p>\n","protected":false},"author":5,"featured_media":0,"parent":1222,"menu_order":0,"comment_status":"closed","ping_status":"closed","template":"","meta":{"_acf_changed":false,"footnotes":""},"class_list":["post-1671","page","type-page","status-publish"],"acf":[],"_links":{"self":[{"href":"https:\/\/ibbss.com\/da\/wp-json\/wp\/v2\/pages\/1671","targetHints":{"allow":["GET"]}}],"collection":[{"href":"https:\/\/ibbss.com\/da\/wp-json\/wp\/v2\/pages"}],"about":[{"href":"https:\/\/ibbss.com\/da\/wp-json\/wp\/v2\/types\/page"}],"author":[{"embeddable":true,"href":"https:\/\/ibbss.com\/da\/wp-json\/wp\/v2\/users\/5"}],"replies":[{"embeddable":true,"href":"https:\/\/ibbss.com\/da\/wp-json\/wp\/v2\/comments?post=1671"}],"version-history":[{"count":2,"href":"https:\/\/ibbss.com\/da\/wp-json\/wp\/v2\/pages\/1671\/revisions"}],"predecessor-version":[{"id":1897,"href":"https:\/\/ibbss.com\/da\/wp-json\/wp\/v2\/pages\/1671\/revisions\/1897"}],"up":[{"embeddable":true,"href":"https:\/\/ibbss.com\/da\/wp-json\/wp\/v2\/pages\/1222"}],"wp:attachment":[{"href":"https:\/\/ibbss.com\/da\/wp-json\/wp\/v2\/media?parent=1671"}],"curies":[{"name":"wp","href":"https:\/\/api.w.org\/{rel}","templated":true}]}}