{"id":1648,"date":"2025-07-30T11:31:57","date_gmt":"2025-07-30T10:31:57","guid":{"rendered":"https:\/\/ibbss.com\/vores-undervisere\/vores-undervisere-tom-hutchinson\/"},"modified":"2025-11-19T17:47:11","modified_gmt":"2025-11-19T17:47:11","slug":"vores-undervisere-tom-hutchinson","status":"publish","type":"page","link":"https:\/\/ibbss.com\/da\/vores-undervisere\/vores-undervisere-tom-hutchinson\/","title":{"rendered":"Vores undervisere &#8211; Tom Hutchinson"},"content":{"rendered":"\n<div class=\"gb-element-a4058368\">\n<div class=\"gb-element-ac7a1dbc\">\n<div>\n<img loading=\"lazy\" decoding=\"async\" width=\"576\" height=\"1024\" class=\"gb-media-fe8716a9\" alt=\"\" src=\"http:\/\/www.ibbss.com\/wp-content\/uploads\/2025\/07\/Tom-Hutchinson.jpeg\" title=\"Tom Hutchinson\" srcset=\"https:\/\/ibbss.com\/wp-content\/uploads\/2025\/07\/Tom-Hutchinson.jpeg 576w, https:\/\/ibbss.com\/wp-content\/uploads\/2025\/07\/Tom-Hutchinson-338x600.jpeg 338w\" sizes=\"auto, (max-width: 576px) 100vw, 576px\" \/>\n<\/div>\n\n\n\n<div>\n<p class=\"gb-text\"><strong>Tom Hutchinson<\/strong> er anerkendt som en af verdens f\u00f8rende kornetspillere. Han begyndte at spille som ni\u00e5rig i sit lokale orkester, <g id=\"gid_1\">Stannington<\/g>, og som femten\u00e5rig var han leder af <g id=\"gid_2\">Rothwell Temperance Band<\/g>. Som tidligere solist og leder af <strong>National Youth Brass Band of Great Britain<\/strong> blev Tom inviteret af Dr. Nicholas Childs til at slutte sig til <strong>Black Dyke Band<\/strong>, hvor han spillede i fire \u00e5r og bidrog til store konkurrencesejre i hele Storbritannien og Europa.   <\/p>\n\n\n\n<p class=\"gb-text\">Efter at have afsluttet sin uddannelse fra <strong>Royal Northern College of Music<\/strong> i 2009 blev Tom udn\u00e6vnt til <strong>Principal Cornet i Cory Band<\/strong>. Under hans ledelse har Cory nydt en \u00e6ra med ekstraordin\u00e6r succes \u2014 herunder flere British Open, European, Brass in Concert og National Championship titler. Han er to gange blevet udn\u00e6vnt til \u00e5rets spiller i bandet og var central i Corys historiske <strong>Grand Slam<\/strong> og \u00e5rtilange regeringstid som verdens h\u00f8jest rangerede brassband.  &nbsp;<\/p>\n\n\n\n<p class=\"gb-text\">Ud over sin karriere som ud\u00f8vende musiker er Tom en passioneret underviser. Han er <g id=\"gid_0\">professor i kornet ved Royal Welsh College of Music and Drama<\/g> og underviser for <g id=\"gid_1\">National Youth Brass Band of Wales<\/g> og <g id=\"gid_2\">National Children&#8217;s Brass Band of Great Britain<\/g>. Som <g id=\"gid_3\">Besson Artist<\/g> repr\u00e6senterer han <g id=\"gid_4\">Buffet Crampon Group<\/g> internationalt og har optr\u00e5dt som solist i <g id=\"gid_5\">Australien, New Zealand, Japan, Canada<\/g> og <g id=\"gid_6\">USA<\/g>. Hans debutsolo-album <em>In Principal<\/em> har modtaget bred anerkendelse.   &nbsp;<\/p>\n<\/div>\n<\/div>\n<\/div>\n","protected":false},"excerpt":{"rendered":"<p>Tom Hutchinson er anerkendt som en af verdens f\u00f8rende kornetspillere. Han begyndte at spille som ni\u00e5rig i sit lokale orkester, Stannington, og som femten\u00e5rig var han leder af Rothwell Temperance Band. Som tidligere solist og leder af National Youth Brass Band of Great Britain blev Tom inviteret af Dr. Nicholas Childs til at slutte sig &#8230; <a title=\"Vores undervisere &#8211; Tom Hutchinson\" class=\"read-more\" href=\"https:\/\/ibbss.com\/da\/vores-undervisere\/vores-undervisere-tom-hutchinson\/\" aria-label=\"Read more about Vores undervisere &#8211; Tom Hutchinson\">L\u00e6s Mere<\/a><\/p>\n","protected":false},"author":5,"featured_media":0,"parent":1222,"menu_order":0,"comment_status":"closed","ping_status":"closed","template":"","meta":{"_acf_changed":false,"footnotes":""},"class_list":["post-1648","page","type-page","status-publish"],"acf":[],"_links":{"self":[{"href":"https:\/\/ibbss.com\/da\/wp-json\/wp\/v2\/pages\/1648","targetHints":{"allow":["GET"]}}],"collection":[{"href":"https:\/\/ibbss.com\/da\/wp-json\/wp\/v2\/pages"}],"about":[{"href":"https:\/\/ibbss.com\/da\/wp-json\/wp\/v2\/types\/page"}],"author":[{"embeddable":true,"href":"https:\/\/ibbss.com\/da\/wp-json\/wp\/v2\/users\/5"}],"replies":[{"embeddable":true,"href":"https:\/\/ibbss.com\/da\/wp-json\/wp\/v2\/comments?post=1648"}],"version-history":[{"count":2,"href":"https:\/\/ibbss.com\/da\/wp-json\/wp\/v2\/pages\/1648\/revisions"}],"predecessor-version":[{"id":1958,"href":"https:\/\/ibbss.com\/da\/wp-json\/wp\/v2\/pages\/1648\/revisions\/1958"}],"up":[{"embeddable":true,"href":"https:\/\/ibbss.com\/da\/wp-json\/wp\/v2\/pages\/1222"}],"wp:attachment":[{"href":"https:\/\/ibbss.com\/da\/wp-json\/wp\/v2\/media?parent=1648"}],"curies":[{"name":"wp","href":"https:\/\/api.w.org\/{rel}","templated":true}]}}