{"id":1619,"date":"2025-07-30T11:37:29","date_gmt":"2025-07-30T10:37:29","guid":{"rendered":"https:\/\/ibbss.com\/vores-undervisere\/vores-undervisere-dr-l-brett-baker\/"},"modified":"2025-11-19T17:47:33","modified_gmt":"2025-11-19T17:47:33","slug":"vores-undervisere-dr-l-brett-baker","status":"publish","type":"page","link":"https:\/\/ibbss.com\/da\/vores-undervisere\/vores-undervisere-dr-l-brett-baker\/","title":{"rendered":"Vores undervisere &#8211; Dr. L Brett Baker"},"content":{"rendered":"\n<div class=\"gb-element-a4058368\">\n<div class=\"gb-element-ac7a1dbc\">\n<div>\n<img loading=\"lazy\" decoding=\"async\" width=\"399\" height=\"600\" class=\"gb-media-fe8716a9\" alt=\"\" src=\"http:\/\/www.ibbss.com\/wp-content\/uploads\/2025\/07\/Brett-Baker.jpg\" title=\"Brett Baker\">\n<\/div>\n\n\n\n<div>\n<blockquote class=\"wp-block-quote is-layout-flow wp-block-quote-is-layout-flow\">\n<p><strong>Dr. L. Brett Baker \u2013 basununderviser og dirigent<\/strong><\/p>\n\n\n\n<p>Dr. L. Brett Baker er internationalt anerkendt som en af de f\u00f8rende basunsolister i sin generation. Kendt for sit ekspressive spil, fejlfrie teknik og banebrydende \u00e5nd har Brett opbygget et globalt ry gennem et bem\u00e6rkelsesv\u00e6rdigt soloarbejde, der sp\u00e6nder over indspilninger, liveoptr\u00e6dener og uddannelsesm\u00e6ssig formidling. <\/p>\n\n\n\n<p>Som en passioneret fortaler for ny musik har Brett bestilt over <strong>100 solov\u00e6rker<\/strong> til basunen og samarbejdet med mange af nutidens f\u00f8rende komponister. Han er en af <strong>de mest indspillede messingbl\u00e6sersolister<\/strong> i verden og har udgivet over <strong>40 soloalbum<\/strong>, herunder otte under sit eget pladeselskab, <em>White River Evocations<\/em>. Han har medvirket som g\u00e6stesolist p\u00e5 yderligere 40 indspilninger p\u00e5 tv\u00e6rs af st\u00f8rre brass band og klassiske pladeselskaber.  <\/p>\n\n\n\n<p>Bretts solokarriere har f\u00f8rt ham over hele Storbritannien, Europa, USA, Australien, Sydamerika og Asien, hvor han har optr\u00e5dt p\u00e5 f\u00f8rende spillesteder og festivaler, herunder <strong>International Trombone Festival<\/strong>, <strong>Trombonanza<\/strong> og <strong>American Trombone Workshop<\/strong>. Hans koncertprogram omfatter op til <strong>50 solooptr\u00e6dener \u00e5rligt<\/strong>, hvor han ogs\u00e5 afholder masterclasses og workshops om soloteknik og performancekunst. <\/p>\n\n\n\n<p>Tidligere var Brett f\u00f8rstebasunist i det legendariske <strong>Black Dyke Band<\/strong> i 24 \u00e5r, og nu har han solobasunpladsen i <strong>Cory Band<\/strong>, Storbritanniens h\u00f8jest rangerede brass band. Hans kunstneriske evner har indbragt ham anerkendelser s\u00e5som <strong>British Open Solo Championship-titlen<\/strong> (tre gange) og <strong>International Trombone Associations President&#8217;s Award<\/strong> i 2020. <\/p>\n\n\n\n<p>Ud over at optr\u00e6de fungerer Brett som <strong>salgsdirekt\u00f8r og global kunstnerkontakt for Denis Wick &amp; Alliance Products<\/strong> og har l\u00e6nge v\u00e6ret <strong>kunstner for Michael Rath Brass Instruments<\/strong>, med hvem han har v\u00e6ret med til at udvikle sit eget signaturmundstykke. Som respekteret underviser og dirigent er Brett ogs\u00e5 formand for <strong>Association of Brass Band Adjudicators<\/strong> og forts\u00e6tter med at p\u00e5virke messingbl\u00e6sernes fremtid gennem sin undervisning og mentorskab. <\/p>\n<\/blockquote>\n\n\n\n<p class=\"gb-text\">Siden Brett blev medlem af <strong>Black Dyke<\/strong> i 2000 under Dr. Nicholas Childs, har han spillet en central rolle i adskillige store mesterskabssejre og internationale turn\u00e9er, og medvirket p\u00e5 over et dusin af orkestrets indspilninger. Han har ogs\u00e5 v\u00e6ret g\u00e6stesolist og underviser p\u00e5 tv\u00e6rs af <strong>Nord- og Sydamerika, Europa, Australasien<\/strong> og <strong>Storbritannien<\/strong>, hvor han har givet recitaler og masterclasses p\u00e5 f\u00f8rende konservatorier og festivaler. &nbsp;<\/p>\n\n\n\n<p class=\"gb-text\">Som engageret underviser arbejder Brett med <strong>National Children&#8217;s Brass Band of Great Britain<\/strong> og har langvarige roller i ungdomsmessingbl\u00e6ser-initiativer i Storbritannien og udlandet. Som tidligere <strong>formand for British Trombone Society<\/strong> er han dedikeret til at udvide trombonens solorepertoire og har bestilt over 30 nye v\u00e6rker fra komponister, herunder <strong>Philip Wilby<\/strong>, <strong>Philip Harper<\/strong> og <strong>Martin Ellerby<\/strong>. &nbsp;<\/p>\n\n\n\n<p class=\"gb-text\">Brett bor i <strong>Cheshire<\/strong> med sin hustru Sarah og er i stigende grad aktiv som dirigent og dommer, hvor han forts\u00e6tter med at forme messingbl\u00e6serverdenens fremtid gennem optr\u00e6den, uddannelse og formidling.&nbsp;<\/p>\n<\/div>\n<\/div>\n<\/div>\n","protected":false},"excerpt":{"rendered":"<p>Dr. L. Brett Baker \u2013 basununderviser og dirigent Dr. L. Brett Baker er internationalt anerkendt som en af de f\u00f8rende basunsolister i sin generation. Kendt for sit ekspressive spil, fejlfrie teknik og banebrydende \u00e5nd har Brett opbygget et globalt ry gennem et bem\u00e6rkelsesv\u00e6rdigt soloarbejde, der sp\u00e6nder over indspilninger, liveoptr\u00e6dener og uddannelsesm\u00e6ssig formidling. Som en passioneret &#8230; <a title=\"Vores undervisere &#8211; Dr. L Brett Baker\" class=\"read-more\" href=\"https:\/\/ibbss.com\/da\/vores-undervisere\/vores-undervisere-dr-l-brett-baker\/\" aria-label=\"Read more about Vores undervisere &#8211; Dr. L Brett Baker\">L\u00e6s Mere<\/a><\/p>\n","protected":false},"author":5,"featured_media":0,"parent":1222,"menu_order":0,"comment_status":"closed","ping_status":"closed","template":"","meta":{"_acf_changed":false,"footnotes":""},"class_list":["post-1619","page","type-page","status-publish"],"acf":[],"_links":{"self":[{"href":"https:\/\/ibbss.com\/da\/wp-json\/wp\/v2\/pages\/1619","targetHints":{"allow":["GET"]}}],"collection":[{"href":"https:\/\/ibbss.com\/da\/wp-json\/wp\/v2\/pages"}],"about":[{"href":"https:\/\/ibbss.com\/da\/wp-json\/wp\/v2\/types\/page"}],"author":[{"embeddable":true,"href":"https:\/\/ibbss.com\/da\/wp-json\/wp\/v2\/users\/5"}],"replies":[{"embeddable":true,"href":"https:\/\/ibbss.com\/da\/wp-json\/wp\/v2\/comments?post=1619"}],"version-history":[{"count":2,"href":"https:\/\/ibbss.com\/da\/wp-json\/wp\/v2\/pages\/1619\/revisions"}],"predecessor-version":[{"id":1972,"href":"https:\/\/ibbss.com\/da\/wp-json\/wp\/v2\/pages\/1619\/revisions\/1972"}],"up":[{"embeddable":true,"href":"https:\/\/ibbss.com\/da\/wp-json\/wp\/v2\/pages\/1222"}],"wp:attachment":[{"href":"https:\/\/ibbss.com\/da\/wp-json\/wp\/v2\/media?parent=1619"}],"curies":[{"name":"wp","href":"https:\/\/api.w.org\/{rel}","templated":true}]}}