{"id":1571,"date":"2025-07-30T11:52:26","date_gmt":"2025-07-30T10:52:26","guid":{"rendered":"https:\/\/ibbss.com\/vores-undervisere\/vores-undervisere-matthew-routley\/"},"modified":"2025-11-19T17:46:33","modified_gmt":"2025-11-19T17:46:33","slug":"vores-undervisere-matthew-routley","status":"publish","type":"page","link":"https:\/\/ibbss.com\/da\/vores-undervisere\/vores-undervisere-matthew-routley\/","title":{"rendered":"Vores undervisere &#8211; Matthew Routley"},"content":{"rendered":"\n<div class=\"gb-element-a4058368\">\n<div class=\"gb-element-ac7a1dbc\">\n<div>\n<img loading=\"lazy\" decoding=\"async\" width=\"600\" height=\"600\" class=\"gb-media-fe8716a9\" alt=\"\" src=\"http:\/\/www.ibbss.com\/wp-content\/uploads\/2025\/07\/Matthew-Routely.jpg\" title=\"Matthew Routley\" srcset=\"https:\/\/ibbss.com\/wp-content\/uploads\/2025\/07\/Matthew-Routely.jpg 600w, https:\/\/ibbss.com\/wp-content\/uploads\/2025\/07\/Matthew-Routely-300x300.jpg 300w, https:\/\/ibbss.com\/wp-content\/uploads\/2025\/07\/Matthew-Routely-100x100.jpg 100w\" sizes=\"auto, (max-width: 600px) 100vw, 600px\" \/>\n<\/div>\n\n\n\n<div>\n<p class=\"gb-text\"><strong>Matthew Routley<\/strong> blev f\u00f8dt i <strong>Tredegar<\/strong>, Sydwales, og voksede op i <strong>Abergavenny<\/strong>, hvor han begyndte sin musikalske rejse som syv\u00e5rig p\u00e5 klaver, f\u00f8r han skiftede til messingbl\u00e6ser og fandt sit rette element med <strong>tuba<\/strong> som 15-\u00e5rig. Han modtog tidlig vejledning fra Alun F. Williams og Eric Powell og kom senere til at spille med <strong>Gwent Youth Brass Band<\/strong>, <strong>National Youth Brass Band of Wales<\/strong> og <strong>National Youth Brass Band of Great Britain<\/strong>.  <\/p>\n\n\n\n<p class=\"gb-text\">Matthew studerede musik p\u00e5 <strong>Huddersfield University<\/strong> under Stuart Roebuck og begyndte sin brass band-karriere hos <strong>Sellers Engineering Band<\/strong>, f\u00f8r han i 1994 blev medlem af <strong>Yorkshire Building Society Band<\/strong>. I 1995 blev han medlem af <g id=\"gid_3\">Black Dyke Band<\/g>, hvor han har haft en fremtr\u00e6dende karriere i over 25 \u00e5r. Blandt h\u00f8jdepunkterne er flere nationale &#8220;double&#8221; og &#8220;triple&#8221; mesterskabstitler samt optr\u00e6den i verdensklassevenues som <strong>Sydney Opera House<\/strong>, <strong>Tokyo Metropolitan Hall<\/strong> og <strong>KKL Lucerne<\/strong>.  &nbsp;<\/p>\n\n\n\n<p class=\"gb-text\">Med et stort engagement i ungdomsmusik er Matthew <strong>Tuba-underviser<\/strong> for <strong>National Children&#8217;s Brass Band of Great Britain<\/strong> s\u00e5vel som <strong>Yorkshire<\/strong> og <strong>Gwent Youth Brass Bands<\/strong>. Ved siden af sine musikalske forpligtelser underviser han i <strong>Musik og Scenekunst<\/strong> p\u00e5 <strong>The Sixth Form, Bolton<\/strong> og nyder familielivet og social samv\u00e6r i sin fritid. &nbsp;&nbsp;<\/p>\n<\/div>\n<\/div>\n<\/div>\n","protected":false},"excerpt":{"rendered":"<p>Matthew Routley blev f\u00f8dt i Tredegar, Sydwales, og voksede op i Abergavenny, hvor han begyndte sin musikalske rejse som syv\u00e5rig p\u00e5 klaver, f\u00f8r han skiftede til messingbl\u00e6ser og fandt sit rette element med tuba som 15-\u00e5rig. Han modtog tidlig vejledning fra Alun F. Williams og Eric Powell og kom senere til at spille med Gwent &#8230; <a title=\"Vores undervisere &#8211; Matthew Routley\" class=\"read-more\" href=\"https:\/\/ibbss.com\/da\/vores-undervisere\/vores-undervisere-matthew-routley\/\" aria-label=\"Read more about Vores undervisere &#8211; Matthew Routley\">L\u00e6s Mere<\/a><\/p>\n","protected":false},"author":5,"featured_media":0,"parent":1222,"menu_order":0,"comment_status":"closed","ping_status":"closed","template":"","meta":{"_acf_changed":false,"footnotes":""},"class_list":["post-1571","page","type-page","status-publish"],"acf":[],"_links":{"self":[{"href":"https:\/\/ibbss.com\/da\/wp-json\/wp\/v2\/pages\/1571","targetHints":{"allow":["GET"]}}],"collection":[{"href":"https:\/\/ibbss.com\/da\/wp-json\/wp\/v2\/pages"}],"about":[{"href":"https:\/\/ibbss.com\/da\/wp-json\/wp\/v2\/types\/page"}],"author":[{"embeddable":true,"href":"https:\/\/ibbss.com\/da\/wp-json\/wp\/v2\/users\/5"}],"replies":[{"embeddable":true,"href":"https:\/\/ibbss.com\/da\/wp-json\/wp\/v2\/comments?post=1571"}],"version-history":[{"count":2,"href":"https:\/\/ibbss.com\/da\/wp-json\/wp\/v2\/pages\/1571\/revisions"}],"predecessor-version":[{"id":1929,"href":"https:\/\/ibbss.com\/da\/wp-json\/wp\/v2\/pages\/1571\/revisions\/1929"}],"up":[{"embeddable":true,"href":"https:\/\/ibbss.com\/da\/wp-json\/wp\/v2\/pages\/1222"}],"wp:attachment":[{"href":"https:\/\/ibbss.com\/da\/wp-json\/wp\/v2\/media?parent=1571"}],"curies":[{"name":"wp","href":"https:\/\/api.w.org\/{rel}","templated":true}]}}