{"id":1518,"date":"2025-07-30T11:10:34","date_gmt":"2025-07-30T10:10:34","guid":{"rendered":"https:\/\/ibbss.com\/vores-undervisere\/vores-undervisere-richard-marshall\/"},"modified":"2025-11-19T17:46:07","modified_gmt":"2025-11-19T17:46:07","slug":"vores-undervisere-richard-marshall","status":"publish","type":"page","link":"https:\/\/ibbss.com\/da\/vores-undervisere\/vores-undervisere-richard-marshall\/","title":{"rendered":"Vores undervisere &#8211; Richard Marshall"},"content":{"rendered":"\n<div class=\"gb-element-a4058368\">\n<div class=\"gb-element-ac7a1dbc\">\n<div>\n<img loading=\"lazy\" decoding=\"async\" width=\"550\" height=\"824\" class=\"gb-media-fe8716a9\" alt=\"\" src=\"http:\/\/www.ibbss.com\/wp-content\/uploads\/2025\/07\/Richard-Marshall.jpg\" title=\"Richard Marshall\" srcset=\"https:\/\/ibbss.com\/wp-content\/uploads\/2025\/07\/Richard-Marshall.jpg 550w, https:\/\/ibbss.com\/wp-content\/uploads\/2025\/07\/Richard-Marshall-400x600.jpg 400w\" sizes=\"auto, (max-width: 550px) 100vw, 550px\" \/>\n<\/div>\n\n\n\n<div>\n<p class=\"gb-text\"><strong>Richard Marshall <\/strong>betragtes bredt som en af verdens fineste kornetspillere. Beskrevet af Elgar Howarth som &#8220;den mest fremragende kornetspiller dette land nogensinde har produceret,&#8221; er Richard solokornetist i det legendariske <g id=\"gid_1\">Black Dyke Band<\/g>, hvor han besidder det, der er kendt som &#8220;den varmeste plads i brass band-verdenen.&#8221; F\u00f8r han sluttede sig til bandet i 2006, tilbragte han ti \u00e5r som solokornetist i <strong>Grimethorpe Colliery Band<\/strong>.  &nbsp;<\/p>\n\n\n\n<p>Som en anerkendt solist har Richard udgivet fem soloalbums \u2014 herunder <em>Blaze <\/em>og <em>Eminence<\/em>, som begge blev udn\u00e6vnt til \u00c5rets Solo-CD. Han har uropf\u00f8rt store v\u00e6rker skrevet til ham af f\u00f8rende komponister, herunder Elgar Howarths <g id=\"gid_2\">Sonatina <\/g>og Edward Gregsons <g id=\"gid_3\">Kornetkoncert<\/g>. Hans samarbejde med Philip Wilby f\u00f8rte ogs\u00e5 til udgivelsen af <em>Essentials<\/em>, en moderne kornet-studiebog for avancerede spillere.   <br\/><br\/>Richard er en dedikeret underviser, der underviser p\u00e5 <strong>Royal Northern College of Music<\/strong>, <strong>Birmingham Conservatoire<\/strong> og <strong>Salford University<\/strong>. Han underviser ogs\u00e5 for National Children&#8217;s Brass Band of Great Britain og Yorkshire Youth Brass Band.  <\/p>\n\n\n\n<p>Som <strong>Besson-kunstner og -kliniker<\/strong> spiller Richard udelukkende p\u00e5 Prestige-kornetten med sit eget RM1 Signature-mundstykke. Hans karriere har bragt ham til ikoniske spillesteder rundt om i verden, herunder <strong>Sydney Opera House <\/strong>og <strong>Carnegie Hall<\/strong>, hvilket cementerer hans position som en sand ambassad\u00f8r for brass band-traditionen.  <\/p>\n<\/div>\n<\/div>\n<\/div>\n","protected":false},"excerpt":{"rendered":"<p>Richard Marshall betragtes bredt som en af verdens fineste kornetspillere. Beskrevet af Elgar Howarth som &#8220;den mest fremragende kornetspiller dette land nogensinde har produceret,&#8221; er Richard solokornetist i det legendariske Black Dyke Band, hvor han besidder det, der er kendt som &#8220;den varmeste plads i brass band-verdenen.&#8221; F\u00f8r han sluttede sig til bandet i 2006, &#8230; <a title=\"Vores undervisere &#8211; Richard Marshall\" class=\"read-more\" href=\"https:\/\/ibbss.com\/da\/vores-undervisere\/vores-undervisere-richard-marshall\/\" aria-label=\"Read more about Vores undervisere &#8211; Richard Marshall\">L\u00e6s Mere<\/a><\/p>\n","protected":false},"author":5,"featured_media":0,"parent":1222,"menu_order":0,"comment_status":"closed","ping_status":"closed","template":"","meta":{"_acf_changed":false,"footnotes":""},"class_list":["post-1518","page","type-page","status-publish"],"acf":[],"_links":{"self":[{"href":"https:\/\/ibbss.com\/da\/wp-json\/wp\/v2\/pages\/1518","targetHints":{"allow":["GET"]}}],"collection":[{"href":"https:\/\/ibbss.com\/da\/wp-json\/wp\/v2\/pages"}],"about":[{"href":"https:\/\/ibbss.com\/da\/wp-json\/wp\/v2\/types\/page"}],"author":[{"embeddable":true,"href":"https:\/\/ibbss.com\/da\/wp-json\/wp\/v2\/users\/5"}],"replies":[{"embeddable":true,"href":"https:\/\/ibbss.com\/da\/wp-json\/wp\/v2\/comments?post=1518"}],"version-history":[{"count":2,"href":"https:\/\/ibbss.com\/da\/wp-json\/wp\/v2\/pages\/1518\/revisions"}],"predecessor-version":[{"id":1886,"href":"https:\/\/ibbss.com\/da\/wp-json\/wp\/v2\/pages\/1518\/revisions\/1886"}],"up":[{"embeddable":true,"href":"https:\/\/ibbss.com\/da\/wp-json\/wp\/v2\/pages\/1222"}],"wp:attachment":[{"href":"https:\/\/ibbss.com\/da\/wp-json\/wp\/v2\/media?parent=1518"}],"curies":[{"name":"wp","href":"https:\/\/api.w.org\/{rel}","templated":true}]}}