{"id":1484,"date":"2025-07-30T11:03:33","date_gmt":"2025-07-30T10:03:33","guid":{"rendered":"https:\/\/ibbss.com\/vores-undervisere\/vores-undervisere-nicholas-childs\/"},"modified":"2025-11-19T17:46:00","modified_gmt":"2025-11-19T17:46:00","slug":"vores-undervisere-nicholas-childs","status":"publish","type":"page","link":"https:\/\/ibbss.com\/da\/vores-undervisere\/vores-undervisere-nicholas-childs\/","title":{"rendered":"Vores undervisere &#8211; Nicholas Childs"},"content":{"rendered":"\n<div class=\"gb-element-a4058368\">\n<div class=\"gb-element-ac7a1dbc\">\n<div>\n<img loading=\"lazy\" decoding=\"async\" width=\"257\" height=\"385\" class=\"gb-media-fe8716a9\" alt=\"\" src=\"http:\/\/www.ibbss.com\/wp-content\/uploads\/2025\/07\/Nick-Childs-1-1.jpg\" title=\"Nick Childs\">\n<\/div>\n\n\n\n<div>\n<p><strong>Prof. Nicholas Childs<\/strong> er en globalt anerkendt dirigent, euphoniumsolist, producer og underviser, der er bredt anerkendt for sit lederskab i messingbl\u00e6serverdenen. Hans tidlige succes kom ved at optr\u00e6de internationalt med sin bror som <em>The Childs Brothers<\/em>, hvor de f\u00e6ngslede publikum i store koncertsale over hele kloden. <\/p>\n\n\n\n<p>Som Principal Conductor og Director of Music for det verdensber\u00f8mte <strong>Black Dyke Band<\/strong> har Dr. Childs opn\u00e5et vedvarende konkurrencesucces og ledet en b\u00f8lge af innovation gennem dristig programmering og store premierer af komponister som Philip Wilby, Michael Ball og Peter Graham. Hans vision\u00e6re lederskab har gjort Black Dyke til en hj\u00f8rnesten i moderne messingbl\u00e6sermusik, herunder skels\u00e6ttende forestillinger p\u00e5 prestigefyldte spillesteder som Londons <strong>Royal Albert Hall<\/strong>.  <\/p>\n\n\n\n<p>Som en passioneret fortaler for ny musik er Dr. Childs grundl\u00e6ggeren af <strong>Doyen Recordings<\/strong>, et banebrydende pladeselskab med det st\u00f8rste katalog af messingbl\u00e6serindspilninger. Hans produktioner sp\u00e6nder over ikoniske v\u00e6rker og samarbejder med ensembler som <strong>International Staff Band<\/strong>, <strong>BBC Philharmonic<\/strong> og <strong>Canadian Brass<\/strong>.  <\/p>\n\n\n\n<p>Ud over scenen er Dr. Childs en respekteret underviser og Senior Tutor i Brass Band Studies ved <strong>Royal Northern College of Music<\/strong>, hvor han har undervist i over et \u00e5rti. Han har ogs\u00e5 stillinger ved <strong>National Youth Brass Band of Great Britain<\/strong>, <strong>Brass Band Heritage Trust<\/strong> og har v\u00e6ret g\u00e6stedirigent for bands i hele Europa, Nordamerika og Asien og vundet nationale mesterskaber i Frankrig, Norge, Skotland og Wales.  <\/p>\n\n\n\n<p>Fra sine r\u00f8dder i Tredegar Youth Band i Wales til toppen af den globale messingbl\u00e6serscene er Dr. Childs fortsat dedikeret til at flytte gr\u00e6nser, vejlede den n\u00e6ste generation og k\u00e6mpe for messingbl\u00e6sertraditionen p\u00e5 verdensscenen. <\/p>\n<\/div>\n<\/div>\n<\/div>\n","protected":false},"excerpt":{"rendered":"<p>Prof. Nicholas Childs er en globalt anerkendt dirigent, euphoniumsolist, producer og underviser, der er bredt anerkendt for sit lederskab i messingbl\u00e6serverdenen. Hans tidlige succes kom ved at optr\u00e6de internationalt med sin bror som The Childs Brothers, hvor de f\u00e6ngslede publikum i store koncertsale over hele kloden. Som Principal Conductor og Director of Music for det &#8230; <a title=\"Vores undervisere &#8211; Nicholas Childs\" class=\"read-more\" href=\"https:\/\/ibbss.com\/da\/vores-undervisere\/vores-undervisere-nicholas-childs\/\" aria-label=\"Read more about Vores undervisere &#8211; Nicholas Childs\">L\u00e6s Mere<\/a><\/p>\n","protected":false},"author":5,"featured_media":0,"parent":1222,"menu_order":0,"comment_status":"closed","ping_status":"closed","template":"","meta":{"_acf_changed":false,"footnotes":""},"class_list":["post-1484","page","type-page","status-publish"],"acf":[],"_links":{"self":[{"href":"https:\/\/ibbss.com\/da\/wp-json\/wp\/v2\/pages\/1484","targetHints":{"allow":["GET"]}}],"collection":[{"href":"https:\/\/ibbss.com\/da\/wp-json\/wp\/v2\/pages"}],"about":[{"href":"https:\/\/ibbss.com\/da\/wp-json\/wp\/v2\/types\/page"}],"author":[{"embeddable":true,"href":"https:\/\/ibbss.com\/da\/wp-json\/wp\/v2\/users\/5"}],"replies":[{"embeddable":true,"href":"https:\/\/ibbss.com\/da\/wp-json\/wp\/v2\/comments?post=1484"}],"version-history":[{"count":2,"href":"https:\/\/ibbss.com\/da\/wp-json\/wp\/v2\/pages\/1484\/revisions"}],"predecessor-version":[{"id":1877,"href":"https:\/\/ibbss.com\/da\/wp-json\/wp\/v2\/pages\/1484\/revisions\/1877"}],"up":[{"embeddable":true,"href":"https:\/\/ibbss.com\/da\/wp-json\/wp\/v2\/pages\/1222"}],"wp:attachment":[{"href":"https:\/\/ibbss.com\/da\/wp-json\/wp\/v2\/media?parent=1484"}],"curies":[{"name":"wp","href":"https:\/\/api.w.org\/{rel}","templated":true}]}}