{"id":1457,"date":"2025-07-30T11:46:58","date_gmt":"2025-07-30T10:46:58","guid":{"rendered":"https:\/\/ibbss.com\/vores-undervisere\/vores-undervisere-chris-williams\/"},"modified":"2025-11-19T17:46:28","modified_gmt":"2025-11-19T17:46:28","slug":"vores-undervisere-chris-williams","status":"publish","type":"page","link":"https:\/\/ibbss.com\/da\/vores-undervisere\/vores-undervisere-chris-williams\/","title":{"rendered":"Vores undervisere &#8211; Chris Williams"},"content":{"rendered":"\n<div class=\"gb-element-a4058368\">\n<div class=\"gb-element-ac7a1dbc\">\n<div>\n<img loading=\"lazy\" decoding=\"async\" width=\"768\" height=\"434\" class=\"gb-media-fe8716a9\" alt=\"\" src=\"http:\/\/www.ibbss.com\/wp-content\/uploads\/2025\/07\/Chris-Williams.jpeg\" title=\"Chris Williams\" srcset=\"https:\/\/ibbss.com\/wp-content\/uploads\/2025\/07\/Chris-Williams.jpeg 768w, https:\/\/ibbss.com\/wp-content\/uploads\/2025\/07\/Chris-Williams-600x339.jpeg 600w\" sizes=\"auto, (max-width: 768px) 100vw, 768px\" \/>\n<\/div>\n\n\n\n<div>\n<p class=\"gb-text\"><strong>Christopher Williams<\/strong> er en walisisk pianist, komponist, dirigent og underviser med en dynamisk karriere, der sp\u00e6nder over performance, indspilning og undervisning. Som kandidat fra <strong>Cardiff University<\/strong> er han i \u00f8jeblikket <strong>assisterende direkt\u00f8r for BBC National Chorus of Wales<\/strong> og fast pianist med <strong>BBC National Orchestra of Wales<\/strong>, hvor han optr\u00e6der ved <strong>BBC Proms<\/strong> og indspiller for <strong>Chandos<\/strong>, <strong>Hyperion<\/strong> og <strong>Naxos<\/strong>.&nbsp;<\/p>\n\n\n\n<p>Siden 1997 har Christopher v\u00e6ret akkompagnat\u00f8r p\u00e5 <strong>Royal Welsh College of Music and Drama<\/strong> og har undervist i klaver p\u00e5 <strong>Cardiff University<\/strong> siden 2001. Han studerede hos Richard McMahon, Simon Shewring og Martin Jones og blev st\u00e6rkt p\u00e5virket af sin f\u00f8rste l\u00e6rer, <g id=\"gid_2\">Walter Ryan<\/g>, som vakte hans interesse for mindre kendte repertoirer. Denne passion f\u00f8rte til opf\u00f8relser af sj\u00e6ldent h\u00f8rte koncerter af <strong>Reinecke<\/strong> og <strong>Rubinstein<\/strong>.   <\/p>\n\n\n\n<p>Som en meget efterspurgt kammermusiker har Christopher samarbejdet med f\u00f8rende kunstnere som <strong>Philippe Schartz<\/strong>, <strong>Catherine Tanner-Williams<\/strong>, <strong>Tim Thorpe<\/strong>, <strong>David Childs<\/strong> og <strong>Tine Thing Helseth<\/strong>, med indspilninger udgivet p\u00e5 <strong>Chandos<\/strong>, <strong>Willowhayne<\/strong> og <strong>Naxos<\/strong>. Hans soloalbum med <strong>Brahms-transkriptioner<\/strong> p\u00e5 Naxos&#8217; Grand Piano-label blev udn\u00e6vnt til <em>Ugens CD<\/em> p\u00e5 NDR Kultur og rost for sin tekniske brillians og musikalske dybde.  <\/p>\n\n\n\n<p>Som et velkendt ansigt p\u00e5 <strong>BBC TV og radio<\/strong> var Christopher officiel akkompagnat\u00f8r for <strong>BBC Young Musician of the Year 2020<\/strong> og er ogs\u00e5 blevet sendt p\u00e5 <strong>Radio Luxembourg<\/strong> og <strong>NDR<\/strong>. <\/p>\n\n\n\n<p>Som komponist har han skrevet flere v\u00e6rker for bl\u00e6sere, herunder <em>Chaos is a Ladder<\/em> (trombone) og <em>Song of the Narrow Sea<\/em> (trompet), hvor <em>XX Mountains of Abstract Thought<\/em> blev sendt p\u00e5 <strong>Lyric FM<\/strong> og udgivet af <strong>Naxos<\/strong>. .  <\/p>\n<\/div>\n<\/div>\n<\/div>\n","protected":false},"excerpt":{"rendered":"<p>Christopher Williams er en walisisk pianist, komponist, dirigent og underviser med en dynamisk karriere, der sp\u00e6nder over performance, indspilning og undervisning. Som kandidat fra Cardiff University er han i \u00f8jeblikket assisterende direkt\u00f8r for BBC National Chorus of Wales og fast pianist med BBC National Orchestra of Wales, hvor han optr\u00e6der ved BBC Proms og indspiller &#8230; <a title=\"Vores undervisere &#8211; Chris Williams\" class=\"read-more\" href=\"https:\/\/ibbss.com\/da\/vores-undervisere\/vores-undervisere-chris-williams\/\" aria-label=\"Read more about Vores undervisere &#8211; Chris Williams\">L\u00e6s Mere<\/a><\/p>\n","protected":false},"author":5,"featured_media":0,"parent":1222,"menu_order":0,"comment_status":"closed","ping_status":"closed","template":"","meta":{"_acf_changed":false,"footnotes":""},"class_list":["post-1457","page","type-page","status-publish"],"acf":[],"_links":{"self":[{"href":"https:\/\/ibbss.com\/da\/wp-json\/wp\/v2\/pages\/1457","targetHints":{"allow":["GET"]}}],"collection":[{"href":"https:\/\/ibbss.com\/da\/wp-json\/wp\/v2\/pages"}],"about":[{"href":"https:\/\/ibbss.com\/da\/wp-json\/wp\/v2\/types\/page"}],"author":[{"embeddable":true,"href":"https:\/\/ibbss.com\/da\/wp-json\/wp\/v2\/users\/5"}],"replies":[{"embeddable":true,"href":"https:\/\/ibbss.com\/da\/wp-json\/wp\/v2\/comments?post=1457"}],"version-history":[{"count":2,"href":"https:\/\/ibbss.com\/da\/wp-json\/wp\/v2\/pages\/1457\/revisions"}],"predecessor-version":[{"id":1919,"href":"https:\/\/ibbss.com\/da\/wp-json\/wp\/v2\/pages\/1457\/revisions\/1919"}],"up":[{"embeddable":true,"href":"https:\/\/ibbss.com\/da\/wp-json\/wp\/v2\/pages\/1222"}],"wp:attachment":[{"href":"https:\/\/ibbss.com\/da\/wp-json\/wp\/v2\/media?parent=1457"}],"curies":[{"name":"wp","href":"https:\/\/api.w.org\/{rel}","templated":true}]}}