{"id":1425,"date":"2025-07-30T10:41:33","date_gmt":"2025-07-30T09:41:33","guid":{"rendered":"https:\/\/ibbss.com\/vores-undervisere\/vores-undervisere-david-barringer\/"},"modified":"2025-11-19T17:45:54","modified_gmt":"2025-11-19T17:45:54","slug":"vores-undervisere-david-barringer","status":"publish","type":"page","link":"https:\/\/ibbss.com\/da\/vores-undervisere\/vores-undervisere-david-barringer\/","title":{"rendered":"Vores undervisere &#8211; David Barringer"},"content":{"rendered":"\n<div class=\"gb-element-a4058368\">\n<div class=\"gb-element-ac7a1dbc\">\n<div>\n<img loading=\"lazy\" decoding=\"async\" width=\"1206\" height=\"1571\" class=\"gb-media-fe8716a9\" alt=\"\" src=\"http:\/\/www.ibbss.com\/wp-content\/uploads\/2025\/07\/David-Barringer.jpg\" title=\"David Barringer\" srcset=\"https:\/\/ibbss.com\/wp-content\/uploads\/2025\/07\/David-Barringer.jpg 1206w, https:\/\/ibbss.com\/wp-content\/uploads\/2025\/07\/David-Barringer-461x600.jpg 461w, https:\/\/ibbss.com\/wp-content\/uploads\/2025\/07\/David-Barringer-921x1200.jpg 921w, https:\/\/ibbss.com\/wp-content\/uploads\/2025\/07\/David-Barringer-768x1000.jpg 768w, https:\/\/ibbss.com\/wp-content\/uploads\/2025\/07\/David-Barringer-1179x1536.jpg 1179w, https:\/\/ibbss.com\/wp-content\/uploads\/2025\/07\/David-Barringer-600x782.jpg 600w\" sizes=\"auto, (max-width: 1206px) 100vw, 1206px\" \/>\n<\/div>\n\n\n\n<div>\n<p class=\"gb-text\"><strong>David Barringer<\/strong> <strong>MVO MBE<\/strong> er en meget erfaren leder, strategisk planl\u00e6gger og musikalsk direkt\u00f8r med en fremtr\u00e6dende karriere inden for den milit\u00e6re sektor. <\/p>\n\n\n\n<p>Davids omfattende portef\u00f8lje inkluderer musikalsk ledelse og projektledelse af nogle af Storbritanniens mest betydningsfulde statsbegivenheder, s\u00e5som <strong>statsbegravelsen af Hendes Majest\u00e6t Dronning Elizabeth II<\/strong>, for hvilken han blev tildelt <strong>MVO<\/strong> og <strong>kroningen af Kong Charles III<\/strong>.<\/p>\n\n\n\n<p>David tiltr\u00e5dte h\u00e6ren i september 1989 og studerede p\u00e5 Army Junior School of Music, Pirbright. Efterf\u00f8lgende deltog han p\u00e5 <strong>Royal Military School of Music, Kneller Hall.<\/strong> Han tiltr\u00e5dte Coldstream Guards Band i januar 1993 og turnerede over hele verden med dem, herunder en tre m\u00e5neder lang kyst-til-kyst turn\u00e9 i USA og Canada. I sin tid med bandet udviklede han en interesse for brass band-dirigering og tilbragte 2 \u00e5r som fast dirigent for Flowers Brass Band. Han fortsatte derefter med at <strong>repr\u00e6sentere Storbritannien<\/strong> ved den f\u00f8rste europ\u00e6iske \u00c5rets Dirigent-konkurrence i \u00e5r 2000.    <\/p>\n\n\n\n<p>Med en dyb <strong>ekspertise inden for ledelse, strategisk planl\u00e6gning og begivenhedsledelse<\/strong> har David bevist sin evne til at drive komplekse projekter fra id\u00e9 til f\u00e6rdigg\u00f8relse og sikre de <strong>h\u00f8jeste standarder for ekspertise<\/strong> i b\u00e5de milit\u00e6re og civile ceremonielle begivenheder. <\/p>\n\n\n\n<p>Han er ogs\u00e5 en kvalificeret forandringsudviklingspraktiker og ledelsescoach, der bringer en rigdom af erfaring inden for optimering af processer, forbedring af forretningsoperationer og forbedring af teamets pr\u00e6station. <\/p>\n\n\n\n<p>I november 2019 blev han forfremmet til <strong>oberstl\u00f8jtnant<\/strong> og tiltr\u00e5dte stillingen som den <strong>yngste nogensinde Principal Director of Music Army<\/strong>.<br\/>I 2022 blev han udn\u00e6vnt til <strong>kommanderende officer for Bands of the Household Division<\/strong> og har <strong>siden haft tilsyn med al milit\u00e6r musik.<\/strong> <\/p>\n\n\n\n<p>Davids passion for at maksimere talent og drive effektivitet afspejles i hans igangv\u00e6rende arbejde. Hans bidrag til det milit\u00e6re og ceremonielle musikmilj\u00f8, sammen med hans arbejde inden for ledelsescoaching og forandringsledelse, understreger hans engagement i ekspertise og kontinuerlig forbedring.  <\/p>\n\n\n\n<p>Han blev h\u00e6dret med <strong>MBE<\/strong> for sin <strong>exceptionelle service og dedikation<\/strong> til sit felt. <\/p>\n<\/div>\n<\/div>\n<\/div>\n","protected":false},"excerpt":{"rendered":"<p>David Barringer MVO MBE er en meget erfaren leder, strategisk planl\u00e6gger og musikalsk direkt\u00f8r med en fremtr\u00e6dende karriere inden for den milit\u00e6re sektor. Davids omfattende portef\u00f8lje inkluderer musikalsk ledelse og projektledelse af nogle af Storbritanniens mest betydningsfulde statsbegivenheder, s\u00e5som statsbegravelsen af Hendes Majest\u00e6t Dronning Elizabeth II, for hvilken han blev tildelt MVO og kroningen af &#8230; <a title=\"Vores undervisere &#8211; David Barringer\" class=\"read-more\" href=\"https:\/\/ibbss.com\/da\/vores-undervisere\/vores-undervisere-david-barringer\/\" aria-label=\"Read more about Vores undervisere &#8211; David Barringer\">L\u00e6s Mere<\/a><\/p>\n","protected":false},"author":5,"featured_media":0,"parent":1222,"menu_order":0,"comment_status":"closed","ping_status":"closed","template":"","meta":{"_acf_changed":false,"footnotes":""},"class_list":["post-1425","page","type-page","status-publish"],"acf":[],"_links":{"self":[{"href":"https:\/\/ibbss.com\/da\/wp-json\/wp\/v2\/pages\/1425","targetHints":{"allow":["GET"]}}],"collection":[{"href":"https:\/\/ibbss.com\/da\/wp-json\/wp\/v2\/pages"}],"about":[{"href":"https:\/\/ibbss.com\/da\/wp-json\/wp\/v2\/types\/page"}],"author":[{"embeddable":true,"href":"https:\/\/ibbss.com\/da\/wp-json\/wp\/v2\/users\/5"}],"replies":[{"embeddable":true,"href":"https:\/\/ibbss.com\/da\/wp-json\/wp\/v2\/comments?post=1425"}],"version-history":[{"count":2,"href":"https:\/\/ibbss.com\/da\/wp-json\/wp\/v2\/pages\/1425\/revisions"}],"predecessor-version":[{"id":1866,"href":"https:\/\/ibbss.com\/da\/wp-json\/wp\/v2\/pages\/1425\/revisions\/1866"}],"up":[{"embeddable":true,"href":"https:\/\/ibbss.com\/da\/wp-json\/wp\/v2\/pages\/1222"}],"wp:attachment":[{"href":"https:\/\/ibbss.com\/da\/wp-json\/wp\/v2\/media?parent=1425"}],"curies":[{"name":"wp","href":"https:\/\/api.w.org\/{rel}","templated":true}]}}