{"id":1418,"date":"2025-07-30T11:27:21","date_gmt":"2025-07-30T10:27:21","guid":{"rendered":"https:\/\/ibbss.com\/vores-undervisere\/vores-undervisere-gary-curtin\/"},"modified":"2025-11-19T17:46:21","modified_gmt":"2025-11-19T17:46:21","slug":"vores-undervisere-gary-curtin","status":"publish","type":"page","link":"https:\/\/ibbss.com\/da\/vores-undervisere\/vores-undervisere-gary-curtin\/","title":{"rendered":"Vores undervisere &#8211; Gary Curtin"},"content":{"rendered":"\n<div class=\"gb-element-a4058368\">\n<div class=\"gb-element-ac7a1dbc\">\n<div>\n<img loading=\"lazy\" decoding=\"async\" width=\"768\" height=\"512\" class=\"gb-media-fe8716a9\" alt=\"\" src=\"http:\/\/www.ibbss.com\/wp-content\/uploads\/2025\/07\/Gary-Curtain.jpg\" title=\"Gary Curtin\" srcset=\"https:\/\/ibbss.com\/wp-content\/uploads\/2025\/07\/Gary-Curtain.jpg 768w, https:\/\/ibbss.com\/wp-content\/uploads\/2025\/07\/Gary-Curtain-600x400.jpg 600w\" sizes=\"auto, (max-width: 768px) 100vw, 768px\" \/>\n<\/div>\n\n\n\n<div>\n<p class=\"gb-text\"><strong>Gary Curtin<\/strong> er f\u00f8dt i Cork City, Irland. Han begyndte at spille baryton i en alder af 12 \u00e5r og skiftede til euphonium i 1996. Efter sit skift til euphonium forelskede han sig i instrumentets lyd og blev mere og mere overbevist om, at han ville dedikere sin tid til at udvikle sig som spiller og musiker.  &nbsp;<\/p>\n\n\n\n<p>Gary var den f\u00f8rste euphoniumspiller, der studerede p\u00e5 bachelorniveau p\u00e5 Cork School of Music, og han fortsatte med at studere p\u00e5 kandidatniveau ogs\u00e5. I l\u00f8bet af sin tid p\u00e5 Cork School of Music blev han ogs\u00e5 tildelt Yamaha Solo Prize.  <br\/><br\/>Det var et stort skridt for Gary at flytte til Storbritannien, men hans \u00f8nske om at spille p\u00e5 et h\u00f8jere niveau p\u00e5 sit instrument fik overtaget, og i 2005 flyttede han til Manchester. Mens han studerede i et \u00e5r p\u00e5 RNCM under vejledning af Steven Mead, begyndte Gary at fordybe sig i brassband-milj\u00f8et og har spillet solo euphonium med Wingates Band og Fairey (Geneva) Band, f\u00f8r han flyttede til Principal Euphonium-pladsen hos Black Dyke Band.  <\/p>\n\n\n\n<p>Han modtog Geoff Whitham Memorial Award for &#8216;Bedste Euphonium&#8217; ved British Open Championships 2010 i Birmingham Symphony Hall. <br\/>Gary har ogs\u00e5 haft orkestererfaring p\u00e5 b\u00e5de euphonium og bastrompet, idet han har spillet Wagners Ringcyklus ved to lejligheder samt det meste orkestrale euphoniumrepertoire.<\/p>\n<\/div>\n<\/div>\n<\/div>\n","protected":false},"excerpt":{"rendered":"<p>Gary Curtin er f\u00f8dt i Cork City, Irland. Han begyndte at spille baryton i en alder af 12 \u00e5r og skiftede til euphonium i 1996. Efter sit skift til euphonium forelskede han sig i instrumentets lyd og blev mere og mere overbevist om, at han ville dedikere sin tid til at udvikle sig som spiller &#8230; <a title=\"Vores undervisere &#8211; Gary Curtin\" class=\"read-more\" href=\"https:\/\/ibbss.com\/da\/vores-undervisere\/vores-undervisere-gary-curtin\/\" aria-label=\"Read more about Vores undervisere &#8211; Gary Curtin\">L\u00e6s Mere<\/a><\/p>\n","protected":false},"author":5,"featured_media":0,"parent":1222,"menu_order":0,"comment_status":"closed","ping_status":"closed","template":"","meta":{"_acf_changed":false,"footnotes":""},"class_list":["post-1418","page","type-page","status-publish"],"acf":[],"_links":{"self":[{"href":"https:\/\/ibbss.com\/da\/wp-json\/wp\/v2\/pages\/1418","targetHints":{"allow":["GET"]}}],"collection":[{"href":"https:\/\/ibbss.com\/da\/wp-json\/wp\/v2\/pages"}],"about":[{"href":"https:\/\/ibbss.com\/da\/wp-json\/wp\/v2\/types\/page"}],"author":[{"embeddable":true,"href":"https:\/\/ibbss.com\/da\/wp-json\/wp\/v2\/users\/5"}],"replies":[{"embeddable":true,"href":"https:\/\/ibbss.com\/da\/wp-json\/wp\/v2\/comments?post=1418"}],"version-history":[{"count":2,"href":"https:\/\/ibbss.com\/da\/wp-json\/wp\/v2\/pages\/1418\/revisions"}],"predecessor-version":[{"id":1907,"href":"https:\/\/ibbss.com\/da\/wp-json\/wp\/v2\/pages\/1418\/revisions\/1907"}],"up":[{"embeddable":true,"href":"https:\/\/ibbss.com\/da\/wp-json\/wp\/v2\/pages\/1222"}],"wp:attachment":[{"href":"https:\/\/ibbss.com\/da\/wp-json\/wp\/v2\/media?parent=1418"}],"curies":[{"name":"wp","href":"https:\/\/api.w.org\/{rel}","templated":true}]}}