{"id":1222,"date":"2025-07-30T08:57:14","date_gmt":"2025-07-30T07:57:14","guid":{"rendered":"https:\/\/ibbss.com\/vores-undervisere\/"},"modified":"2025-11-19T17:47:14","modified_gmt":"2025-11-19T17:47:14","slug":"vores-undervisere","status":"publish","type":"page","link":"https:\/\/ibbss.com\/da\/vores-undervisere\/","title":{"rendered":"Vores undervisere"},"content":{"rendered":"\n<div class=\"gb-element-a4058368\">\n<div class=\"gb-element-7707f023\">\n<div class=\"gb-element-b31d9707\">\n<img loading=\"lazy\" decoding=\"async\" width=\"1206\" height=\"1571\" class=\"gb-media-8ec20dac\" alt=\"\" src=\"https:\/\/www.ibbss.com\/wp-content\/uploads\/2025\/07\/David-Barringer.jpg\" title=\"David Barringer\" srcset=\"https:\/\/ibbss.com\/wp-content\/uploads\/2025\/07\/David-Barringer.jpg 1206w, https:\/\/ibbss.com\/wp-content\/uploads\/2025\/07\/David-Barringer-461x600.jpg 461w, https:\/\/ibbss.com\/wp-content\/uploads\/2025\/07\/David-Barringer-921x1200.jpg 921w, https:\/\/ibbss.com\/wp-content\/uploads\/2025\/07\/David-Barringer-768x1000.jpg 768w, https:\/\/ibbss.com\/wp-content\/uploads\/2025\/07\/David-Barringer-1179x1536.jpg 1179w, https:\/\/ibbss.com\/wp-content\/uploads\/2025\/07\/David-Barringer-600x782.jpg 600w\" sizes=\"auto, (max-width: 1206px) 100vw, 1206px\" \/>\n\n\n\n<h6 class=\"gb-text\">David Barringer MVO MBE<br>Kursusleder <\/h6>\n\n\n\n<div class=\"gb-element-ac45d944\">\n<p class=\"gb-text\"><strong>David Barringer<\/strong> er en meget erfaren leder, strategisk planl\u00e6gger og musikalsk direkt\u00f8r med en fremtr\u00e6dende karriere i milit\u00e6rsektoren.<\/p>\n<\/div>\n\n\n\n<a class=\"gb-text gb-text-a5060498\" href=\"https:\/\/ibbss.com\/da\/vores-undervisere\/vores-undervisere-david-barringer\/\">L\u00e6s bio<\/a>\n<\/div>\n\n\n\n<div class=\"gb-element-d4bc511a\">\n<img loading=\"lazy\" decoding=\"async\" width=\"257\" height=\"335\" class=\"gb-media-ad1edb5d\" alt=\"\" src=\"http:\/\/www.ibbss.com\/wp-content\/uploads\/2025\/07\/Nick-Childs1-.jpg\" title=\"Nick Childs1\">\n\n\n\n<h6 class=\"gb-text\">Prof. Nicholas Childs <\/h6>\n\n\n\n<div class=\"gb-element-cd6bbb54\">\n<p class=\"gb-text\"><strong>Prof. Nicholas Childs<\/strong> er en globalt anerkendt dirigent, euphoniumsolist, producer og underviser, der er bredt anerkendt for sit lederskab i messingbl\u00e6serverdenen.&nbsp;<\/p>\n<\/div>\n\n\n\n<a class=\"gb-text gb-text-9a4f15ca\" href=\"https:\/\/ibbss.com\/da\/vores-undervisere\/vores-undervisere-nicholas-childs\/\">L\u00e6s bio<\/a>\n<\/div>\n\n\n\n<div class=\"gb-element-40980fb5\">\n<img loading=\"lazy\" decoding=\"async\" width=\"550\" height=\"716\" class=\"gb-media-ba8469b0\" alt=\"\" src=\"https:\/\/www.ibbss.com\/wp-content\/uploads\/2025\/07\/Richard-Marshall1.jpg\" title=\"Richard Marshall1\" srcset=\"https:\/\/ibbss.com\/wp-content\/uploads\/2025\/07\/Richard-Marshall1.jpg 550w, https:\/\/ibbss.com\/wp-content\/uploads\/2025\/07\/Richard-Marshall1-461x600.jpg 461w\" sizes=\"auto, (max-width: 550px) 100vw, 550px\" \/>\n\n\n\n<h6 class=\"gb-text\">Richard Marshall <\/h6>\n\n\n\n<div class=\"gb-element-9e2e3db1\">\n<p class=\"gb-text\"><strong>Richard Marshall<\/strong> er bredt anerkendt som en af verdens fineste kornetspillere. Han er blevet beskrevet som &#8220;den mest fremragende kornetspiller, dette land nogensinde har produceret&#8221;. &nbsp;&nbsp;<\/p>\n<\/div>\n\n\n\n<a class=\"gb-text gb-text-c00c47f0\" href=\"https:\/\/ibbss.com\/da\/vores-undervisere\/vores-undervisere-richard-marshall\/\">L\u00e6s bio<\/a>\n<\/div>\n<\/div>\n\n\n\n<hr class=\"wp-block-separator has-text-color has-contrast-3-color has-alpha-channel-opacity has-contrast-3-background-color has-background is-style-wide\"\/>\n<\/div>\n\n<div class=\"gb-element-a71ef75a\">\n<div class=\"gb-element-5f1ce57c\">\n<div class=\"gb-element-f94ae3bf\">\n<img loading=\"lazy\" decoding=\"async\" width=\"200\" height=\"261\" class=\"gb-media-85271a89\" alt=\"\" src=\"https:\/\/www.ibbss.com\/wp-content\/uploads\/2025\/07\/Owen-Farr1.jpg\" title=\"Owen Farr1\">\n\n\n\n<h6 class=\"gb-text\">Owen Farr <\/h6>\n\n\n\n<div class=\"gb-element-fb966664\">\n<p class=\"gb-text\"><strong>Owen Farr <\/strong>har hjulpet med at s\u00e6tte Pontypool, Syd Wales, p\u00e5 det musikalske landkort med hans verdensklasse tenorhornspil og dedikation til messingundervisning.&nbsp;&nbsp;<br><\/p>\n<\/div>\n\n\n\n<a class=\"gb-text gb-text-f0428e47\" href=\"https:\/\/ibbss.com\/da\/vores-undervisere\/vores-undervisere-owen-farr\/\">L\u00e6s bio<\/a>\n<\/div>\n\n\n\n<div class=\"gb-element-4ad3e136\">\n<img loading=\"lazy\" decoding=\"async\" width=\"393\" height=\"512\" class=\"gb-media-ba976b1d\" alt=\"\" src=\"http:\/\/www.ibbss.com\/wp-content\/uploads\/2025\/07\/Gary-Curtain1.jpg\" title=\"Gary Curtain1\">\n\n\n\n<h6 class=\"gb-text\">Gary Curtin <\/h6>\n\n\n\n<div class=\"gb-element-fb78d03d\">\n<p class=\"gb-text\"><strong>Gary Curtin<\/strong> er f\u00f8dt i Cork City, Irland. Han begyndte at spille baryton i en alder af 12 \u00e5r, men forelskede sig i lyden af euphonium og dedikerede sin tid til dette instrument. &nbsp;&nbsp;<\/p>\n<\/div>\n\n\n\n<a class=\"gb-text gb-text-9bb62daf\" href=\"https:\/\/ibbss.com\/da\/vores-undervisere\/vores-undervisere-gary-curtin\/\">L\u00e6s bio<\/a>\n<\/div>\n\n\n\n<div class=\"gb-element-6967c435\">\n<img loading=\"lazy\" decoding=\"async\" width=\"455\" height=\"594\" class=\"gb-media-5b27ffdd\" alt=\"\" src=\"http:\/\/www.ibbss.com\/wp-content\/uploads\/2025\/07\/Tom-Hutchinson1.jpg\" title=\"Tom Hutchinson1\">\n\n\n\n<h6 class=\"gb-text\">Tom Hutchinson<\/h6>\n\n\n\n<div class=\"gb-element-d53c8ca1\">\n<p class=\"gb-text\"><strong>Tom Hutchinson<\/strong> er en af verdens f\u00f8rende kornetspillere. Han begyndte som 9-\u00e5rig med sit lokale band, <strong>Stannington<\/strong>, og som 15-\u00e5rig ledede han <strong>Rothwell Temperance Band<\/strong>. &nbsp;<\/p>\n<\/div>\n\n\n\n<a class=\"gb-text gb-text-dccdfb16\" href=\"https:\/\/ibbss.com\/da\/vores-undervisere\/vores-undervisere-tom-hutchinson\/\">L\u00e6s bio<\/a>\n<\/div>\n<\/div>\n\n\n\n<hr class=\"wp-block-separator has-text-color has-contrast-3-color has-alpha-channel-opacity has-contrast-3-background-color has-background is-style-wide\"\/>\n<\/div>\n\n<div class=\"gb-element-46904552\">\n<div class=\"gb-element-a66c228f\">\n<div class=\"gb-element-9807e460\">\n<img loading=\"lazy\" decoding=\"async\" width=\"461\" height=\"600\" class=\"gb-media-bb62a2d6\" alt=\"\" src=\"http:\/\/www.ibbss.com\/wp-content\/uploads\/2025\/07\/Matthew-Routely1.jpg\" title=\"Matthew Routely1\">\n\n\n\n<h6 class=\"gb-text\">Matthew Routley<\/h6>\n\n\n\n<div class=\"gb-element-b70043ed\">\n<p class=\"gb-text\"><strong>Matthew Routley<\/strong> voksede op i <strong>Abergavenny<\/strong>, hvor han begyndte sin musikalske rejse i en alder af syv \u00e5r p\u00e5 klaver, f\u00f8r han skiftede til messingbl\u00e6sere og fandt sit hjem p\u00e5 <strong>tuba<\/strong> som 15-\u00e5rig.&nbsp;&nbsp;&nbsp;<\/p>\n<\/div>\n\n\n\n<a class=\"gb-text gb-text-5f3bb1dc\" href=\"https:\/\/ibbss.com\/da\/vores-undervisere\/vores-undervisere-matthew-routley\/\">L\u00e6s bio<\/a>\n<\/div>\n\n\n\n<div class=\"gb-element-2a4e891c\">\n<img loading=\"lazy\" decoding=\"async\" width=\"399\" height=\"520\" class=\"gb-media-0a38ac51\" alt=\"\" src=\"http:\/\/www.ibbss.com\/wp-content\/uploads\/2025\/07\/Brett-Baker1.jpg\" title=\"Brett Baker1\">\n\n\n\n<h6 class=\"gb-text\"> Brett Baker <\/h6>\n\n\n\n<div class=\"gb-element-4e09c93b\">\n<p class=\"gb-text\"><strong>Brett Baker<\/strong> er f\u00f8rstebasunist i <strong>Black Dyke Band<\/strong> og kliniker for <strong>Michael Rath Trombones<\/strong> og den mest indspillede basunsolist i brassbandverdenen.<\/p>\n<\/div>\n\n\n\n<a class=\"gb-text gb-text-9cae0066\" href=\"https:\/\/ibbss.com\/da\/vores-undervisere\/vores-undervisere-dr-l-brett-baker\/\">L\u00e6s bio<\/a>\n<\/div>\n\n\n\n<div class=\"gb-element-597c04d2\">\n<img loading=\"lazy\" decoding=\"async\" width=\"333\" height=\"434\" class=\"gb-media-b94239f0\" alt=\"\" src=\"http:\/\/www.ibbss.com\/wp-content\/uploads\/2025\/07\/Chris-Williams1.jpg\" title=\"Chris Williams1\">\n\n\n\n<h6 class=\"gb-text\">Chris Williams <\/h6>\n\n\n\n<div class=\"gb-element-84e1c7ee\">\n<p class=\"gb-text\"><strong>Christopher Williams<\/strong> er en walisisk pianist, komponist, dirigent og underviser med en dynamisk karriere, der sp\u00e6nder over optr\u00e6den, indspilning og undervisning. <\/p>\n<\/div>\n\n\n\n<a class=\"gb-text gb-text-b1c38440\" href=\"https:\/\/ibbss.com\/da\/vores-undervisere\/vores-undervisere-chris-williams\/\">L\u00e6s bio<\/a>\n<\/div>\n<\/div>\n<\/div>\n","protected":false},"excerpt":{"rendered":"<p>David Barringer MVO MBEKursusleder David Barringer er en meget erfaren leder, strategisk planl\u00e6gger og musikalsk direkt\u00f8r med en fremtr\u00e6dende karriere i milit\u00e6rsektoren. L\u00e6s bio Prof. Nicholas Childs Prof. Nicholas Childs er en globalt anerkendt dirigent, euphoniumsolist, producer og underviser, der er bredt anerkendt for sit lederskab i messingbl\u00e6serverdenen.&nbsp; L\u00e6s bio Richard Marshall Richard Marshall er &#8230; <a title=\"Vores undervisere\" class=\"read-more\" href=\"https:\/\/ibbss.com\/da\/vores-undervisere\/\" aria-label=\"Read more about Vores undervisere\">L\u00e6s Mere<\/a><\/p>\n","protected":false},"author":5,"featured_media":0,"parent":0,"menu_order":5,"comment_status":"closed","ping_status":"closed","template":"","meta":{"_acf_changed":false,"footnotes":""},"class_list":["post-1222","page","type-page","status-publish"],"acf":[],"_links":{"self":[{"href":"https:\/\/ibbss.com\/da\/wp-json\/wp\/v2\/pages\/1222","targetHints":{"allow":["GET"]}}],"collection":[{"href":"https:\/\/ibbss.com\/da\/wp-json\/wp\/v2\/pages"}],"about":[{"href":"https:\/\/ibbss.com\/da\/wp-json\/wp\/v2\/types\/page"}],"author":[{"embeddable":true,"href":"https:\/\/ibbss.com\/da\/wp-json\/wp\/v2\/users\/5"}],"replies":[{"embeddable":true,"href":"https:\/\/ibbss.com\/da\/wp-json\/wp\/v2\/comments?post=1222"}],"version-history":[{"count":4,"href":"https:\/\/ibbss.com\/da\/wp-json\/wp\/v2\/pages\/1222\/revisions"}],"predecessor-version":[{"id":1955,"href":"https:\/\/ibbss.com\/da\/wp-json\/wp\/v2\/pages\/1222\/revisions\/1955"}],"wp:attachment":[{"href":"https:\/\/ibbss.com\/da\/wp-json\/wp\/v2\/media?parent=1222"}],"curies":[{"name":"wp","href":"https:\/\/api.w.org\/{rel}","templated":true}]}}