{"id":1194,"date":"2025-07-30T13:20:18","date_gmt":"2025-07-30T12:20:18","guid":{"rendered":"https:\/\/ibbss.com\/2026-kursus\/"},"modified":"2026-03-27T11:29:30","modified_gmt":"2026-03-27T11:29:30","slug":"2026-kursus","status":"publish","type":"page","link":"https:\/\/ibbss.com\/da\/2026-kursus\/","title":{"rendered":"2026-kursus"},"content":{"rendered":"\n<div class=\"gb-element-6c790050 alignfull\">\n<div class=\"gb-element-6e507a74\">\n<div class=\"gb-element-c17d5481\">\n<h1 class=\"gb-text\">IBBSS <strong>2026 Sommerskole<\/strong><\/h1>\n\n\n\n<h2 class=\"gb-text\">Beliggenhed: <strong>Swansea, Syd Wales<\/strong><\/h2>\n\n\n\n<h3 class=\"gb-text\">Dato: <strong>S\u00f8ndag den 26. juli &#8211; l\u00f8rdag den 1. august<\/strong><\/h3>\n\n\n\n<a class=\"gb-text gbp-button--primary smooth-scroll\" href=\"#book-now\">Tilmeld dig NU<\/a>\n<\/div>\n<\/div>\n<\/div>\n\n<div class=\"gbp-section gb-element-472b84e0\">\n<div class=\"gbp-section__inner gb-element-e31f90c1\">\n<div class=\"gb-element-b9a2c26b\">\n<h2 class=\"gb-text gbp-section__headline gb-text-570e748a\"><strong>2026-kursus<\/strong><\/h2>\n\n\n\n<ul class=\"wp-block-list\">\n<li>6 dage \n<ul class=\"wp-block-list\">\n<li>S\u00f8ndag &#8211; l\u00f8rdag <\/li>\n<\/ul>\n<\/li>\n\n\n\n<li>Halvpension\n<ul class=\"wp-block-list\">\n<li>Morgenmad og aftensmad inkluderet <\/li>\n<\/ul>\n<\/li>\n\n\n\n<li>Swansea UNI campus &#8211; V\u00e6relser med eget bad <\/li>\n\n\n\n<li>Brangwyn Hall<\/li>\n\n\n\n<li><a href=\"https:\/\/www.ibbss.com\/our-tutors\/\" data-type=\"page\" data-id=\"617\">Lektioner fra undervisere i verdensklasse<\/a> <\/li>\n\n\n\n<li>Solooptr\u00e6dener\n<ul class=\"wp-block-list\">\n<li>Fremf\u00f8r den solo, du har arbejdet s\u00e5 h\u00e5rdt p\u00e5, for et publikum med klaverakkompagnement <\/li>\n<\/ul>\n<\/li>\n\n\n\n<li>Aftensarrangementer\n<ul class=\"wp-block-list\">\n<li>Det ville ikke v\u00e6re en sommerskole uden sociale arrangementer! Med bar, sjove optr\u00e6dener og quizzer er der masser at nyde!  <\/li>\n<\/ul>\n<\/li>\n\n\n\n<li>Playing &amp; Conducting Courses\n<ul class=\"wp-block-list\">\n<li>Forbedre dine f\u00e6rdigheder i prima vista, musikalitet og dirigering i vores masterclasses og studiesessioner <\/li>\n<\/ul>\n<\/li>\n\n\n\n<li>Fritid ved stranden\n<ul class=\"wp-block-list\">\n<li>Masser af tid til at slappe af og nyde solen! <\/li>\n<\/ul>\n<\/li>\n<\/ul>\n<\/div>\n\n\n\n<img loading=\"lazy\" decoding=\"async\" width=\"2377\" height=\"2560\" class=\"gb-media-44afe9b9\" alt=\"Internationalt sommerkursus for messingbl\u00e6sere\" title=\"Internationalt sommerkursus for messingbl\u00e6sere\" src=\"https:\/\/ibbss.com\/wp-content\/uploads\/2025\/07\/IMG_5644-1-scaled.jpg\" srcset=\"https:\/\/ibbss.com\/wp-content\/uploads\/2025\/07\/IMG_5644-1-scaled.jpg 2377w, https:\/\/ibbss.com\/wp-content\/uploads\/2025\/07\/IMG_5644-1-557x600.jpg 557w, https:\/\/ibbss.com\/wp-content\/uploads\/2025\/07\/IMG_5644-1-1114x1200.jpg 1114w, https:\/\/ibbss.com\/wp-content\/uploads\/2025\/07\/IMG_5644-1-768x827.jpg 768w, https:\/\/ibbss.com\/wp-content\/uploads\/2025\/07\/IMG_5644-1-1426x1536.jpg 1426w, https:\/\/ibbss.com\/wp-content\/uploads\/2025\/07\/IMG_5644-1-1902x2048.jpg 1902w, https:\/\/ibbss.com\/wp-content\/uploads\/2025\/07\/IMG_5644-1-600x646.jpg 600w\" sizes=\"auto, (max-width: 2377px) 100vw, 2377px\" \/>\n<\/div>\n<\/div>\n\n<div class=\"gb-element-a4058368\" id=\"book-now\">\n<div class=\"gb-element-6748e313\">\n<h2 class=\"gb-text gb-text-6878f411\"><strong>Book nu<\/strong><\/h2>\n\n\n\n<p class=\"gb-text\">Pladserne er begr\u00e6nsede &#8211; sikr Dem Deres plads i dag for at v\u00e6re del af denne unikke musikalske begivenhed.&nbsp;<\/p>\n<\/div>\n\n\n\n<div class=\"wp-block-amelia-events-list-booking-gutenberg-block\"><script>\n  if (typeof hasAmeliaEvent === 'undefined') {\n    var hasAmeliaEvent = true;\n  }\n  if (typeof hasEventApiCall === 'undefined' && ('' === '' && '' !== '1')) {\n    var hasEventApiCall = true;\n  }\n  var hasEventShortcode = (typeof hasEventShortcode === 'undefined') ? false : true;\n  var ameliaShortcodeData = (typeof ameliaShortcodeData === 'undefined') ? [] : ameliaShortcodeData;\n  ameliaShortcodeData.push(\n    {\n      'hasApiCall': (typeof hasEventApiCall !== 'undefined') && hasEventApiCall,\n      'trigger': '',\n      'trigger_type': '',\n      'triggered_form': 'elf',\n      'in_dialog': '',\n      'counter': '1000',\n      'employee': '',\n      'eventId': '',\n      'eventRecurring': 0,\n      'eventTag': \"\",\n      'locationId': \"\"\n    }\n  );\n  var ameliaShortcodeDataTriggered = (typeof ameliaShortcodeDataTriggered === 'undefined') ? [] : ameliaShortcodeDataTriggered;\n  if (ameliaShortcodeData[ameliaShortcodeData.length - 1].trigger !== '') {\n    if (ameliaShortcodeDataTriggered.filter(a => a.counter === ameliaShortcodeData[ameliaShortcodeData.length - 1].counter).length === 0) {\n      ameliaShortcodeDataTriggered.push(ameliaShortcodeData.pop());\n    } else {\n      ameliaShortcodeData.pop()\n    }\n  }\n  if (typeof hasEventApiCall !== 'undefined' && hasEventApiCall) {\n    hasEventApiCall = false;\n  }\n<\/script>\n\n<div\n  id=\"amelia-v2-booking-1000\"\n  class=\"amelia-v2-booking\"\n>\n    <events-list-form-wrapper><\/div>\n<\/div>\n<\/div>\n","protected":false},"excerpt":{"rendered":"<p>IBBSS 2026 Sommerskole Beliggenhed: Swansea, Syd Wales Dato: S\u00f8ndag den 26. juli &#8211; l\u00f8rdag den 1. august Tilmeld dig NU 2026-kursus Book nu Pladserne er begr\u00e6nsede &#8211; sikr Dem Deres plads i dag for at v\u00e6re del af denne unikke musikalske begivenhed.&nbsp;<\/p>\n","protected":false},"author":5,"featured_media":0,"parent":0,"menu_order":2,"comment_status":"closed","ping_status":"closed","template":"","meta":{"_acf_changed":false,"footnotes":""},"class_list":["post-1194","page","type-page","status-publish"],"acf":[],"_links":{"self":[{"href":"https:\/\/ibbss.com\/da\/wp-json\/wp\/v2\/pages\/1194","targetHints":{"allow":["GET"]}}],"collection":[{"href":"https:\/\/ibbss.com\/da\/wp-json\/wp\/v2\/pages"}],"about":[{"href":"https:\/\/ibbss.com\/da\/wp-json\/wp\/v2\/types\/page"}],"author":[{"embeddable":true,"href":"https:\/\/ibbss.com\/da\/wp-json\/wp\/v2\/users\/5"}],"replies":[{"embeddable":true,"href":"https:\/\/ibbss.com\/da\/wp-json\/wp\/v2\/comments?post=1194"}],"version-history":[{"count":3,"href":"https:\/\/ibbss.com\/da\/wp-json\/wp\/v2\/pages\/1194\/revisions"}],"predecessor-version":[{"id":2253,"href":"https:\/\/ibbss.com\/da\/wp-json\/wp\/v2\/pages\/1194\/revisions\/2253"}],"wp:attachment":[{"href":"https:\/\/ibbss.com\/da\/wp-json\/wp\/v2\/media?parent=1194"}],"curies":[{"name":"wp","href":"https:\/\/api.w.org\/{rel}","templated":true}]}}